{"id":79,"date":"2023-03-10T12:00:01","date_gmt":"2023-03-10T12:00:01","guid":{"rendered":"https:\/\/dealestate.ch\/?page_id=79"},"modified":"2023-05-31T06:28:27","modified_gmt":"2023-05-31T06:28:27","slug":"deal-makers","status":"publish","type":"page","link":"https:\/\/dealestate.ch\/it\/deal-makers\/","title":{"rendered":"Creatori Deal"},"content":{"rendered":"<div class=\"wp-block-group has-global-padding is-layout-constrained wp-block-group-is-layout-constrained\">\n<h4 class=\"wp-block-heading\" style=\"padding-bottom:0\">Come acquirente con Deal Estate<\/h4>\n\n\n\n<div style=\"height:10px\" aria-hidden=\"true\" class=\"wp-block-spacer\"><\/div>\n\n\n\n<h5 class=\"wp-block-heading\" style=\"text-transform:none\">Se siete registrati come potenziali acquirenti, Deal Estate vi mostrer\u00e0 le propriet\u00e0 offerte e il venditore, nonch\u00e9 lo stato della procedura in una o pi\u00f9 fasi. Come acquirente registrato, \u00e8 ovviamente possibile utilizzare Deal Estate anche nel ruolo di venditore.<br>Queste sono alcune delle caratteristiche pratiche di Deal Estate per i potenziali acquirenti.<\/h5>\n<\/div>\n\n\n\n<div class=\"wp-block-group dealestate-swiper dealestate-swiper-with-content has-global-padding is-layout-constrained wp-container-core-group-is-layout-e55e9174 wp-block-group-is-layout-constrained\" style=\"padding-top:var(--wp--preset--spacing--30)\">\n<div class=\"wp-block-group swiper is-layout-flow wp-block-group-is-layout-flow\">\n<div class=\"wp-block-columns is-not-stacked-on-mobile swiper-wrapper is-layout-flex wp-container-core-columns-is-layout-28f84493 wp-block-columns-is-layout-flex\">\n<div class=\"wp-block-column is-vertically-aligned-center swiper-slide is-layout-flow wp-block-column-is-layout-flow\" style=\"flex-basis:33.33%\">\n<div class=\"wp-block-columns is-layout-flex wp-container-core-columns-is-layout-28f84493 wp-block-columns-is-layout-flex\">\n<div class=\"wp-block-column is-layout-flow wp-block-column-is-layout-flow\">\n<div class=\"wp-block-group has-global-padding is-layout-constrained wp-block-group-is-layout-constrained\">\n<h4 class=\"wp-block-heading\" style=\"padding-bottom:0\">Sala dati<\/h4>\n\n\n\n<div style=\"height:10px\" aria-hidden=\"true\" class=\"wp-block-spacer\"><\/div>\n\n\n\n<h5 class=\"wp-block-heading\" style=\"text-transform:none\">Ottimizzata per le transazioni immobiliari. Con tutti i requisiti oggi conosciuti: Changelog, Q+A, architettura moderna e molto altro. Tutti i documenti possono essere assegnati fin dall'inizio alla rispettiva fase di vendita.<\/h5>\n\n\n\n<div style=\"height:40px\" aria-hidden=\"true\" class=\"wp-block-spacer\"><\/div>\n<\/div>\n<\/div>\n\n\n\n<div class=\"wp-block-column is-layout-flow wp-block-column-is-layout-flow\">\n<div class=\"wp-block-group arrows is-nowrap is-layout-flex wp-container-core-group-is-layout-6c531013 wp-block-group-is-layout-flex\">\n<div class=\"wp-block-group swiper-button-prev has-global-padding is-layout-constrained wp-block-group-is-layout-constrained\"><\/div>\n\n\n\n<div class=\"wp-block-group swiper-button-next has-global-padding is-layout-constrained wp-block-group-is-layout-constrained\"><\/div>\n<\/div>\n<\/div>\n<\/div>\n\n\n\n<figure class=\"wp-block-image size-full\"><img decoding=\"async\" width=\"1626\" height=\"1035\" src=\"https:\/\/dealestate.ch\/wp-content\/uploads\/2023\/05\/DealEstate_Screenshots_935x595px11_I-1.jpeg\" alt=\"\" class=\"wp-image-84\" srcset=\"https:\/\/dealestate.ch\/wp-content\/uploads\/2023\/05\/DealEstate_Screenshots_935x595px11_I-1.jpeg 935w, https:\/\/dealestate.ch\/wp-content\/uploads\/2023\/05\/DealEstate_Screenshots_935x595px11_I-1-300x191.jpeg 300w, https:\/\/dealestate.ch\/wp-content\/uploads\/2023\/05\/DealEstate_Screenshots_935x595px11_I-1-768x489.jpeg 768w, https:\/\/dealestate.ch\/wp-content\/uploads\/2023\/05\/DealEstate_Screenshots_935x595px11_I-1-18x12.jpeg 18w\" sizes=\"(max-width: 1626px) 100vw, 1626px\" \/><\/figure>\n<\/div>\n\n\n\n<div class=\"wp-block-column is-vertically-aligned-center swiper-slide is-layout-flow wp-block-column-is-layout-flow\" style=\"flex-basis:33.33%\">\n<div class=\"wp-block-columns is-layout-flex wp-container-core-columns-is-layout-28f84493 wp-block-columns-is-layout-flex\">\n<div class=\"wp-block-column is-layout-flow wp-block-column-is-layout-flow\">\n<div class=\"wp-block-group has-global-padding is-layout-constrained wp-block-group-is-layout-constrained\">\n<h4 class=\"wp-block-heading\" style=\"padding-bottom:0\">Funzione chat<\/h4>\n\n\n\n<div style=\"height:10px\" aria-hidden=\"true\" class=\"wp-block-spacer\"><\/div>\n\n\n\n<h5 class=\"wp-block-heading\" style=\"text-transform:none\">Permette di comunicare direttamente con il venditore.<\/h5>\n\n\n\n<div style=\"height:40px\" aria-hidden=\"true\" class=\"wp-block-spacer\"><\/div>\n<\/div>\n<\/div>\n\n\n\n<div class=\"wp-block-column is-layout-flow wp-block-column-is-layout-flow\">\n<div class=\"wp-block-group arrows is-nowrap is-layout-flex wp-container-core-group-is-layout-6c531013 wp-block-group-is-layout-flex\">\n<div class=\"wp-block-group swiper-button-prev has-global-padding is-layout-constrained wp-block-group-is-layout-constrained\"><\/div>\n\n\n\n<div class=\"wp-block-group swiper-button-next has-global-padding is-layout-constrained wp-block-group-is-layout-constrained\"><\/div>\n<\/div>\n<\/div>\n<\/div>\n\n\n\n<figure class=\"wp-block-image size-full\"><img decoding=\"async\" width=\"1626\" height=\"1035\" src=\"https:\/\/dealestate.ch\/wp-content\/uploads\/2023\/05\/DealEstate_Screenshots_935x595px8K_I.jpeg\" alt=\"\" class=\"wp-image-85\" srcset=\"https:\/\/dealestate.ch\/wp-content\/uploads\/2023\/05\/DealEstate_Screenshots_935x595px8K_I.jpeg 935w, https:\/\/dealestate.ch\/wp-content\/uploads\/2023\/05\/DealEstate_Screenshots_935x595px8K_I-300x191.jpeg 300w, https:\/\/dealestate.ch\/wp-content\/uploads\/2023\/05\/DealEstate_Screenshots_935x595px8K_I-768x489.jpeg 768w, https:\/\/dealestate.ch\/wp-content\/uploads\/2023\/05\/DealEstate_Screenshots_935x595px8K_I-18x12.jpeg 18w\" sizes=\"(max-width: 1626px) 100vw, 1626px\" \/><\/figure>\n<\/div>\n\n\n\n<div class=\"wp-block-column is-vertically-aligned-center swiper-slide is-layout-flow wp-block-column-is-layout-flow\" style=\"flex-basis:33.33%\">\n<div class=\"wp-block-columns is-layout-flex wp-container-core-columns-is-layout-28f84493 wp-block-columns-is-layout-flex\">\n<div class=\"wp-block-column is-layout-flow wp-block-column-is-layout-flow\">\n<div class=\"wp-block-group has-global-padding is-layout-constrained wp-block-group-is-layout-constrained\">\n<h4 class=\"wp-block-heading\" style=\"padding-bottom:0\">Appuntamento<\/h4>\n\n\n\n<div style=\"height:10px\" aria-hidden=\"true\" class=\"wp-block-spacer\"><\/div>\n\n\n\n<h5 class=\"wp-block-heading\" style=\"text-transform:none\">Gli appuntamenti per le visite possono essere offerti, organizzati e confermati in modo semplice e comodo tramite Deal Estate.<\/h5>\n\n\n\n<div style=\"height:40px\" aria-hidden=\"true\" class=\"wp-block-spacer\"><\/div>\n<\/div>\n<\/div>\n\n\n\n<div class=\"wp-block-column is-layout-flow wp-block-column-is-layout-flow\">\n<div class=\"wp-block-group arrows is-nowrap is-layout-flex wp-container-core-group-is-layout-6c531013 wp-block-group-is-layout-flex\">\n<div class=\"wp-block-group swiper-button-prev has-global-padding is-layout-constrained wp-block-group-is-layout-constrained\"><\/div>\n\n\n\n<div class=\"wp-block-group swiper-button-next has-global-padding is-layout-constrained wp-block-group-is-layout-constrained\"><\/div>\n<\/div>\n<\/div>\n<\/div>\n\n\n\n<figure class=\"wp-block-image size-full\"><img decoding=\"async\" width=\"1626\" height=\"1035\" src=\"https:\/\/dealestate.ch\/wp-content\/uploads\/2023\/05\/DealEstate_Screenshots_935x595px14K_I.jpeg\" alt=\"\" class=\"wp-image-87\" srcset=\"https:\/\/dealestate.ch\/wp-content\/uploads\/2023\/05\/DealEstate_Screenshots_935x595px14K_I.jpeg 935w, https:\/\/dealestate.ch\/wp-content\/uploads\/2023\/05\/DealEstate_Screenshots_935x595px14K_I-300x191.jpeg 300w, https:\/\/dealestate.ch\/wp-content\/uploads\/2023\/05\/DealEstate_Screenshots_935x595px14K_I-768x489.jpeg 768w, https:\/\/dealestate.ch\/wp-content\/uploads\/2023\/05\/DealEstate_Screenshots_935x595px14K_I-18x12.jpeg 18w\" sizes=\"(max-width: 1626px) 100vw, 1626px\" \/><\/figure>\n<\/div>\n\n\n\n<div class=\"wp-block-column is-vertically-aligned-center swiper-slide is-layout-flow wp-block-column-is-layout-flow\" style=\"flex-basis:33.33%\">\n<div class=\"wp-block-columns is-layout-flex wp-container-core-columns-is-layout-28f84493 wp-block-columns-is-layout-flex\">\n<div class=\"wp-block-column is-layout-flow wp-block-column-is-layout-flow\">\n<div class=\"wp-block-group has-global-padding is-layout-constrained wp-block-group-is-layout-constrained\">\n<h4 class=\"wp-block-heading\" style=\"padding-bottom:0\">Funzione di ricerca<\/h4>\n\n\n\n<div style=\"height:10px\" aria-hidden=\"true\" class=\"wp-block-spacer\"><\/div>\n\n\n\n<h5 class=\"wp-block-heading\" style=\"text-transform:none\">Con criteri di ricerca selezionabili (regione, dimensione e tipo di oggetto); messaggio push quando viene visualizzato un oggetto corrispondente.<\/h5>\n\n\n\n<div style=\"height:40px\" aria-hidden=\"true\" class=\"wp-block-spacer\"><\/div>\n<\/div>\n<\/div>\n\n\n\n<div class=\"wp-block-column is-layout-flow wp-block-column-is-layout-flow\">\n<div class=\"wp-block-group arrows is-nowrap is-layout-flex wp-container-core-group-is-layout-6c531013 wp-block-group-is-layout-flex\">\n<div class=\"wp-block-group swiper-button-prev has-global-padding is-layout-constrained wp-block-group-is-layout-constrained\"><\/div>\n\n\n\n<div class=\"wp-block-group swiper-button-next has-global-padding is-layout-constrained wp-block-group-is-layout-constrained\"><\/div>\n<\/div>\n<\/div>\n<\/div>\n\n\n\n<figure class=\"wp-block-image size-full\"><img decoding=\"async\" width=\"1626\" height=\"1035\" src=\"https:\/\/dealestate.ch\/wp-content\/uploads\/2023\/05\/DealEstate_Screenshots_935x595px12_I-1.jpeg\" alt=\"\" class=\"wp-image-88\" srcset=\"https:\/\/dealestate.ch\/wp-content\/uploads\/2023\/05\/DealEstate_Screenshots_935x595px12_I-1.jpeg 935w, https:\/\/dealestate.ch\/wp-content\/uploads\/2023\/05\/DealEstate_Screenshots_935x595px12_I-1-300x191.jpeg 300w, https:\/\/dealestate.ch\/wp-content\/uploads\/2023\/05\/DealEstate_Screenshots_935x595px12_I-1-768x489.jpeg 768w, https:\/\/dealestate.ch\/wp-content\/uploads\/2023\/05\/DealEstate_Screenshots_935x595px12_I-1-18x12.jpeg 18w\" sizes=\"(max-width: 1626px) 100vw, 1626px\" \/><\/figure>\n<\/div>\n\n\n\n<div class=\"wp-block-column is-vertically-aligned-center swiper-slide is-layout-flow wp-block-column-is-layout-flow\" style=\"flex-basis:33.33%\">\n<div class=\"wp-block-columns is-layout-flex wp-container-core-columns-is-layout-28f84493 wp-block-columns-is-layout-flex\">\n<div class=\"wp-block-column is-layout-flow wp-block-column-is-layout-flow\">\n<div class=\"wp-block-group has-global-padding is-layout-constrained wp-block-group-is-layout-constrained\">\n<h4 class=\"wp-block-heading\" style=\"padding-bottom:0\">Panoramica delle attivit\u00e0<\/h4>\n\n\n\n<div style=\"height:10px\" aria-hidden=\"true\" class=\"wp-block-spacer\"><\/div>\n\n\n\n<h5 class=\"wp-block-heading\" style=\"text-transform:none\">Cruscotto personale con una visione chiaramente strutturata di tutte le attivit\u00e0. Per articoli in vendita, articoli in lavorazione e articoli da acquistare.<\/h5>\n\n\n\n<div style=\"height:40px\" aria-hidden=\"true\" class=\"wp-block-spacer\"><\/div>\n<\/div>\n<\/div>\n\n\n\n<div class=\"wp-block-column is-layout-flow wp-block-column-is-layout-flow\">\n<div class=\"wp-block-group arrows is-nowrap is-layout-flex wp-container-core-group-is-layout-6c531013 wp-block-group-is-layout-flex\">\n<div class=\"wp-block-group swiper-button-prev has-global-padding is-layout-constrained wp-block-group-is-layout-constrained\"><\/div>\n\n\n\n<div class=\"wp-block-group swiper-button-next has-global-padding is-layout-constrained wp-block-group-is-layout-constrained\"><\/div>\n<\/div>\n<\/div>\n<\/div>\n\n\n\n<figure class=\"wp-block-image size-full\"><img decoding=\"async\" width=\"1626\" height=\"1035\" src=\"https:\/\/dealestate.ch\/wp-content\/uploads\/2023\/05\/DealEstate_Screenshots_935x595px2K_I.jpeg\" alt=\"\" class=\"wp-image-90\" srcset=\"https:\/\/dealestate.ch\/wp-content\/uploads\/2023\/05\/DealEstate_Screenshots_935x595px2K_I.jpeg 935w, https:\/\/dealestate.ch\/wp-content\/uploads\/2023\/05\/DealEstate_Screenshots_935x595px2K_I-300x191.jpeg 300w, https:\/\/dealestate.ch\/wp-content\/uploads\/2023\/05\/DealEstate_Screenshots_935x595px2K_I-768x489.jpeg 768w, https:\/\/dealestate.ch\/wp-content\/uploads\/2023\/05\/DealEstate_Screenshots_935x595px2K_I-18x12.jpeg 18w\" sizes=\"(max-width: 1626px) 100vw, 1626px\" \/><\/figure>\n<\/div>\n\n\n\n<div class=\"wp-block-column is-vertically-aligned-center swiper-slide is-layout-flow wp-block-column-is-layout-flow\" style=\"flex-basis:33.33%\">\n<div class=\"wp-block-columns is-layout-flex wp-container-core-columns-is-layout-28f84493 wp-block-columns-is-layout-flex\">\n<div class=\"wp-block-column is-layout-flow wp-block-column-is-layout-flow\">\n<div class=\"wp-block-group has-global-padding is-layout-constrained wp-block-group-is-layout-constrained\">\n<h4 class=\"wp-block-heading\" style=\"padding-bottom:0\">Funzioni di aiuto<\/h4>\n\n\n\n<div style=\"height:10px\" aria-hidden=\"true\" class=\"wp-block-spacer\"><\/div>\n\n\n\n<h5 class=\"wp-block-heading\" style=\"text-transform:none\">Con suggerimenti e consigli su praticamente tutti gli argomenti di Deal Estate.<\/h5>\n\n\n\n<div style=\"height:40px\" aria-hidden=\"true\" class=\"wp-block-spacer\"><\/div>\n<\/div>\n<\/div>\n\n\n\n<div class=\"wp-block-column is-layout-flow wp-block-column-is-layout-flow\">\n<div class=\"wp-block-group arrows is-nowrap is-layout-flex wp-container-core-group-is-layout-6c531013 wp-block-group-is-layout-flex\">\n<div class=\"wp-block-group swiper-button-prev has-global-padding is-layout-constrained wp-block-group-is-layout-constrained\"><\/div>\n\n\n\n<div class=\"wp-block-group swiper-button-next has-global-padding is-layout-constrained wp-block-group-is-layout-constrained\"><\/div>\n<\/div>\n<\/div>\n<\/div>\n\n\n\n<figure class=\"wp-block-image size-full is-resized\"><img decoding=\"async\" src=\"https:\/\/dealestate.ch\/wp-content\/uploads\/2023\/05\/it.jpg\" alt=\"\" class=\"wp-image-295\" width=\"1250\" srcset=\"https:\/\/dealestate.ch\/wp-content\/uploads\/2023\/05\/it.jpg 935w, https:\/\/dealestate.ch\/wp-content\/uploads\/2023\/05\/it-300x191.jpg 300w, https:\/\/dealestate.ch\/wp-content\/uploads\/2023\/05\/it-768x489.jpg 768w, https:\/\/dealestate.ch\/wp-content\/uploads\/2023\/05\/it-18x12.jpg 18w\" sizes=\"(max-width: 935px) 100vw, 935px\" \/><\/figure>\n<\/div>\n\n\n\n<div class=\"wp-block-column is-vertically-aligned-center swiper-slide is-layout-flow wp-block-column-is-layout-flow\" style=\"flex-basis:33.33%\">\n<div class=\"wp-block-columns is-layout-flex wp-container-core-columns-is-layout-28f84493 wp-block-columns-is-layout-flex\">\n<div class=\"wp-block-column is-layout-flow wp-block-column-is-layout-flow\">\n<div class=\"wp-block-group has-global-padding is-layout-constrained wp-block-group-is-layout-constrained\">\n<h4 class=\"wp-block-heading\" style=\"padding-bottom:0\">Panoramica delle offerte<\/h4>\n\n\n\n<div style=\"height:10px\" aria-hidden=\"true\" class=\"wp-block-spacer\"><\/div>\n\n\n\n<h5 class=\"wp-block-heading\" style=\"text-transform:none\">Panoramica delle offerte presentate, compresi gli assistenti invitati.<\/h5>\n\n\n\n<div style=\"height:40px\" aria-hidden=\"true\" class=\"wp-block-spacer\"><\/div>\n<\/div>\n<\/div>\n\n\n\n<div class=\"wp-block-column is-layout-flow wp-block-column-is-layout-flow\">\n<div class=\"wp-block-group arrows is-nowrap is-layout-flex wp-container-core-group-is-layout-6c531013 wp-block-group-is-layout-flex\">\n<div class=\"wp-block-group swiper-button-prev has-global-padding is-layout-constrained wp-block-group-is-layout-constrained\"><\/div>\n\n\n\n<div class=\"wp-block-group swiper-button-next has-global-padding is-layout-constrained wp-block-group-is-layout-constrained\"><\/div>\n<\/div>\n<\/div>\n<\/div>\n\n\n\n<figure class=\"wp-block-image size-full\"><img decoding=\"async\" width=\"1626\" height=\"1035\" src=\"https:\/\/dealestate.ch\/wp-content\/uploads\/2023\/05\/DealEstate_Screenshots_935x595px13_I.jpeg\" alt=\"\" class=\"wp-image-93\" srcset=\"https:\/\/dealestate.ch\/wp-content\/uploads\/2023\/05\/DealEstate_Screenshots_935x595px13_I.jpeg 935w, https:\/\/dealestate.ch\/wp-content\/uploads\/2023\/05\/DealEstate_Screenshots_935x595px13_I-300x191.jpeg 300w, https:\/\/dealestate.ch\/wp-content\/uploads\/2023\/05\/DealEstate_Screenshots_935x595px13_I-768x489.jpeg 768w, https:\/\/dealestate.ch\/wp-content\/uploads\/2023\/05\/DealEstate_Screenshots_935x595px13_I-18x12.jpeg 18w\" sizes=\"(max-width: 1626px) 100vw, 1626px\" \/><\/figure>\n<\/div>\n<\/div>\n\n\n\n<div class=\"wp-block-group swiper-pagination has-global-padding is-layout-constrained wp-block-group-is-layout-constrained\">\n<p><\/p>\n<\/div>\n<\/div>\n<\/div>","protected":false},"excerpt":{"rendered":"<p>Als K\u00e4u\u00adfer bei Deal Es\u00adta\u00adte Sind Sie als m\u00f6g\u00adli\u00adcher K\u00e4u\u00adfer re\u00adgis\u00adtriert, zeigt Ihnen Deal Es\u00adta\u00adte die an\u00adge\u00adbo\u00adte\u00adnen Ob\u00adjek\u00adte und den An\u00adbie\u00adter, eben\u00adso den Stand des ein- oder mehr\u00adstu\u00adfi\u00adgen Ver\u00adfah\u00adrens. Als re\u00adgis\u00adtrier\u00adter K\u00e4u\u00adfer k\u00f6n\u00adnen Sie Deal Es\u00adta\u00adte selbst\u00adver\u00adst\u00e4nd\u00adlich auch in der Rolle als An\u00adbie\u00adter nut\u00adzen.Das sind ei\u00adni\u00adge der prak\u00adti\u00adschen Funk\u00adtio\u00adnen von Deal Es\u00adta\u00adte f\u00fcr po\u00adten\u00adti\u00adel\u00adle K\u00e4u\u00adfer. [&hellip;]<\/p>","protected":false},"author":1,"featured_media":80,"parent":0,"menu_order":0,"comment_status":"closed","ping_status":"closed","template":"","meta":{"footnotes":""},"class_list":["post-79","page","type-page","status-publish","has-post-thumbnail","hentry"],"yoast_head":"<!-- This site is optimized with the Yoast SEO plugin v27.5 - https:\/\/yoast.com\/product\/yoast-seo-wordpress\/ -->\n<title>Deal Makers - DealEstate<\/title>\n<meta name=\"robots\" content=\"index, follow, max-snippet:-1, max-image-preview:large, max-video-preview:-1\" \/>\n<link rel=\"canonical\" href=\"https:\/\/dealestate.ch\/it\/deal-makers\/\" \/>\n<meta property=\"og:locale\" content=\"it_IT\" \/>\n<meta property=\"og:type\" content=\"article\" \/>\n<meta property=\"og:title\" content=\"Deal Makers - DealEstate\" \/>\n<meta property=\"og:description\" content=\"Als K\u00e4u\u00adfer bei Deal Es\u00adta\u00adte Sind Sie als m\u00f6g\u00adli\u00adcher K\u00e4u\u00adfer re\u00adgis\u00adtriert, zeigt Ihnen Deal Es\u00adta\u00adte die an\u00adge\u00adbo\u00adte\u00adnen Ob\u00adjek\u00adte und den An\u00adbie\u00adter, eben\u00adso den Stand des ein- oder mehr\u00adstu\u00adfi\u00adgen Ver\u00adfah\u00adrens. Als re\u00adgis\u00adtrier\u00adter K\u00e4u\u00adfer k\u00f6n\u00adnen Sie Deal Es\u00adta\u00adte selbst\u00adver\u00adst\u00e4nd\u00adlich auch in der Rolle als An\u00adbie\u00adter nut\u00adzen.Das sind ei\u00adni\u00adge der prak\u00adti\u00adschen Funk\u00adtio\u00adnen von Deal Es\u00adta\u00adte f\u00fcr po\u00adten\u00adti\u00adel\u00adle K\u00e4u\u00adfer. [&hellip;]\" \/>\n<meta property=\"og:url\" content=\"https:\/\/dealestate.ch\/it\/deal-makers\/\" \/>\n<meta property=\"og:site_name\" content=\"DealEstate\" \/>\n<meta property=\"article:modified_time\" content=\"2023-05-31T06:28:27+00:00\" \/>\n<meta property=\"og:image\" content=\"https:\/\/dealestate.ch\/wp-content\/uploads\/2023\/03\/makers.jpg\" \/>\n\t<meta property=\"og:image:width\" content=\"1628\" \/>\n\t<meta property=\"og:image:height\" content=\"404\" \/>\n\t<meta property=\"og:image:type\" content=\"image\/jpeg\" \/>\n<meta name=\"twitter:card\" content=\"summary_large_image\" \/>\n<meta name=\"twitter:label1\" content=\"Tempo di lettura stimato\" \/>\n\t<meta name=\"twitter:data1\" content=\"2 minuti\" \/>\n<script type=\"application\/ld+json\" class=\"yoast-schema-graph\">{\"@context\":\"https:\\\/\\\/schema.org\",\"@graph\":[{\"@type\":\"WebPage\",\"@id\":\"https:\\\/\\\/dealestate.ch\\\/deal-makers\\\/\",\"url\":\"https:\\\/\\\/dealestate.ch\\\/deal-makers\\\/\",\"name\":\"Deal Makers - DealEstate\",\"isPartOf\":{\"@id\":\"https:\\\/\\\/dealestate.ch\\\/#website\"},\"primaryImageOfPage\":{\"@id\":\"https:\\\/\\\/dealestate.ch\\\/deal-makers\\\/#primaryimage\"},\"image\":{\"@id\":\"https:\\\/\\\/dealestate.ch\\\/deal-makers\\\/#primaryimage\"},\"thumbnailUrl\":\"https:\\\/\\\/dealestate.ch\\\/wp-content\\\/uploads\\\/2023\\\/03\\\/makers.jpg\",\"datePublished\":\"2023-03-10T12:00:01+00:00\",\"dateModified\":\"2023-05-31T06:28:27+00:00\",\"inLanguage\":\"it-IT\",\"potentialAction\":[{\"@type\":\"ReadAction\",\"target\":[\"https:\\\/\\\/dealestate.ch\\\/deal-makers\\\/\"]}]},{\"@type\":\"ImageObject\",\"inLanguage\":\"it-IT\",\"@id\":\"https:\\\/\\\/dealestate.ch\\\/deal-makers\\\/#primaryimage\",\"url\":\"https:\\\/\\\/dealestate.ch\\\/wp-content\\\/uploads\\\/2023\\\/03\\\/makers.jpg\",\"contentUrl\":\"https:\\\/\\\/dealestate.ch\\\/wp-content\\\/uploads\\\/2023\\\/03\\\/makers.jpg\",\"width\":1628,\"height\":404},{\"@type\":\"WebSite\",\"@id\":\"https:\\\/\\\/dealestate.ch\\\/#website\",\"url\":\"https:\\\/\\\/dealestate.ch\\\/\",\"name\":\"DealEstate\",\"description\":\"Handeln Sie online mit Anlageliegenschaften!\",\"publisher\":{\"@id\":\"https:\\\/\\\/dealestate.ch\\\/#organization\"},\"potentialAction\":[{\"@type\":\"SearchAction\",\"target\":{\"@type\":\"EntryPoint\",\"urlTemplate\":\"https:\\\/\\\/dealestate.ch\\\/?s={search_term_string}\"},\"query-input\":{\"@type\":\"PropertyValueSpecification\",\"valueRequired\":true,\"valueName\":\"search_term_string\"}}],\"inLanguage\":\"it-IT\"},{\"@type\":\"Organization\",\"@id\":\"https:\\\/\\\/dealestate.ch\\\/#organization\",\"name\":\"DealEstate\",\"url\":\"https:\\\/\\\/dealestate.ch\\\/\",\"logo\":{\"@type\":\"ImageObject\",\"inLanguage\":\"it-IT\",\"@id\":\"https:\\\/\\\/dealestate.ch\\\/#\\\/schema\\\/logo\\\/image\\\/\",\"url\":\"https:\\\/\\\/dealestate.ch\\\/wp-content\\\/uploads\\\/2023\\\/02\\\/logo.svg\",\"contentUrl\":\"https:\\\/\\\/dealestate.ch\\\/wp-content\\\/uploads\\\/2023\\\/02\\\/logo.svg\",\"caption\":\"DealEstate\"},\"image\":{\"@id\":\"https:\\\/\\\/dealestate.ch\\\/#\\\/schema\\\/logo\\\/image\\\/\"}}]}<\/script>\n<!-- \/ Yoast SEO plugin. -->","yoast_head_json":{"title":"Deal Makers - DealEstate","robots":{"index":"index","follow":"follow","max-snippet":"max-snippet:-1","max-image-preview":"max-image-preview:large","max-video-preview":"max-video-preview:-1"},"canonical":"https:\/\/dealestate.ch\/it\/deal-makers\/","og_locale":"it_IT","og_type":"article","og_title":"Deal Makers - DealEstate","og_description":"Als K\u00e4u\u00adfer bei Deal Es\u00adta\u00adte Sind Sie als m\u00f6g\u00adli\u00adcher K\u00e4u\u00adfer re\u00adgis\u00adtriert, zeigt Ihnen Deal Es\u00adta\u00adte die an\u00adge\u00adbo\u00adte\u00adnen Ob\u00adjek\u00adte und den An\u00adbie\u00adter, eben\u00adso den Stand des ein- oder mehr\u00adstu\u00adfi\u00adgen Ver\u00adfah\u00adrens. Als re\u00adgis\u00adtrier\u00adter K\u00e4u\u00adfer k\u00f6n\u00adnen Sie Deal Es\u00adta\u00adte selbst\u00adver\u00adst\u00e4nd\u00adlich auch in der Rolle als An\u00adbie\u00adter nut\u00adzen.Das sind ei\u00adni\u00adge der prak\u00adti\u00adschen Funk\u00adtio\u00adnen von Deal Es\u00adta\u00adte f\u00fcr po\u00adten\u00adti\u00adel\u00adle K\u00e4u\u00adfer. [&hellip;]","og_url":"https:\/\/dealestate.ch\/it\/deal-makers\/","og_site_name":"DealEstate","article_modified_time":"2023-05-31T06:28:27+00:00","og_image":[{"width":1628,"height":404,"url":"https:\/\/dealestate.ch\/wp-content\/uploads\/2023\/03\/makers.jpg","type":"image\/jpeg"}],"twitter_card":"summary_large_image","twitter_misc":{"Tempo di lettura stimato":"2 minuti"},"schema":{"@context":"https:\/\/schema.org","@graph":[{"@type":"WebPage","@id":"https:\/\/dealestate.ch\/deal-makers\/","url":"https:\/\/dealestate.ch\/deal-makers\/","name":"Deal Makers - DealEstate","isPartOf":{"@id":"https:\/\/dealestate.ch\/#website"},"primaryImageOfPage":{"@id":"https:\/\/dealestate.ch\/deal-makers\/#primaryimage"},"image":{"@id":"https:\/\/dealestate.ch\/deal-makers\/#primaryimage"},"thumbnailUrl":"https:\/\/dealestate.ch\/wp-content\/uploads\/2023\/03\/makers.jpg","datePublished":"2023-03-10T12:00:01+00:00","dateModified":"2023-05-31T06:28:27+00:00","inLanguage":"it-IT","potentialAction":[{"@type":"ReadAction","target":["https:\/\/dealestate.ch\/deal-makers\/"]}]},{"@type":"ImageObject","inLanguage":"it-IT","@id":"https:\/\/dealestate.ch\/deal-makers\/#primaryimage","url":"https:\/\/dealestate.ch\/wp-content\/uploads\/2023\/03\/makers.jpg","contentUrl":"https:\/\/dealestate.ch\/wp-content\/uploads\/2023\/03\/makers.jpg","width":1628,"height":404},{"@type":"WebSite","@id":"https:\/\/dealestate.ch\/#website","url":"https:\/\/dealestate.ch\/","name":"DealEstate","description":"Handeln Sie online mit Anlageliegenschaften!","publisher":{"@id":"https:\/\/dealestate.ch\/#organization"},"potentialAction":[{"@type":"SearchAction","target":{"@type":"EntryPoint","urlTemplate":"https:\/\/dealestate.ch\/?s={search_term_string}"},"query-input":{"@type":"PropertyValueSpecification","valueRequired":true,"valueName":"search_term_string"}}],"inLanguage":"it-IT"},{"@type":"Organization","@id":"https:\/\/dealestate.ch\/#organization","name":"DealEstate","url":"https:\/\/dealestate.ch\/","logo":{"@type":"ImageObject","inLanguage":"it-IT","@id":"https:\/\/dealestate.ch\/#\/schema\/logo\/image\/","url":"https:\/\/dealestate.ch\/wp-content\/uploads\/2023\/02\/logo.svg","contentUrl":"https:\/\/dealestate.ch\/wp-content\/uploads\/2023\/02\/logo.svg","caption":"DealEstate"},"image":{"@id":"https:\/\/dealestate.ch\/#\/schema\/logo\/image\/"}}]}},"_links":{"self":[{"href":"https:\/\/dealestate.ch\/it\/wp-json\/wp\/v2\/pages\/79","targetHints":{"allow":["GET"]}}],"collection":[{"href":"https:\/\/dealestate.ch\/it\/wp-json\/wp\/v2\/pages"}],"about":[{"href":"https:\/\/dealestate.ch\/it\/wp-json\/wp\/v2\/types\/page"}],"author":[{"embeddable":true,"href":"https:\/\/dealestate.ch\/it\/wp-json\/wp\/v2\/users\/1"}],"replies":[{"embeddable":true,"href":"https:\/\/dealestate.ch\/it\/wp-json\/wp\/v2\/comments?post=79"}],"version-history":[{"count":8,"href":"https:\/\/dealestate.ch\/it\/wp-json\/wp\/v2\/pages\/79\/revisions"}],"predecessor-version":[{"id":331,"href":"https:\/\/dealestate.ch\/it\/wp-json\/wp\/v2\/pages\/79\/revisions\/331"}],"wp:featuredmedia":[{"embeddable":true,"href":"https:\/\/dealestate.ch\/it\/wp-json\/wp\/v2\/media\/80"}],"wp:attachment":[{"href":"https:\/\/dealestate.ch\/it\/wp-json\/wp\/v2\/media?parent=79"}],"curies":[{"name":"wp","href":"https:\/\/api.w.org\/{rel}","templated":true}]}}