{"id":30,"date":"2023-03-08T21:39:55","date_gmt":"2023-03-08T21:39:55","guid":{"rendered":"https:\/\/dealestate.ch\/?page_id=30"},"modified":"2023-03-14T01:45:44","modified_gmt":"2023-03-14T01:45:44","slug":"deal-supports","status":"publish","type":"page","link":"https:\/\/dealestate.ch\/it\/deal-supports\/","title":{"rendered":"Assistenza Deal"},"content":{"rendered":"<h4 class=\"wp-block-heading\" style=\"padding-bottom:0\">Deal Estate risolve volentieri i vostri dubbi<\/h4>\n\n\n\n<div style=\"height:10px\" aria-hidden=\"true\" class=\"wp-block-spacer\"><\/div>\n\n\n\n<h5 class=\"wp-block-heading\" style=\"text-transform:none\">Il software \u00e8 intuitivo. Assegna, richiede la necessaria documentazione e d\u00e0 suggerimenti. Inoltre, informa automaticamente su tutti i procedimenti e le modifiche.  Queste sono le funzionalit\u00e0 pi\u00f9 importanti:<\/h5>\n\n\n\n<div style=\"height:100px\" aria-hidden=\"true\" class=\"wp-block-spacer\"><\/div>\n\n\n\n<div class=\"wp-block-group has-global-padding is-layout-constrained wp-block-group-is-layout-constrained\">\n<figure class=\"wp-block-image size-full\"><img decoding=\"async\" src=\"https:\/\/dealestate.ch\/wp-content\/uploads\/2023\/03\/1-1.svg\" alt=\"\" class=\"wp-image-32\"\/><\/figure>\n\n\n\n<div style=\"height:10px\" aria-hidden=\"true\" class=\"wp-block-spacer\"><\/div>\n\n\n\n<h4 class=\"wp-block-heading\">Funzioni sostenute<\/h4>\n<\/div>\n\n\n\n<div class=\"wp-block-columns dealestate-list is-layout-flex wp-container-core-columns-is-layout-75fdce38 wp-block-columns-is-layout-flex\" style=\"padding-top:var(--wp--preset--spacing--30);padding-bottom:var(--wp--preset--spacing--30)\">\n<div class=\"wp-block-column is-layout-flow wp-block-column-is-layout-flow\" style=\"flex-basis:33.33%\">\n<figure class=\"wp-block-image size-full\"><img decoding=\"async\" width=\"855\" height=\"1024\" src=\"https:\/\/dealestate.ch\/wp-content\/uploads\/2023\/03\/sample-855x1024-1.jpg\" alt=\"\" class=\"wp-image-33\" srcset=\"https:\/\/dealestate.ch\/wp-content\/uploads\/2023\/03\/sample-855x1024-1.jpg 855w, https:\/\/dealestate.ch\/wp-content\/uploads\/2023\/03\/sample-855x1024-1-250x300.jpg 250w, https:\/\/dealestate.ch\/wp-content\/uploads\/2023\/03\/sample-855x1024-1-768x920.jpg 768w\" sizes=\"(max-width: 855px) 100vw, 855px\" \/><\/figure>\n<\/div>\n\n\n\n<div class=\"wp-block-column is-layout-flow wp-block-column-is-layout-flow\" style=\"flex-basis:66.66%\">\n<div class=\"wp-block-group dealestate-list-item has-global-padding is-layout-constrained wp-block-group-is-layout-constrained\" style=\"margin-bottom:var(--wp--preset--spacing--30)\">\n<p>Registrazione come utente<\/p>\n<\/div>\n\n\n\n<div class=\"wp-block-group dealestate-list-item has-global-padding is-layout-constrained wp-block-group-is-layout-constrained\" style=\"margin-bottom:var(--wp--preset--spacing--30)\">\n<p>Inserimento degli immobili<\/p>\n<\/div>\n\n\n\n<div class=\"wp-block-group dealestate-list-item has-global-padding is-layout-constrained wp-block-group-is-layout-constrained\" style=\"margin-bottom:var(--wp--preset--spacing--30)\">\n<p>Gestione di immobili<\/p>\n<\/div>\n\n\n\n<div class=\"wp-block-group dealestate-list-item has-global-padding is-layout-constrained wp-block-group-is-layout-constrained\" style=\"margin-top:0;margin-bottom:var(--wp--preset--spacing--30)\">\n<p>Presentazione delle offerte con gare a una o pi\u00f9 fasi<\/p>\n<\/div>\n\n\n\n<div class=\"wp-block-group dealestate-list-item has-global-padding is-layout-constrained wp-block-group-is-layout-constrained\" style=\"margin-bottom:var(--wp--preset--spacing--30)\">\n<p>Chat e programmazione degli appuntamenti tra acquirente e rivenditore<\/p>\n<\/div>\n\n\n\n<div class=\"wp-block-group dealestate-list-item has-global-padding is-layout-constrained wp-block-group-is-layout-constrained\" style=\"margin-bottom:var(--wp--preset--spacing--30)\">\n<p>Chattare e fissare appuntamenti tra venditore e acquirente<\/p>\n<\/div>\n<\/div>\n<\/div>\n\n\n\n<div class=\"wp-block-group has-global-padding is-layout-constrained wp-block-group-is-layout-constrained\">\n<figure class=\"wp-block-image size-full\"><img decoding=\"async\" src=\"https:\/\/dealestate.ch\/wp-content\/uploads\/2023\/03\/2-1.svg\" alt=\"\" class=\"wp-image-34\"\/><\/figure>\n\n\n\n<div style=\"height:10px\" aria-hidden=\"true\" class=\"wp-block-spacer\"><\/div>\n\n\n\n<h4 class=\"wp-block-heading\">Support<\/h4>\n\n\n\n<div style=\"height:10px\" aria-hidden=\"true\" class=\"wp-block-spacer\"><\/div>\n\n\n\n<p> In caso di domande o dubbi, si prega di contattare Deal Estate via e-mail a <a href=\"mailto:info@\u200bdealestate.\u200bch\">info@\u200bdealestate.\u200bch<\/a>. Vi contatteremo appena possibile. Se necessario, possiamo fornire consulente specifiche su domande generali o su transazioni concrete.<br><br>Dopo la re\u00adgistrazione si ottengono, senza costi aggiuntivi, i dati macro di mercato aggiornati di W\u00fcest Partner AG e l\u2019accesso ai maggiori portali immobiliari nazionali.<\/p>\n<\/div>","protected":false},"excerpt":{"rendered":"<p>Deal Es\u00adta\u00adte hilft bei Fra\u00adgen gerne wei\u00adter Die Soft\u00adware ist selbst\u00ader\u00adkl\u00e4\u00adrend. Sie weist an, fragt nach not\u00adwen\u00addi\u00adgen Do\u00adku\u00admen\u00adten und gibt Tipps. Eben\u00adso in\u00adfor\u00admiert sie au\u00adto\u00adma\u00adtisch \u00fcber alle Vor\u00adg\u00e4n\u00adge und Mu\u00adta\u00adtio\u00adnen. Das sind die wich\u00adtigs\u00adten be\u00adglei\u00adte\u00adten Funk\u00adtio\u00adna\u00adli\u00adt\u00e4\u00adten: As\u00adsis\u00adtier\u00adte Funk\u00adtio\u00adnen Re\u00adgis\u00adtrie\u00adren als Be\u00adnut\u00adzer Er\u00adfas\u00adsen von Ob\u00adjek\u00adten Ver\u00adwal\u00adten von Ob\u00adjek\u00adten Ab\u00adge\u00adben von An\u00adge\u00adbo\u00adten im ein- oder mehr\u00adstu\u00adfi\u00adgen Ver\u00adfah\u00adren [&hellip;]<\/p>","protected":false},"author":1,"featured_media":31,"parent":0,"menu_order":0,"comment_status":"closed","ping_status":"closed","template":"","meta":{"footnotes":""},"class_list":["post-30","page","type-page","status-publish","has-post-thumbnail","hentry"],"yoast_head":"<!-- This site is optimized with the Yoast SEO plugin v27.3 - https:\/\/yoast.com\/product\/yoast-seo-wordpress\/ -->\n<title>Deal Sup\u00adports - DealEstate<\/title>\n<meta name=\"robots\" content=\"index, follow, max-snippet:-1, max-image-preview:large, max-video-preview:-1\" \/>\n<link rel=\"canonical\" href=\"https:\/\/dealestate.ch\/it\/deal-supports\/\" \/>\n<meta property=\"og:locale\" content=\"it_IT\" \/>\n<meta property=\"og:type\" content=\"article\" \/>\n<meta property=\"og:title\" content=\"Deal Sup\u00adports - DealEstate\" \/>\n<meta property=\"og:description\" content=\"Deal Es\u00adta\u00adte hilft bei Fra\u00adgen gerne wei\u00adter Die Soft\u00adware ist selbst\u00ader\u00adkl\u00e4\u00adrend. Sie weist an, fragt nach not\u00adwen\u00addi\u00adgen Do\u00adku\u00admen\u00adten und gibt Tipps. Eben\u00adso in\u00adfor\u00admiert sie au\u00adto\u00adma\u00adtisch \u00fcber alle Vor\u00adg\u00e4n\u00adge und Mu\u00adta\u00adtio\u00adnen. Das sind die wich\u00adtigs\u00adten be\u00adglei\u00adte\u00adten Funk\u00adtio\u00adna\u00adli\u00adt\u00e4\u00adten: As\u00adsis\u00adtier\u00adte Funk\u00adtio\u00adnen Re\u00adgis\u00adtrie\u00adren als Be\u00adnut\u00adzer Er\u00adfas\u00adsen von Ob\u00adjek\u00adten Ver\u00adwal\u00adten von Ob\u00adjek\u00adten Ab\u00adge\u00adben von An\u00adge\u00adbo\u00adten im ein- oder mehr\u00adstu\u00adfi\u00adgen Ver\u00adfah\u00adren [&hellip;]\" \/>\n<meta property=\"og:url\" content=\"https:\/\/dealestate.ch\/it\/deal-supports\/\" \/>\n<meta property=\"og:site_name\" content=\"DealEstate\" \/>\n<meta property=\"article:modified_time\" content=\"2023-03-14T01:45:44+00:00\" \/>\n<meta property=\"og:image\" content=\"https:\/\/dealestate.ch\/wp-content\/uploads\/2023\/03\/cover-assets.jpg\" \/>\n\t<meta property=\"og:image:width\" content=\"2000\" \/>\n\t<meta property=\"og:image:height\" content=\"496\" \/>\n\t<meta property=\"og:image:type\" content=\"image\/jpeg\" \/>\n<meta name=\"twitter:card\" content=\"summary_large_image\" \/>\n<meta name=\"twitter:label1\" content=\"Tempo di lettura stimato\" \/>\n\t<meta name=\"twitter:data1\" content=\"1 minuto\" \/>\n<script type=\"application\/ld+json\" class=\"yoast-schema-graph\">{\"@context\":\"https:\\\/\\\/schema.org\",\"@graph\":[{\"@type\":\"WebPage\",\"@id\":\"https:\\\/\\\/dealestate.ch\\\/deal-supports\\\/\",\"url\":\"https:\\\/\\\/dealestate.ch\\\/deal-supports\\\/\",\"name\":\"Deal Sup\u00adports - DealEstate\",\"isPartOf\":{\"@id\":\"https:\\\/\\\/dealestate.ch\\\/#website\"},\"primaryImageOfPage\":{\"@id\":\"https:\\\/\\\/dealestate.ch\\\/deal-supports\\\/#primaryimage\"},\"image\":{\"@id\":\"https:\\\/\\\/dealestate.ch\\\/deal-supports\\\/#primaryimage\"},\"thumbnailUrl\":\"https:\\\/\\\/dealestate.ch\\\/wp-content\\\/uploads\\\/2023\\\/03\\\/cover-assets.jpg\",\"datePublished\":\"2023-03-08T21:39:55+00:00\",\"dateModified\":\"2023-03-14T01:45:44+00:00\",\"inLanguage\":\"it-IT\",\"potentialAction\":[{\"@type\":\"ReadAction\",\"target\":[\"https:\\\/\\\/dealestate.ch\\\/deal-supports\\\/\"]}]},{\"@type\":\"ImageObject\",\"inLanguage\":\"it-IT\",\"@id\":\"https:\\\/\\\/dealestate.ch\\\/deal-supports\\\/#primaryimage\",\"url\":\"https:\\\/\\\/dealestate.ch\\\/wp-content\\\/uploads\\\/2023\\\/03\\\/cover-assets.jpg\",\"contentUrl\":\"https:\\\/\\\/dealestate.ch\\\/wp-content\\\/uploads\\\/2023\\\/03\\\/cover-assets.jpg\",\"width\":2000,\"height\":496},{\"@type\":\"WebSite\",\"@id\":\"https:\\\/\\\/dealestate.ch\\\/#website\",\"url\":\"https:\\\/\\\/dealestate.ch\\\/\",\"name\":\"DealEstate\",\"description\":\"Handeln Sie online mit Anlageliegenschaften!\",\"publisher\":{\"@id\":\"https:\\\/\\\/dealestate.ch\\\/#organization\"},\"potentialAction\":[{\"@type\":\"SearchAction\",\"target\":{\"@type\":\"EntryPoint\",\"urlTemplate\":\"https:\\\/\\\/dealestate.ch\\\/?s={search_term_string}\"},\"query-input\":{\"@type\":\"PropertyValueSpecification\",\"valueRequired\":true,\"valueName\":\"search_term_string\"}}],\"inLanguage\":\"it-IT\"},{\"@type\":\"Organization\",\"@id\":\"https:\\\/\\\/dealestate.ch\\\/#organization\",\"name\":\"DealEstate\",\"url\":\"https:\\\/\\\/dealestate.ch\\\/\",\"logo\":{\"@type\":\"ImageObject\",\"inLanguage\":\"it-IT\",\"@id\":\"https:\\\/\\\/dealestate.ch\\\/#\\\/schema\\\/logo\\\/image\\\/\",\"url\":\"https:\\\/\\\/dealestate.ch\\\/wp-content\\\/uploads\\\/2023\\\/02\\\/logo.svg\",\"contentUrl\":\"https:\\\/\\\/dealestate.ch\\\/wp-content\\\/uploads\\\/2023\\\/02\\\/logo.svg\",\"caption\":\"DealEstate\"},\"image\":{\"@id\":\"https:\\\/\\\/dealestate.ch\\\/#\\\/schema\\\/logo\\\/image\\\/\"}}]}<\/script>\n<!-- \/ Yoast SEO plugin. -->","yoast_head_json":{"title":"Deal Sup\u00adports - DealEstate","robots":{"index":"index","follow":"follow","max-snippet":"max-snippet:-1","max-image-preview":"max-image-preview:large","max-video-preview":"max-video-preview:-1"},"canonical":"https:\/\/dealestate.ch\/it\/deal-supports\/","og_locale":"it_IT","og_type":"article","og_title":"Deal Sup\u00adports - DealEstate","og_description":"Deal Es\u00adta\u00adte hilft bei Fra\u00adgen gerne wei\u00adter Die Soft\u00adware ist selbst\u00ader\u00adkl\u00e4\u00adrend. Sie weist an, fragt nach not\u00adwen\u00addi\u00adgen Do\u00adku\u00admen\u00adten und gibt Tipps. Eben\u00adso in\u00adfor\u00admiert sie au\u00adto\u00adma\u00adtisch \u00fcber alle Vor\u00adg\u00e4n\u00adge und Mu\u00adta\u00adtio\u00adnen. Das sind die wich\u00adtigs\u00adten be\u00adglei\u00adte\u00adten Funk\u00adtio\u00adna\u00adli\u00adt\u00e4\u00adten: As\u00adsis\u00adtier\u00adte Funk\u00adtio\u00adnen Re\u00adgis\u00adtrie\u00adren als Be\u00adnut\u00adzer Er\u00adfas\u00adsen von Ob\u00adjek\u00adten Ver\u00adwal\u00adten von Ob\u00adjek\u00adten Ab\u00adge\u00adben von An\u00adge\u00adbo\u00adten im ein- oder mehr\u00adstu\u00adfi\u00adgen Ver\u00adfah\u00adren [&hellip;]","og_url":"https:\/\/dealestate.ch\/it\/deal-supports\/","og_site_name":"DealEstate","article_modified_time":"2023-03-14T01:45:44+00:00","og_image":[{"width":2000,"height":496,"url":"https:\/\/dealestate.ch\/wp-content\/uploads\/2023\/03\/cover-assets.jpg","type":"image\/jpeg"}],"twitter_card":"summary_large_image","twitter_misc":{"Tempo di lettura stimato":"1 minuto"},"schema":{"@context":"https:\/\/schema.org","@graph":[{"@type":"WebPage","@id":"https:\/\/dealestate.ch\/deal-supports\/","url":"https:\/\/dealestate.ch\/deal-supports\/","name":"Deal Sup\u00adports - DealEstate","isPartOf":{"@id":"https:\/\/dealestate.ch\/#website"},"primaryImageOfPage":{"@id":"https:\/\/dealestate.ch\/deal-supports\/#primaryimage"},"image":{"@id":"https:\/\/dealestate.ch\/deal-supports\/#primaryimage"},"thumbnailUrl":"https:\/\/dealestate.ch\/wp-content\/uploads\/2023\/03\/cover-assets.jpg","datePublished":"2023-03-08T21:39:55+00:00","dateModified":"2023-03-14T01:45:44+00:00","inLanguage":"it-IT","potentialAction":[{"@type":"ReadAction","target":["https:\/\/dealestate.ch\/deal-supports\/"]}]},{"@type":"ImageObject","inLanguage":"it-IT","@id":"https:\/\/dealestate.ch\/deal-supports\/#primaryimage","url":"https:\/\/dealestate.ch\/wp-content\/uploads\/2023\/03\/cover-assets.jpg","contentUrl":"https:\/\/dealestate.ch\/wp-content\/uploads\/2023\/03\/cover-assets.jpg","width":2000,"height":496},{"@type":"WebSite","@id":"https:\/\/dealestate.ch\/#website","url":"https:\/\/dealestate.ch\/","name":"DealEstate","description":"Handeln Sie online mit Anlageliegenschaften!","publisher":{"@id":"https:\/\/dealestate.ch\/#organization"},"potentialAction":[{"@type":"SearchAction","target":{"@type":"EntryPoint","urlTemplate":"https:\/\/dealestate.ch\/?s={search_term_string}"},"query-input":{"@type":"PropertyValueSpecification","valueRequired":true,"valueName":"search_term_string"}}],"inLanguage":"it-IT"},{"@type":"Organization","@id":"https:\/\/dealestate.ch\/#organization","name":"DealEstate","url":"https:\/\/dealestate.ch\/","logo":{"@type":"ImageObject","inLanguage":"it-IT","@id":"https:\/\/dealestate.ch\/#\/schema\/logo\/image\/","url":"https:\/\/dealestate.ch\/wp-content\/uploads\/2023\/02\/logo.svg","contentUrl":"https:\/\/dealestate.ch\/wp-content\/uploads\/2023\/02\/logo.svg","caption":"DealEstate"},"image":{"@id":"https:\/\/dealestate.ch\/#\/schema\/logo\/image\/"}}]}},"_links":{"self":[{"href":"https:\/\/dealestate.ch\/it\/wp-json\/wp\/v2\/pages\/30","targetHints":{"allow":["GET"]}}],"collection":[{"href":"https:\/\/dealestate.ch\/it\/wp-json\/wp\/v2\/pages"}],"about":[{"href":"https:\/\/dealestate.ch\/it\/wp-json\/wp\/v2\/types\/page"}],"author":[{"embeddable":true,"href":"https:\/\/dealestate.ch\/it\/wp-json\/wp\/v2\/users\/1"}],"replies":[{"embeddable":true,"href":"https:\/\/dealestate.ch\/it\/wp-json\/wp\/v2\/comments?post=30"}],"version-history":[{"count":5,"href":"https:\/\/dealestate.ch\/it\/wp-json\/wp\/v2\/pages\/30\/revisions"}],"predecessor-version":[{"id":126,"href":"https:\/\/dealestate.ch\/it\/wp-json\/wp\/v2\/pages\/30\/revisions\/126"}],"wp:featuredmedia":[{"embeddable":true,"href":"https:\/\/dealestate.ch\/it\/wp-json\/wp\/v2\/media\/31"}],"wp:attachment":[{"href":"https:\/\/dealestate.ch\/it\/wp-json\/wp\/v2\/media?parent=30"}],"curies":[{"name":"wp","href":"https:\/\/api.w.org\/{rel}","templated":true}]}}