{"id":101,"date":"2023-03-10T12:15:49","date_gmt":"2023-03-10T12:15:49","guid":{"rendered":"https:\/\/dealestate.ch\/?page_id=101"},"modified":"2023-05-03T13:04:41","modified_gmt":"2023-05-03T13:04:41","slug":"faq","status":"publish","type":"page","link":"https:\/\/dealestate.ch\/it\/faq\/","title":{"rendered":"FAQ"},"content":{"rendered":"<div class=\"wp-block-group has-global-padding is-layout-constrained wp-block-group-is-layout-constrained\" style=\"padding-bottom:var(--wp--preset--spacing--60)\">\n<h4 class=\"wp-block-heading\" style=\"padding-bottom:0\">Sono domande che ci vengono poste spesso.<\/h4>\n\n\n\n<div style=\"height:10px\" aria-hidden=\"true\" class=\"wp-block-spacer\"><\/div>\n\n\n\n<h5 class=\"wp-block-heading\" style=\"text-transform:none\">Deal Estate \u00e8 intuitivo: ci\u00f2 vale per la registrazione, per l\u2019inserimento di un immobile e per la gara. La piattaforma d\u00e0 sempre delle istruzioni chiare e rende plausibili gli input. In caso di domande, si prega di contattare&nbsp;<strong><a href=\"https:\/\/dealestate.ch\/it\/deal-supports\/\" data-type=\"page\" data-id=\"30\">Deal Sup\u00adport<\/a><\/strong>&nbsp;.&nbsp;<\/h5>\n<\/div>\n\n\n\n<div class=\"wp-block-group dealestate-accordion has-global-padding is-layout-constrained wp-block-group-is-layout-constrained\">\n<p>Chi paga quali costi?<\/p>\n\n\n\n<div class=\"wp-block-group dealestate-accordion-content has-global-padding is-layout-constrained wp-block-group-is-layout-constrained\">\n<p>Il venditore paga le spese di chiusura se ha ricevuto un'offerta corrispondente per l'immobile.<\/p>\n<\/div>\n<\/div>\n\n\n\n<div class=\"wp-block-group dealestate-accordion has-global-padding is-layout-constrained wp-block-group-is-layout-constrained\">\n<p>Dove vengono archiviati i miei dati?<\/p>\n\n\n\n<div class=\"wp-block-group dealestate-accordion-content has-global-padding is-layout-constrained wp-block-group-is-layout-constrained\">\n<p>L'hosting \u00e8 completamente in Svizzera. Nessun dato viene memorizzato all'estero. La sala dati \u00e8 certificata dalla FINMA. Soddisfa i pi\u00f9 elevati requisiti di sicurezza oggi conosciuti.<\/p>\n<\/div>\n<\/div>\n\n\n\n<div class=\"wp-block-group dealestate-accordion has-global-padding is-layout-constrained wp-block-group-is-layout-constrained\">\n<p>Deal Estate valuta i miei dati?<\/p>\n\n\n\n<div class=\"wp-block-group dealestate-accordion-content has-global-padding is-layout-constrained wp-block-group-is-layout-constrained\">\n<p>Deal Estate non analizza i dati n\u00e9 li mette a disposizione di altre persone o societ\u00e0.<\/p>\n<\/div>\n<\/div>\n\n\n\n<div class=\"wp-block-group dealestate-accordion has-global-padding is-layout-constrained wp-block-group-is-layout-constrained\">\n<p>Deal Estate \u00e8 responsabile se un potenziale acquirente non adempie ai suoi obblighi?<\/p>\n\n\n\n<div class=\"wp-block-group dealestate-accordion-content has-global-padding is-layout-constrained wp-block-group-is-layout-constrained\">\n<p>No, Deal Estate si assume la responsabilit\u00e0 solo per i danni derivanti da errori del software.<\/p>\n<\/div>\n<\/div>\n\n\n\n<div class=\"wp-block-group dealestate-accordion has-global-padding is-layout-constrained wp-block-group-is-layout-constrained\">\n<p>Chi stabilisce i tempi per la quotazione di un oggetto?<\/p>\n\n\n\n<div class=\"wp-block-group dealestate-accordion-content has-global-padding is-layout-constrained wp-block-group-is-layout-constrained\">\n<p>Il rivenditore raccoglie tutti i dati dell\u2019immobile e li inoltra a Deal Estate per la plausibilit\u00e0. Successivamente \u00e8 il rivenditore che decide quando inserire l\u2019immobile.<\/p>\n<\/div>\n<\/div>\n\n\n\n<div class=\"wp-block-group dealestate-accordion has-global-padding is-layout-constrained wp-block-group-is-layout-constrained\">\n<p>Posso utilizzare Deal Estate oltre a incaricare un'agenzia immobiliare?<\/p>\n\n\n\n<div class=\"wp-block-group dealestate-accordion-content has-global-padding is-layout-constrained wp-block-group-is-layout-constrained\">\n<p>S\u00ec, la piattaforma offre tutti i requisiti per un processo di vendita strutturato e standardizzato. Non pu\u00f2 per\u00f2 fornire consulenze personalizzate n\u00e9 trasmette know-how specifici.<\/p>\n<\/div>\n<\/div>\n\n\n\n<div class=\"wp-block-group dealestate-accordion has-global-padding is-layout-constrained wp-block-group-is-layout-constrained\">\n<p>Posso vendere la mia casa indipendente tramite la piattaforma?<\/p>\n\n\n\n<div class=\"wp-block-group dealestate-accordion-content has-global-padding is-layout-constrained wp-block-group-is-layout-constrained\">\n<p>La piattaforma \u00e8 progettata per i cosiddetti investimenti immobiliari. Non \u00e8 quindi adatta per il commercio di appartamenti di propriet\u00e0 n\u00e9 di case unifamiliari, ovvero immobili ad uso del proprietario.<\/p>\n<\/div>\n<\/div>\n\n\n\n<div class=\"wp-block-group dealestate-accordion has-global-padding is-layout-constrained wp-block-group-is-layout-constrained\">\n<p>Come posso mettermi in contatto con la controparte come acquirente o venditore?<\/p>\n\n\n\n<div class=\"wp-block-group dealestate-accordion-content has-global-padding is-layout-constrained wp-block-group-is-layout-constrained\">\n<p>Deal Estate ha una funzione chat, che favorisce e semplifica la comunicazione tra le parti.<\/p>\n<\/div>\n<\/div>\n\n\n\n<div class=\"wp-block-group dealestate-accordion has-global-padding is-layout-constrained wp-block-group-is-layout-constrained\">\n<p>Posso mettere in vendita un oggetto sulla piattaforma senza rivelarne l'identit\u00e0?<\/p>\n\n\n\n<div class=\"wp-block-group dealestate-accordion-content has-global-padding is-layout-constrained wp-block-group-is-layout-constrained\">\n<p>Si, ci sono diverse possibilit\u00e0 al riguardo.&nbsp;<br><strong>Possibilit\u00e0 1:<\/strong>&nbsp;In una prima fase vengono fornite solo indicazioni approssimative sull\u2019immobile, ad es: \u201cedificio direzionale nella zona di Basilea\u201d. Gli interessati contattano il rivenditore e sar\u00e0 questo a decidere se e quando concedere loro l\u2019accesso a tutti i dati.&nbsp;<br><strong>Possibilit\u00e0 2:<\/strong>&nbsp;Se, tra le opzioni di vendita, viene selezionata l\u2019opzione \u201cnon pubblico\u201d, l\u2019immobile sar\u00e0 visibile solo a quelle persone che sono state personalmente inviate al processo di vendita.<\/p>\n<\/div>\n<\/div>","protected":false},"excerpt":{"rendered":"<p>Das sind Fra\u00adgen, die oft ge\u00adstellt wer\u00adden. Deal Es\u00adta\u00adte ist selbst\u00ader\u00adkl\u00e4\u00adrend. Das so\u00adwohl bei der Re\u00adgis\u00adtrie\u00adrung als auch beim Auf\u00adschal\u00adten eines Ob\u00adjekts und w\u00e4h\u00adrend der Bie\u00adter\u00adver\u00adfah\u00adren. Die Platt\u00adform gibt je\u00adder\u00adzeit klare An\u00adwei\u00adsun\u00adgen und plau\u00adsi\u00adbi\u00adli\u00adsiert die Ein\u00adga\u00adben. Bei Fra\u00adgen gibt&nbsp;Deal Sup\u00adport&nbsp;Aus\u00adkunft.&nbsp; Wer be\u00adzahlt wel\u00adche Kos\u00adten? Der Verk\u00e4ufer bezahlt sofern f\u00fcr die Liegenschaft ein entsprechendes Angebot eingegangen [&hellip;]<\/p>","protected":false},"author":1,"featured_media":102,"parent":0,"menu_order":0,"comment_status":"closed","ping_status":"closed","template":"","meta":{"footnotes":""},"class_list":["post-101","page","type-page","status-publish","has-post-thumbnail","hentry"],"yoast_head":"<!-- This site is optimized with the Yoast SEO plugin v27.4 - https:\/\/yoast.com\/product\/yoast-seo-wordpress\/ -->\n<title>FAQ - DealEstate<\/title>\n<meta name=\"robots\" content=\"index, follow, max-snippet:-1, max-image-preview:large, max-video-preview:-1\" \/>\n<link rel=\"canonical\" href=\"https:\/\/dealestate.ch\/it\/faq\/\" \/>\n<meta property=\"og:locale\" content=\"it_IT\" \/>\n<meta property=\"og:type\" content=\"article\" \/>\n<meta property=\"og:title\" content=\"FAQ - DealEstate\" \/>\n<meta property=\"og:description\" content=\"Das sind Fra\u00adgen, die oft ge\u00adstellt wer\u00adden. Deal Es\u00adta\u00adte ist selbst\u00ader\u00adkl\u00e4\u00adrend. Das so\u00adwohl bei der Re\u00adgis\u00adtrie\u00adrung als auch beim Auf\u00adschal\u00adten eines Ob\u00adjekts und w\u00e4h\u00adrend der Bie\u00adter\u00adver\u00adfah\u00adren. Die Platt\u00adform gibt je\u00adder\u00adzeit klare An\u00adwei\u00adsun\u00adgen und plau\u00adsi\u00adbi\u00adli\u00adsiert die Ein\u00adga\u00adben. Bei Fra\u00adgen gibt&nbsp;Deal Sup\u00adport&nbsp;Aus\u00adkunft.&nbsp; Wer be\u00adzahlt wel\u00adche Kos\u00adten? Der Verk\u00e4ufer bezahlt sofern f\u00fcr die Liegenschaft ein entsprechendes Angebot eingegangen [&hellip;]\" \/>\n<meta property=\"og:url\" content=\"https:\/\/dealestate.ch\/it\/faq\/\" \/>\n<meta property=\"og:site_name\" content=\"DealEstate\" \/>\n<meta property=\"article:modified_time\" content=\"2023-05-03T13:04:41+00:00\" \/>\n<meta property=\"og:image\" content=\"https:\/\/dealestate.ch\/wp-content\/uploads\/2023\/03\/faq.jpg\" \/>\n\t<meta property=\"og:image:width\" content=\"1628\" \/>\n\t<meta property=\"og:image:height\" content=\"404\" \/>\n\t<meta property=\"og:image:type\" content=\"image\/jpeg\" \/>\n<meta name=\"twitter:card\" content=\"summary_large_image\" \/>\n<meta name=\"twitter:label1\" content=\"Tempo di lettura stimato\" \/>\n\t<meta name=\"twitter:data1\" content=\"3 minuti\" \/>\n<script type=\"application\/ld+json\" class=\"yoast-schema-graph\">{\"@context\":\"https:\\\/\\\/schema.org\",\"@graph\":[{\"@type\":\"WebPage\",\"@id\":\"https:\\\/\\\/dealestate.ch\\\/en\\\/faq\\\/\",\"url\":\"https:\\\/\\\/dealestate.ch\\\/en\\\/faq\\\/\",\"name\":\"FAQ - DealEstate\",\"isPartOf\":{\"@id\":\"https:\\\/\\\/dealestate.ch\\\/#website\"},\"primaryImageOfPage\":{\"@id\":\"https:\\\/\\\/dealestate.ch\\\/en\\\/faq\\\/#primaryimage\"},\"image\":{\"@id\":\"https:\\\/\\\/dealestate.ch\\\/en\\\/faq\\\/#primaryimage\"},\"thumbnailUrl\":\"https:\\\/\\\/dealestate.ch\\\/wp-content\\\/uploads\\\/2023\\\/03\\\/faq.jpg\",\"datePublished\":\"2023-03-10T12:15:49+00:00\",\"dateModified\":\"2023-05-03T13:04:41+00:00\",\"inLanguage\":\"it-IT\",\"potentialAction\":[{\"@type\":\"ReadAction\",\"target\":[\"https:\\\/\\\/dealestate.ch\\\/en\\\/faq\\\/\"]}]},{\"@type\":\"ImageObject\",\"inLanguage\":\"it-IT\",\"@id\":\"https:\\\/\\\/dealestate.ch\\\/en\\\/faq\\\/#primaryimage\",\"url\":\"https:\\\/\\\/dealestate.ch\\\/wp-content\\\/uploads\\\/2023\\\/03\\\/faq.jpg\",\"contentUrl\":\"https:\\\/\\\/dealestate.ch\\\/wp-content\\\/uploads\\\/2023\\\/03\\\/faq.jpg\",\"width\":1628,\"height\":404},{\"@type\":\"WebSite\",\"@id\":\"https:\\\/\\\/dealestate.ch\\\/#website\",\"url\":\"https:\\\/\\\/dealestate.ch\\\/\",\"name\":\"DealEstate\",\"description\":\"Handeln Sie online mit Anlageliegenschaften!\",\"publisher\":{\"@id\":\"https:\\\/\\\/dealestate.ch\\\/#organization\"},\"potentialAction\":[{\"@type\":\"SearchAction\",\"target\":{\"@type\":\"EntryPoint\",\"urlTemplate\":\"https:\\\/\\\/dealestate.ch\\\/?s={search_term_string}\"},\"query-input\":{\"@type\":\"PropertyValueSpecification\",\"valueRequired\":true,\"valueName\":\"search_term_string\"}}],\"inLanguage\":\"it-IT\"},{\"@type\":\"Organization\",\"@id\":\"https:\\\/\\\/dealestate.ch\\\/#organization\",\"name\":\"DealEstate\",\"url\":\"https:\\\/\\\/dealestate.ch\\\/\",\"logo\":{\"@type\":\"ImageObject\",\"inLanguage\":\"it-IT\",\"@id\":\"https:\\\/\\\/dealestate.ch\\\/#\\\/schema\\\/logo\\\/image\\\/\",\"url\":\"https:\\\/\\\/dealestate.ch\\\/wp-content\\\/uploads\\\/2023\\\/02\\\/logo.svg\",\"contentUrl\":\"https:\\\/\\\/dealestate.ch\\\/wp-content\\\/uploads\\\/2023\\\/02\\\/logo.svg\",\"caption\":\"DealEstate\"},\"image\":{\"@id\":\"https:\\\/\\\/dealestate.ch\\\/#\\\/schema\\\/logo\\\/image\\\/\"}}]}<\/script>\n<!-- \/ Yoast SEO plugin. -->","yoast_head_json":{"title":"FAQ - DealEstate","robots":{"index":"index","follow":"follow","max-snippet":"max-snippet:-1","max-image-preview":"max-image-preview:large","max-video-preview":"max-video-preview:-1"},"canonical":"https:\/\/dealestate.ch\/it\/faq\/","og_locale":"it_IT","og_type":"article","og_title":"FAQ - DealEstate","og_description":"Das sind Fra\u00adgen, die oft ge\u00adstellt wer\u00adden. Deal Es\u00adta\u00adte ist selbst\u00ader\u00adkl\u00e4\u00adrend. Das so\u00adwohl bei der Re\u00adgis\u00adtrie\u00adrung als auch beim Auf\u00adschal\u00adten eines Ob\u00adjekts und w\u00e4h\u00adrend der Bie\u00adter\u00adver\u00adfah\u00adren. Die Platt\u00adform gibt je\u00adder\u00adzeit klare An\u00adwei\u00adsun\u00adgen und plau\u00adsi\u00adbi\u00adli\u00adsiert die Ein\u00adga\u00adben. Bei Fra\u00adgen gibt&nbsp;Deal Sup\u00adport&nbsp;Aus\u00adkunft.&nbsp; Wer be\u00adzahlt wel\u00adche Kos\u00adten? Der Verk\u00e4ufer bezahlt sofern f\u00fcr die Liegenschaft ein entsprechendes Angebot eingegangen [&hellip;]","og_url":"https:\/\/dealestate.ch\/it\/faq\/","og_site_name":"DealEstate","article_modified_time":"2023-05-03T13:04:41+00:00","og_image":[{"width":1628,"height":404,"url":"https:\/\/dealestate.ch\/wp-content\/uploads\/2023\/03\/faq.jpg","type":"image\/jpeg"}],"twitter_card":"summary_large_image","twitter_misc":{"Tempo di lettura stimato":"3 minuti"},"schema":{"@context":"https:\/\/schema.org","@graph":[{"@type":"WebPage","@id":"https:\/\/dealestate.ch\/en\/faq\/","url":"https:\/\/dealestate.ch\/en\/faq\/","name":"FAQ - DealEstate","isPartOf":{"@id":"https:\/\/dealestate.ch\/#website"},"primaryImageOfPage":{"@id":"https:\/\/dealestate.ch\/en\/faq\/#primaryimage"},"image":{"@id":"https:\/\/dealestate.ch\/en\/faq\/#primaryimage"},"thumbnailUrl":"https:\/\/dealestate.ch\/wp-content\/uploads\/2023\/03\/faq.jpg","datePublished":"2023-03-10T12:15:49+00:00","dateModified":"2023-05-03T13:04:41+00:00","inLanguage":"it-IT","potentialAction":[{"@type":"ReadAction","target":["https:\/\/dealestate.ch\/en\/faq\/"]}]},{"@type":"ImageObject","inLanguage":"it-IT","@id":"https:\/\/dealestate.ch\/en\/faq\/#primaryimage","url":"https:\/\/dealestate.ch\/wp-content\/uploads\/2023\/03\/faq.jpg","contentUrl":"https:\/\/dealestate.ch\/wp-content\/uploads\/2023\/03\/faq.jpg","width":1628,"height":404},{"@type":"WebSite","@id":"https:\/\/dealestate.ch\/#website","url":"https:\/\/dealestate.ch\/","name":"DealEstate","description":"Handeln Sie online mit Anlageliegenschaften!","publisher":{"@id":"https:\/\/dealestate.ch\/#organization"},"potentialAction":[{"@type":"SearchAction","target":{"@type":"EntryPoint","urlTemplate":"https:\/\/dealestate.ch\/?s={search_term_string}"},"query-input":{"@type":"PropertyValueSpecification","valueRequired":true,"valueName":"search_term_string"}}],"inLanguage":"it-IT"},{"@type":"Organization","@id":"https:\/\/dealestate.ch\/#organization","name":"DealEstate","url":"https:\/\/dealestate.ch\/","logo":{"@type":"ImageObject","inLanguage":"it-IT","@id":"https:\/\/dealestate.ch\/#\/schema\/logo\/image\/","url":"https:\/\/dealestate.ch\/wp-content\/uploads\/2023\/02\/logo.svg","contentUrl":"https:\/\/dealestate.ch\/wp-content\/uploads\/2023\/02\/logo.svg","caption":"DealEstate"},"image":{"@id":"https:\/\/dealestate.ch\/#\/schema\/logo\/image\/"}}]}},"_links":{"self":[{"href":"https:\/\/dealestate.ch\/it\/wp-json\/wp\/v2\/pages\/101","targetHints":{"allow":["GET"]}}],"collection":[{"href":"https:\/\/dealestate.ch\/it\/wp-json\/wp\/v2\/pages"}],"about":[{"href":"https:\/\/dealestate.ch\/it\/wp-json\/wp\/v2\/types\/page"}],"author":[{"embeddable":true,"href":"https:\/\/dealestate.ch\/it\/wp-json\/wp\/v2\/users\/1"}],"replies":[{"embeddable":true,"href":"https:\/\/dealestate.ch\/it\/wp-json\/wp\/v2\/comments?post=101"}],"version-history":[{"count":8,"href":"https:\/\/dealestate.ch\/it\/wp-json\/wp\/v2\/pages\/101\/revisions"}],"predecessor-version":[{"id":232,"href":"https:\/\/dealestate.ch\/it\/wp-json\/wp\/v2\/pages\/101\/revisions\/232"}],"wp:featuredmedia":[{"embeddable":true,"href":"https:\/\/dealestate.ch\/it\/wp-json\/wp\/v2\/media\/102"}],"wp:attachment":[{"href":"https:\/\/dealestate.ch\/it\/wp-json\/wp\/v2\/media?parent=101"}],"curies":[{"name":"wp","href":"https:\/\/api.w.org\/{rel}","templated":true}]}}