{"id":79,"date":"2023-03-10T12:00:01","date_gmt":"2023-03-10T12:00:01","guid":{"rendered":"https:\/\/dealestate.ch\/?page_id=79"},"modified":"2023-05-31T06:28:27","modified_gmt":"2023-05-31T06:28:27","slug":"deal-makers","status":"publish","type":"page","link":"https:\/\/dealestate.ch\/fr\/deal-makers\/","title":{"rendered":"Deal Makers"},"content":{"rendered":"<div class=\"wp-block-group has-global-padding is-layout-constrained wp-block-group-is-layout-constrained\">\n<h4 class=\"wp-block-heading\" style=\"padding-bottom:0\">En tant qu'acheteur chez Deal Estate<\/h4>\n\n\n\n<div style=\"height:10px\" aria-hidden=\"true\" class=\"wp-block-spacer\"><\/div>\n\n\n\n<h5 class=\"wp-block-heading\" style=\"text-transform:none\">Si vous \u00eates enregistr\u00e9 en tant qu'acheteur potentiel, Deal Estate vous montre les objets propos\u00e9s et le vendeur, ainsi que l'\u00e9tat de la proc\u00e9dure en une ou plusieurs \u00e9tapes. En tant qu'acheteur enregistr\u00e9, vous pouvez bien entendu utiliser Deal Estate en tant que vendeur.<br>Ce sont l\u00e0 quelques-unes des fonctions pratiques de Deal Estate pour les acheteurs potentiels.<\/h5>\n<\/div>\n\n\n\n<div class=\"wp-block-group dealestate-swiper dealestate-swiper-with-content has-global-padding is-layout-constrained wp-container-core-group-is-layout-e55e9174 wp-block-group-is-layout-constrained\" style=\"padding-top:var(--wp--preset--spacing--30)\">\n<div class=\"wp-block-group swiper is-layout-flow wp-block-group-is-layout-flow\">\n<div class=\"wp-block-columns is-not-stacked-on-mobile swiper-wrapper is-layout-flex wp-container-core-columns-is-layout-28f84493 wp-block-columns-is-layout-flex\">\n<div class=\"wp-block-column is-vertically-aligned-center swiper-slide is-layout-flow wp-block-column-is-layout-flow\" style=\"flex-basis:33.33%\">\n<div class=\"wp-block-columns is-layout-flex wp-container-core-columns-is-layout-28f84493 wp-block-columns-is-layout-flex\">\n<div class=\"wp-block-column is-layout-flow wp-block-column-is-layout-flow\">\n<div class=\"wp-block-group has-global-padding is-layout-constrained wp-block-group-is-layout-constrained\">\n<h4 class=\"wp-block-heading\" style=\"padding-bottom:0\">Espace de donn\u00e9es<\/h4>\n\n\n\n<div style=\"height:10px\" aria-hidden=\"true\" class=\"wp-block-spacer\"><\/div>\n\n\n\n<h5 class=\"wp-block-heading\" style=\"text-transform:none\">Optimis\u00e9 pour les transactions immobili\u00e8res. Avec toutes les exigences connues aujourd'hui : Changelog, Q+A, architecture moderne et bien plus encore. Tous les documents peuvent \u00eatre attribu\u00e9s d\u00e8s le d\u00e9but \u00e0 la phase de vente correspondante.<\/h5>\n\n\n\n<div style=\"height:40px\" aria-hidden=\"true\" class=\"wp-block-spacer\"><\/div>\n<\/div>\n<\/div>\n\n\n\n<div class=\"wp-block-column is-layout-flow wp-block-column-is-layout-flow\">\n<div class=\"wp-block-group arrows is-nowrap is-layout-flex wp-container-core-group-is-layout-6c531013 wp-block-group-is-layout-flex\">\n<div class=\"wp-block-group swiper-button-prev has-global-padding is-layout-constrained wp-block-group-is-layout-constrained\"><\/div>\n\n\n\n<div class=\"wp-block-group swiper-button-next has-global-padding is-layout-constrained wp-block-group-is-layout-constrained\"><\/div>\n<\/div>\n<\/div>\n<\/div>\n\n\n\n<figure class=\"wp-block-image size-full\"><img decoding=\"async\" width=\"1626\" height=\"1035\" src=\"https:\/\/dealestate.ch\/wp-content\/uploads\/2023\/05\/DealEstate_Screenshots_935x595px11_F-1.jpeg\" alt=\"\" class=\"wp-image-84\" srcset=\"https:\/\/dealestate.ch\/wp-content\/uploads\/2023\/05\/DealEstate_Screenshots_935x595px11_F-1.jpeg 935w, https:\/\/dealestate.ch\/wp-content\/uploads\/2023\/05\/DealEstate_Screenshots_935x595px11_F-1-300x191.jpeg 300w, https:\/\/dealestate.ch\/wp-content\/uploads\/2023\/05\/DealEstate_Screenshots_935x595px11_F-1-768x489.jpeg 768w, https:\/\/dealestate.ch\/wp-content\/uploads\/2023\/05\/DealEstate_Screenshots_935x595px11_F-1-18x12.jpeg 18w\" sizes=\"(max-width: 1626px) 100vw, 1626px\" \/><\/figure>\n<\/div>\n\n\n\n<div class=\"wp-block-column is-vertically-aligned-center swiper-slide is-layout-flow wp-block-column-is-layout-flow\" style=\"flex-basis:33.33%\">\n<div class=\"wp-block-columns is-layout-flex wp-container-core-columns-is-layout-28f84493 wp-block-columns-is-layout-flex\">\n<div class=\"wp-block-column is-layout-flow wp-block-column-is-layout-flow\">\n<div class=\"wp-block-group has-global-padding is-layout-constrained wp-block-group-is-layout-constrained\">\n<h4 class=\"wp-block-heading\" style=\"padding-bottom:0\">Fonction de chat<\/h4>\n\n\n\n<div style=\"height:10px\" aria-hidden=\"true\" class=\"wp-block-spacer\"><\/div>\n\n\n\n<h5 class=\"wp-block-heading\" style=\"text-transform:none\">Permet de communiquer directement avec le vendeur.<\/h5>\n\n\n\n<div style=\"height:40px\" aria-hidden=\"true\" class=\"wp-block-spacer\"><\/div>\n<\/div>\n<\/div>\n\n\n\n<div class=\"wp-block-column is-layout-flow wp-block-column-is-layout-flow\">\n<div class=\"wp-block-group arrows is-nowrap is-layout-flex wp-container-core-group-is-layout-6c531013 wp-block-group-is-layout-flex\">\n<div class=\"wp-block-group swiper-button-prev has-global-padding is-layout-constrained wp-block-group-is-layout-constrained\"><\/div>\n\n\n\n<div class=\"wp-block-group swiper-button-next has-global-padding is-layout-constrained wp-block-group-is-layout-constrained\"><\/div>\n<\/div>\n<\/div>\n<\/div>\n\n\n\n<figure class=\"wp-block-image size-full\"><img decoding=\"async\" width=\"1626\" height=\"1035\" src=\"https:\/\/dealestate.ch\/wp-content\/uploads\/2023\/05\/DealEstate_Screenshots_935x595px8K_F.jpeg\" alt=\"\" class=\"wp-image-85\" srcset=\"https:\/\/dealestate.ch\/wp-content\/uploads\/2023\/05\/DealEstate_Screenshots_935x595px8K_F.jpeg 935w, https:\/\/dealestate.ch\/wp-content\/uploads\/2023\/05\/DealEstate_Screenshots_935x595px8K_F-300x191.jpeg 300w, https:\/\/dealestate.ch\/wp-content\/uploads\/2023\/05\/DealEstate_Screenshots_935x595px8K_F-768x489.jpeg 768w, https:\/\/dealestate.ch\/wp-content\/uploads\/2023\/05\/DealEstate_Screenshots_935x595px8K_F-18x12.jpeg 18w\" sizes=\"(max-width: 1626px) 100vw, 1626px\" \/><\/figure>\n<\/div>\n\n\n\n<div class=\"wp-block-column is-vertically-aligned-center swiper-slide is-layout-flow wp-block-column-is-layout-flow\" style=\"flex-basis:33.33%\">\n<div class=\"wp-block-columns is-layout-flex wp-container-core-columns-is-layout-28f84493 wp-block-columns-is-layout-flex\">\n<div class=\"wp-block-column is-layout-flow wp-block-column-is-layout-flow\">\n<div class=\"wp-block-group has-global-padding is-layout-constrained wp-block-group-is-layout-constrained\">\n<h4 class=\"wp-block-heading\" style=\"padding-bottom:0\">Prise de rendez-vous<\/h4>\n\n\n\n<div style=\"height:10px\" aria-hidden=\"true\" class=\"wp-block-spacer\"><\/div>\n\n\n\n<h5 class=\"wp-block-heading\" style=\"text-transform:none\">Les rendez-vous de visite peuvent \u00eatre propos\u00e9s, convenus et confirm\u00e9s de mani\u00e8re simple et pratique via Deal Estate.<\/h5>\n\n\n\n<div style=\"height:40px\" aria-hidden=\"true\" class=\"wp-block-spacer\"><\/div>\n<\/div>\n<\/div>\n\n\n\n<div class=\"wp-block-column is-layout-flow wp-block-column-is-layout-flow\">\n<div class=\"wp-block-group arrows is-nowrap is-layout-flex wp-container-core-group-is-layout-6c531013 wp-block-group-is-layout-flex\">\n<div class=\"wp-block-group swiper-button-prev has-global-padding is-layout-constrained wp-block-group-is-layout-constrained\"><\/div>\n\n\n\n<div class=\"wp-block-group swiper-button-next has-global-padding is-layout-constrained wp-block-group-is-layout-constrained\"><\/div>\n<\/div>\n<\/div>\n<\/div>\n\n\n\n<figure class=\"wp-block-image size-full\"><img decoding=\"async\" width=\"1626\" height=\"1035\" src=\"https:\/\/dealestate.ch\/wp-content\/uploads\/2023\/05\/DealEstate_Screenshots_935x595px14K_F.jpeg\" alt=\"\" class=\"wp-image-87\" srcset=\"https:\/\/dealestate.ch\/wp-content\/uploads\/2023\/05\/DealEstate_Screenshots_935x595px14K_F.jpeg 935w, https:\/\/dealestate.ch\/wp-content\/uploads\/2023\/05\/DealEstate_Screenshots_935x595px14K_F-300x191.jpeg 300w, https:\/\/dealestate.ch\/wp-content\/uploads\/2023\/05\/DealEstate_Screenshots_935x595px14K_F-768x489.jpeg 768w, https:\/\/dealestate.ch\/wp-content\/uploads\/2023\/05\/DealEstate_Screenshots_935x595px14K_F-18x12.jpeg 18w\" sizes=\"(max-width: 1626px) 100vw, 1626px\" \/><\/figure>\n<\/div>\n\n\n\n<div class=\"wp-block-column is-vertically-aligned-center swiper-slide is-layout-flow wp-block-column-is-layout-flow\" style=\"flex-basis:33.33%\">\n<div class=\"wp-block-columns is-layout-flex wp-container-core-columns-is-layout-28f84493 wp-block-columns-is-layout-flex\">\n<div class=\"wp-block-column is-layout-flow wp-block-column-is-layout-flow\">\n<div class=\"wp-block-group has-global-padding is-layout-constrained wp-block-group-is-layout-constrained\">\n<h4 class=\"wp-block-heading\" style=\"padding-bottom:0\">Fonction de recherche<\/h4>\n\n\n\n<div style=\"height:10px\" aria-hidden=\"true\" class=\"wp-block-spacer\"><\/div>\n\n\n\n<h5 class=\"wp-block-heading\" style=\"text-transform:none\">Avec des crit\u00e8res de recherche s\u00e9lectionnables (r\u00e9gion, taille et type d'objet); message push lors de la mise en ligne d'un objet correspondant.<\/h5>\n\n\n\n<div style=\"height:40px\" aria-hidden=\"true\" class=\"wp-block-spacer\"><\/div>\n<\/div>\n<\/div>\n\n\n\n<div class=\"wp-block-column is-layout-flow wp-block-column-is-layout-flow\">\n<div class=\"wp-block-group arrows is-nowrap is-layout-flex wp-container-core-group-is-layout-6c531013 wp-block-group-is-layout-flex\">\n<div class=\"wp-block-group swiper-button-prev has-global-padding is-layout-constrained wp-block-group-is-layout-constrained\"><\/div>\n\n\n\n<div class=\"wp-block-group swiper-button-next has-global-padding is-layout-constrained wp-block-group-is-layout-constrained\"><\/div>\n<\/div>\n<\/div>\n<\/div>\n\n\n\n<figure class=\"wp-block-image size-full\"><img decoding=\"async\" width=\"1626\" height=\"1035\" src=\"https:\/\/dealestate.ch\/wp-content\/uploads\/2023\/05\/DealEstate_Screenshots_935x595px12_F-1.jpeg\" alt=\"\" class=\"wp-image-88\" srcset=\"https:\/\/dealestate.ch\/wp-content\/uploads\/2023\/05\/DealEstate_Screenshots_935x595px12_F-1.jpeg 935w, https:\/\/dealestate.ch\/wp-content\/uploads\/2023\/05\/DealEstate_Screenshots_935x595px12_F-1-300x191.jpeg 300w, https:\/\/dealestate.ch\/wp-content\/uploads\/2023\/05\/DealEstate_Screenshots_935x595px12_F-1-768x489.jpeg 768w, https:\/\/dealestate.ch\/wp-content\/uploads\/2023\/05\/DealEstate_Screenshots_935x595px12_F-1-18x12.jpeg 18w\" sizes=\"(max-width: 1626px) 100vw, 1626px\" \/><\/figure>\n<\/div>\n\n\n\n<div class=\"wp-block-column is-vertically-aligned-center swiper-slide is-layout-flow wp-block-column-is-layout-flow\" style=\"flex-basis:33.33%\">\n<div class=\"wp-block-columns is-layout-flex wp-container-core-columns-is-layout-28f84493 wp-block-columns-is-layout-flex\">\n<div class=\"wp-block-column is-layout-flow wp-block-column-is-layout-flow\">\n<div class=\"wp-block-group has-global-padding is-layout-constrained wp-block-group-is-layout-constrained\">\n<h4 class=\"wp-block-heading\" style=\"padding-bottom:0\">Aper\u00e7u des activit\u00e9s<\/h4>\n\n\n\n<div style=\"height:10px\" aria-hidden=\"true\" class=\"wp-block-spacer\"><\/div>\n\n\n\n<h5 class=\"wp-block-heading\" style=\"text-transform:none\">Tableau de bord personnel avec une vue clairement structur\u00e9e de toutes les activit\u00e9s. Pour les objets \u00e0 vendre, les objets en cours de traitement et les objets \u00e0 acheter.<\/h5>\n\n\n\n<div style=\"height:40px\" aria-hidden=\"true\" class=\"wp-block-spacer\"><\/div>\n<\/div>\n<\/div>\n\n\n\n<div class=\"wp-block-column is-layout-flow wp-block-column-is-layout-flow\">\n<div class=\"wp-block-group arrows is-nowrap is-layout-flex wp-container-core-group-is-layout-6c531013 wp-block-group-is-layout-flex\">\n<div class=\"wp-block-group swiper-button-prev has-global-padding is-layout-constrained wp-block-group-is-layout-constrained\"><\/div>\n\n\n\n<div class=\"wp-block-group swiper-button-next has-global-padding is-layout-constrained wp-block-group-is-layout-constrained\"><\/div>\n<\/div>\n<\/div>\n<\/div>\n\n\n\n<figure class=\"wp-block-image size-full\"><img decoding=\"async\" width=\"1626\" height=\"1035\" src=\"https:\/\/dealestate.ch\/wp-content\/uploads\/2023\/05\/DealEstate_Screenshots_935x595px2K_F.jpeg\" alt=\"\" class=\"wp-image-90\" srcset=\"https:\/\/dealestate.ch\/wp-content\/uploads\/2023\/05\/DealEstate_Screenshots_935x595px2K_F.jpeg 935w, https:\/\/dealestate.ch\/wp-content\/uploads\/2023\/05\/DealEstate_Screenshots_935x595px2K_F-300x191.jpeg 300w, https:\/\/dealestate.ch\/wp-content\/uploads\/2023\/05\/DealEstate_Screenshots_935x595px2K_F-768x489.jpeg 768w, https:\/\/dealestate.ch\/wp-content\/uploads\/2023\/05\/DealEstate_Screenshots_935x595px2K_F-18x12.jpeg 18w\" sizes=\"(max-width: 1626px) 100vw, 1626px\" \/><\/figure>\n<\/div>\n\n\n\n<div class=\"wp-block-column is-vertically-aligned-center swiper-slide is-layout-flow wp-block-column-is-layout-flow\" style=\"flex-basis:33.33%\">\n<div class=\"wp-block-columns is-layout-flex wp-container-core-columns-is-layout-28f84493 wp-block-columns-is-layout-flex\">\n<div class=\"wp-block-column is-layout-flow wp-block-column-is-layout-flow\">\n<div class=\"wp-block-group has-global-padding is-layout-constrained wp-block-group-is-layout-constrained\">\n<h4 class=\"wp-block-heading\" style=\"padding-bottom:0\">Fonctions d'aide<\/h4>\n\n\n\n<div style=\"height:10px\" aria-hidden=\"true\" class=\"wp-block-spacer\"><\/div>\n\n\n\n<h5 class=\"wp-block-heading\" style=\"text-transform:none\">Avec des remarques et des conseils sur pratiquement tous les th\u00e8mes de Deal Estate.<\/h5>\n\n\n\n<div style=\"height:40px\" aria-hidden=\"true\" class=\"wp-block-spacer\"><\/div>\n<\/div>\n<\/div>\n\n\n\n<div class=\"wp-block-column is-layout-flow wp-block-column-is-layout-flow\">\n<div class=\"wp-block-group arrows is-nowrap is-layout-flex wp-container-core-group-is-layout-6c531013 wp-block-group-is-layout-flex\">\n<div class=\"wp-block-group swiper-button-prev has-global-padding is-layout-constrained wp-block-group-is-layout-constrained\"><\/div>\n\n\n\n<div class=\"wp-block-group swiper-button-next has-global-padding is-layout-constrained wp-block-group-is-layout-constrained\"><\/div>\n<\/div>\n<\/div>\n<\/div>\n\n\n\n<figure class=\"wp-block-image size-full is-resized\"><img decoding=\"async\" src=\"https:\/\/dealestate.ch\/wp-content\/uploads\/2023\/05\/fr.jpg\" alt=\"\" class=\"wp-image-295\" width=\"1250\" srcset=\"https:\/\/dealestate.ch\/wp-content\/uploads\/2023\/05\/fr.jpg 935w, https:\/\/dealestate.ch\/wp-content\/uploads\/2023\/05\/fr-300x191.jpg 300w, https:\/\/dealestate.ch\/wp-content\/uploads\/2023\/05\/fr-768x489.jpg 768w, https:\/\/dealestate.ch\/wp-content\/uploads\/2023\/05\/fr-18x12.jpg 18w\" sizes=\"(max-width: 935px) 100vw, 935px\" \/><\/figure>\n<\/div>\n\n\n\n<div class=\"wp-block-column is-vertically-aligned-center swiper-slide is-layout-flow wp-block-column-is-layout-flow\" style=\"flex-basis:33.33%\">\n<div class=\"wp-block-columns is-layout-flex wp-container-core-columns-is-layout-28f84493 wp-block-columns-is-layout-flex\">\n<div class=\"wp-block-column is-layout-flow wp-block-column-is-layout-flow\">\n<div class=\"wp-block-group has-global-padding is-layout-constrained wp-block-group-is-layout-constrained\">\n<h4 class=\"wp-block-heading\" style=\"padding-bottom:0\">Aper\u00e7u des offres<\/h4>\n\n\n\n<div style=\"height:10px\" aria-hidden=\"true\" class=\"wp-block-spacer\"><\/div>\n\n\n\n<h5 class=\"wp-block-heading\" style=\"text-transform:none\">Aper\u00e7u des offres soumises, y compris les assistants invit\u00e9s.<\/h5>\n\n\n\n<div style=\"height:40px\" aria-hidden=\"true\" class=\"wp-block-spacer\"><\/div>\n<\/div>\n<\/div>\n\n\n\n<div class=\"wp-block-column is-layout-flow wp-block-column-is-layout-flow\">\n<div class=\"wp-block-group arrows is-nowrap is-layout-flex wp-container-core-group-is-layout-6c531013 wp-block-group-is-layout-flex\">\n<div class=\"wp-block-group swiper-button-prev has-global-padding is-layout-constrained wp-block-group-is-layout-constrained\"><\/div>\n\n\n\n<div class=\"wp-block-group swiper-button-next has-global-padding is-layout-constrained wp-block-group-is-layout-constrained\"><\/div>\n<\/div>\n<\/div>\n<\/div>\n\n\n\n<figure class=\"wp-block-image size-full\"><img decoding=\"async\" width=\"1626\" height=\"1035\" src=\"https:\/\/dealestate.ch\/wp-content\/uploads\/2023\/05\/DealEstate_Screenshots_935x595px13_F.jpeg\" alt=\"\" class=\"wp-image-93\" srcset=\"https:\/\/dealestate.ch\/wp-content\/uploads\/2023\/05\/DealEstate_Screenshots_935x595px13_F.jpeg 935w, https:\/\/dealestate.ch\/wp-content\/uploads\/2023\/05\/DealEstate_Screenshots_935x595px13_F-300x191.jpeg 300w, https:\/\/dealestate.ch\/wp-content\/uploads\/2023\/05\/DealEstate_Screenshots_935x595px13_F-768x489.jpeg 768w, https:\/\/dealestate.ch\/wp-content\/uploads\/2023\/05\/DealEstate_Screenshots_935x595px13_F-18x12.jpeg 18w\" sizes=\"(max-width: 1626px) 100vw, 1626px\" \/><\/figure>\n<\/div>\n<\/div>\n\n\n\n<div class=\"wp-block-group swiper-pagination has-global-padding is-layout-constrained wp-block-group-is-layout-constrained\">\n<p><\/p>\n<\/div>\n<\/div>\n<\/div>","protected":false},"excerpt":{"rendered":"<p>Als K\u00e4u\u00adfer bei Deal Es\u00adta\u00adte Sind Sie als m\u00f6g\u00adli\u00adcher K\u00e4u\u00adfer re\u00adgis\u00adtriert, zeigt Ihnen Deal Es\u00adta\u00adte die an\u00adge\u00adbo\u00adte\u00adnen Ob\u00adjek\u00adte und den An\u00adbie\u00adter, eben\u00adso den Stand des ein- oder mehr\u00adstu\u00adfi\u00adgen Ver\u00adfah\u00adrens. Als re\u00adgis\u00adtrier\u00adter K\u00e4u\u00adfer k\u00f6n\u00adnen Sie Deal Es\u00adta\u00adte selbst\u00adver\u00adst\u00e4nd\u00adlich auch in der Rolle als An\u00adbie\u00adter nut\u00adzen.Das sind ei\u00adni\u00adge der prak\u00adti\u00adschen Funk\u00adtio\u00adnen von Deal Es\u00adta\u00adte f\u00fcr po\u00adten\u00adti\u00adel\u00adle K\u00e4u\u00adfer. [&hellip;]<\/p>","protected":false},"author":1,"featured_media":80,"parent":0,"menu_order":0,"comment_status":"closed","ping_status":"closed","template":"","meta":{"footnotes":""},"class_list":["post-79","page","type-page","status-publish","has-post-thumbnail","hentry"],"yoast_head":"<!-- This site is optimized with the Yoast SEO plugin v27.3 - https:\/\/yoast.com\/product\/yoast-seo-wordpress\/ -->\n<title>Deal Makers - DealEstate<\/title>\n<meta name=\"robots\" content=\"index, follow, max-snippet:-1, max-image-preview:large, max-video-preview:-1\" \/>\n<link rel=\"canonical\" href=\"https:\/\/dealestate.ch\/fr\/deal-makers\/\" \/>\n<meta property=\"og:locale\" content=\"fr_FR\" \/>\n<meta property=\"og:type\" content=\"article\" \/>\n<meta property=\"og:title\" content=\"Deal Makers - DealEstate\" \/>\n<meta property=\"og:description\" content=\"Als K\u00e4u\u00adfer bei Deal Es\u00adta\u00adte Sind Sie als m\u00f6g\u00adli\u00adcher K\u00e4u\u00adfer re\u00adgis\u00adtriert, zeigt Ihnen Deal Es\u00adta\u00adte die an\u00adge\u00adbo\u00adte\u00adnen Ob\u00adjek\u00adte und den An\u00adbie\u00adter, eben\u00adso den Stand des ein- oder mehr\u00adstu\u00adfi\u00adgen Ver\u00adfah\u00adrens. Als re\u00adgis\u00adtrier\u00adter K\u00e4u\u00adfer k\u00f6n\u00adnen Sie Deal Es\u00adta\u00adte selbst\u00adver\u00adst\u00e4nd\u00adlich auch in der Rolle als An\u00adbie\u00adter nut\u00adzen.Das sind ei\u00adni\u00adge der prak\u00adti\u00adschen Funk\u00adtio\u00adnen von Deal Es\u00adta\u00adte f\u00fcr po\u00adten\u00adti\u00adel\u00adle K\u00e4u\u00adfer. [&hellip;]\" \/>\n<meta property=\"og:url\" content=\"https:\/\/dealestate.ch\/fr\/deal-makers\/\" \/>\n<meta property=\"og:site_name\" content=\"DealEstate\" \/>\n<meta property=\"article:modified_time\" content=\"2023-05-31T06:28:27+00:00\" \/>\n<meta property=\"og:image\" content=\"https:\/\/dealestate.ch\/wp-content\/uploads\/2023\/03\/makers.jpg\" \/>\n\t<meta property=\"og:image:width\" content=\"1628\" \/>\n\t<meta property=\"og:image:height\" content=\"404\" \/>\n\t<meta property=\"og:image:type\" content=\"image\/jpeg\" \/>\n<meta name=\"twitter:card\" content=\"summary_large_image\" \/>\n<meta name=\"twitter:label1\" content=\"Dur\u00e9e de lecture estim\u00e9e\" \/>\n\t<meta name=\"twitter:data1\" content=\"2 minutes\" \/>\n<script type=\"application\/ld+json\" class=\"yoast-schema-graph\">{\"@context\":\"https:\\\/\\\/schema.org\",\"@graph\":[{\"@type\":\"WebPage\",\"@id\":\"https:\\\/\\\/dealestate.ch\\\/deal-makers\\\/\",\"url\":\"https:\\\/\\\/dealestate.ch\\\/deal-makers\\\/\",\"name\":\"Deal Makers - DealEstate\",\"isPartOf\":{\"@id\":\"https:\\\/\\\/dealestate.ch\\\/#website\"},\"primaryImageOfPage\":{\"@id\":\"https:\\\/\\\/dealestate.ch\\\/deal-makers\\\/#primaryimage\"},\"image\":{\"@id\":\"https:\\\/\\\/dealestate.ch\\\/deal-makers\\\/#primaryimage\"},\"thumbnailUrl\":\"https:\\\/\\\/dealestate.ch\\\/wp-content\\\/uploads\\\/2023\\\/03\\\/makers.jpg\",\"datePublished\":\"2023-03-10T12:00:01+00:00\",\"dateModified\":\"2023-05-31T06:28:27+00:00\",\"inLanguage\":\"fr-FR\",\"potentialAction\":[{\"@type\":\"ReadAction\",\"target\":[\"https:\\\/\\\/dealestate.ch\\\/deal-makers\\\/\"]}]},{\"@type\":\"ImageObject\",\"inLanguage\":\"fr-FR\",\"@id\":\"https:\\\/\\\/dealestate.ch\\\/deal-makers\\\/#primaryimage\",\"url\":\"https:\\\/\\\/dealestate.ch\\\/wp-content\\\/uploads\\\/2023\\\/03\\\/makers.jpg\",\"contentUrl\":\"https:\\\/\\\/dealestate.ch\\\/wp-content\\\/uploads\\\/2023\\\/03\\\/makers.jpg\",\"width\":1628,\"height\":404},{\"@type\":\"WebSite\",\"@id\":\"https:\\\/\\\/dealestate.ch\\\/#website\",\"url\":\"https:\\\/\\\/dealestate.ch\\\/\",\"name\":\"DealEstate\",\"description\":\"Handeln Sie online mit Anlageliegenschaften!\",\"publisher\":{\"@id\":\"https:\\\/\\\/dealestate.ch\\\/#organization\"},\"potentialAction\":[{\"@type\":\"SearchAction\",\"target\":{\"@type\":\"EntryPoint\",\"urlTemplate\":\"https:\\\/\\\/dealestate.ch\\\/?s={search_term_string}\"},\"query-input\":{\"@type\":\"PropertyValueSpecification\",\"valueRequired\":true,\"valueName\":\"search_term_string\"}}],\"inLanguage\":\"fr-FR\"},{\"@type\":\"Organization\",\"@id\":\"https:\\\/\\\/dealestate.ch\\\/#organization\",\"name\":\"DealEstate\",\"url\":\"https:\\\/\\\/dealestate.ch\\\/\",\"logo\":{\"@type\":\"ImageObject\",\"inLanguage\":\"fr-FR\",\"@id\":\"https:\\\/\\\/dealestate.ch\\\/#\\\/schema\\\/logo\\\/image\\\/\",\"url\":\"https:\\\/\\\/dealestate.ch\\\/wp-content\\\/uploads\\\/2023\\\/02\\\/logo.svg\",\"contentUrl\":\"https:\\\/\\\/dealestate.ch\\\/wp-content\\\/uploads\\\/2023\\\/02\\\/logo.svg\",\"caption\":\"DealEstate\"},\"image\":{\"@id\":\"https:\\\/\\\/dealestate.ch\\\/#\\\/schema\\\/logo\\\/image\\\/\"}}]}<\/script>\n<!-- \/ Yoast SEO plugin. -->","yoast_head_json":{"title":"Deal Makers - DealEstate","robots":{"index":"index","follow":"follow","max-snippet":"max-snippet:-1","max-image-preview":"max-image-preview:large","max-video-preview":"max-video-preview:-1"},"canonical":"https:\/\/dealestate.ch\/fr\/deal-makers\/","og_locale":"fr_FR","og_type":"article","og_title":"Deal Makers - DealEstate","og_description":"Als K\u00e4u\u00adfer bei Deal Es\u00adta\u00adte Sind Sie als m\u00f6g\u00adli\u00adcher K\u00e4u\u00adfer re\u00adgis\u00adtriert, zeigt Ihnen Deal Es\u00adta\u00adte die an\u00adge\u00adbo\u00adte\u00adnen Ob\u00adjek\u00adte und den An\u00adbie\u00adter, eben\u00adso den Stand des ein- oder mehr\u00adstu\u00adfi\u00adgen Ver\u00adfah\u00adrens. Als re\u00adgis\u00adtrier\u00adter K\u00e4u\u00adfer k\u00f6n\u00adnen Sie Deal Es\u00adta\u00adte selbst\u00adver\u00adst\u00e4nd\u00adlich auch in der Rolle als An\u00adbie\u00adter nut\u00adzen.Das sind ei\u00adni\u00adge der prak\u00adti\u00adschen Funk\u00adtio\u00adnen von Deal Es\u00adta\u00adte f\u00fcr po\u00adten\u00adti\u00adel\u00adle K\u00e4u\u00adfer. [&hellip;]","og_url":"https:\/\/dealestate.ch\/fr\/deal-makers\/","og_site_name":"DealEstate","article_modified_time":"2023-05-31T06:28:27+00:00","og_image":[{"width":1628,"height":404,"url":"https:\/\/dealestate.ch\/wp-content\/uploads\/2023\/03\/makers.jpg","type":"image\/jpeg"}],"twitter_card":"summary_large_image","twitter_misc":{"Dur\u00e9e de lecture estim\u00e9e":"2 minutes"},"schema":{"@context":"https:\/\/schema.org","@graph":[{"@type":"WebPage","@id":"https:\/\/dealestate.ch\/deal-makers\/","url":"https:\/\/dealestate.ch\/deal-makers\/","name":"Deal Makers - DealEstate","isPartOf":{"@id":"https:\/\/dealestate.ch\/#website"},"primaryImageOfPage":{"@id":"https:\/\/dealestate.ch\/deal-makers\/#primaryimage"},"image":{"@id":"https:\/\/dealestate.ch\/deal-makers\/#primaryimage"},"thumbnailUrl":"https:\/\/dealestate.ch\/wp-content\/uploads\/2023\/03\/makers.jpg","datePublished":"2023-03-10T12:00:01+00:00","dateModified":"2023-05-31T06:28:27+00:00","inLanguage":"fr-FR","potentialAction":[{"@type":"ReadAction","target":["https:\/\/dealestate.ch\/deal-makers\/"]}]},{"@type":"ImageObject","inLanguage":"fr-FR","@id":"https:\/\/dealestate.ch\/deal-makers\/#primaryimage","url":"https:\/\/dealestate.ch\/wp-content\/uploads\/2023\/03\/makers.jpg","contentUrl":"https:\/\/dealestate.ch\/wp-content\/uploads\/2023\/03\/makers.jpg","width":1628,"height":404},{"@type":"WebSite","@id":"https:\/\/dealestate.ch\/#website","url":"https:\/\/dealestate.ch\/","name":"DealEstate","description":"Handeln Sie online mit Anlageliegenschaften!","publisher":{"@id":"https:\/\/dealestate.ch\/#organization"},"potentialAction":[{"@type":"SearchAction","target":{"@type":"EntryPoint","urlTemplate":"https:\/\/dealestate.ch\/?s={search_term_string}"},"query-input":{"@type":"PropertyValueSpecification","valueRequired":true,"valueName":"search_term_string"}}],"inLanguage":"fr-FR"},{"@type":"Organization","@id":"https:\/\/dealestate.ch\/#organization","name":"DealEstate","url":"https:\/\/dealestate.ch\/","logo":{"@type":"ImageObject","inLanguage":"fr-FR","@id":"https:\/\/dealestate.ch\/#\/schema\/logo\/image\/","url":"https:\/\/dealestate.ch\/wp-content\/uploads\/2023\/02\/logo.svg","contentUrl":"https:\/\/dealestate.ch\/wp-content\/uploads\/2023\/02\/logo.svg","caption":"DealEstate"},"image":{"@id":"https:\/\/dealestate.ch\/#\/schema\/logo\/image\/"}}]}},"_links":{"self":[{"href":"https:\/\/dealestate.ch\/fr\/wp-json\/wp\/v2\/pages\/79","targetHints":{"allow":["GET"]}}],"collection":[{"href":"https:\/\/dealestate.ch\/fr\/wp-json\/wp\/v2\/pages"}],"about":[{"href":"https:\/\/dealestate.ch\/fr\/wp-json\/wp\/v2\/types\/page"}],"author":[{"embeddable":true,"href":"https:\/\/dealestate.ch\/fr\/wp-json\/wp\/v2\/users\/1"}],"replies":[{"embeddable":true,"href":"https:\/\/dealestate.ch\/fr\/wp-json\/wp\/v2\/comments?post=79"}],"version-history":[{"count":8,"href":"https:\/\/dealestate.ch\/fr\/wp-json\/wp\/v2\/pages\/79\/revisions"}],"predecessor-version":[{"id":331,"href":"https:\/\/dealestate.ch\/fr\/wp-json\/wp\/v2\/pages\/79\/revisions\/331"}],"wp:featuredmedia":[{"embeddable":true,"href":"https:\/\/dealestate.ch\/fr\/wp-json\/wp\/v2\/media\/80"}],"wp:attachment":[{"href":"https:\/\/dealestate.ch\/fr\/wp-json\/wp\/v2\/media?parent=79"}],"curies":[{"name":"wp","href":"https:\/\/api.w.org\/{rel}","templated":true}]}}