{"id":45,"date":"2023-03-10T11:16:20","date_gmt":"2023-03-10T11:16:20","guid":{"rendered":"https:\/\/dealestate.ch\/?page_id=45"},"modified":"2023-05-17T08:22:12","modified_gmt":"2023-05-17T08:22:12","slug":"deal-assets","status":"publish","type":"page","link":"https:\/\/dealestate.ch\/fr\/deal-assets\/","title":{"rendered":"Avantages de Deal Estate"},"content":{"rendered":"<div class=\"wp-block-group has-global-padding is-layout-constrained wp-block-group-is-layout-constrained\">\n<h4 class=\"wp-block-heading\" style=\"padding-bottom:0\">Deal Estate \u00e9tablit la r\u00e9f\u00e9rence num\u00e9rique<\/h4>\n\n\n\n<div style=\"height:10px\" aria-hidden=\"true\" class=\"wp-block-spacer\"><\/div>\n\n\n\n<h5 class=\"wp-block-heading\" style=\"text-transform:none\">Deal Estate est l'une des premi\u00e8res et des plus grandes plateformes immobili\u00e8res en ligne de Suisse. Gr\u00e2ce \u00e0 un processus num\u00e9rique hautement professionnel et efficace, les vendeurs et les acheteurs d'immeubles de placement et d'immeubles commerciaux se trouvent.<\/h5>\n<\/div>\n\n\n\n<div class=\"wp-block-group dealestate-swiper dealestate-swiper-with-content has-global-padding is-layout-constrained wp-container-core-group-is-layout-0921c308 wp-block-group-is-layout-constrained\" style=\"padding-top:var(--wp--preset--spacing--60)\">\n<div class=\"wp-block-group swiper is-layout-flow wp-block-group-is-layout-flow\">\n<div class=\"wp-block-columns is-not-stacked-on-mobile swiper-wrapper is-layout-flex wp-container-core-columns-is-layout-28f84493 wp-block-columns-is-layout-flex\">\n<div class=\"wp-block-column is-vertically-aligned-center swiper-slide is-layout-flow wp-block-column-is-layout-flow\" style=\"flex-basis:33.33%\">\n<div class=\"wp-block-columns is-layout-flex wp-container-core-columns-is-layout-28f84493 wp-block-columns-is-layout-flex\">\n<div class=\"wp-block-column is-layout-flow wp-block-column-is-layout-flow\">\n<div class=\"wp-block-group has-global-padding is-layout-constrained wp-block-group-is-layout-constrained\">\n<figure class=\"wp-block-image size-full\"><img decoding=\"async\" src=\"https:\/\/dealestate.ch\/wp-content\/uploads\/2023\/03\/assets-icon-1.svg\" alt=\"\" class=\"wp-image-49\"\/><\/figure>\n\n\n\n<div style=\"height:10px\" aria-hidden=\"true\" class=\"wp-block-spacer\"><\/div>\n\n\n\n<h4 class=\"wp-block-heading\" style=\"padding-bottom:0\">Hautement efficace et simple<\/h4>\n\n\n\n<div style=\"height:10px\" aria-hidden=\"true\" class=\"wp-block-spacer\"><\/div>\n\n\n\n<h5 class=\"wp-block-heading\" style=\"text-transform:none\">Deal Estate num\u00e9rise le commerce professionnel de biens immobiliers commerciaux et d'investissement. Les ench\u00e9risseurs et les acheteurs communiquent directement entre eux. En quelques secondes, sans r\u00e9unions, sans passer par des interm\u00e9diaires\/agents, sans marketing co\u00fbteux. Utiliser Deal Estate, c'est gagner du temps et r\u00e9duire les co\u00fbts.<\/h5>\n\n\n\n<div style=\"height:40px\" aria-hidden=\"true\" class=\"wp-block-spacer\"><\/div>\n<\/div>\n<\/div>\n\n\n\n<div class=\"wp-block-column is-layout-flow wp-block-column-is-layout-flow\">\n<div class=\"wp-block-group arrows is-nowrap is-layout-flex wp-container-core-group-is-layout-6c531013 wp-block-group-is-layout-flex\">\n<div class=\"wp-block-group swiper-button-prev has-global-padding is-layout-constrained wp-block-group-is-layout-constrained\"><\/div>\n\n\n\n<div class=\"wp-block-group swiper-button-next has-global-padding is-layout-constrained wp-block-group-is-layout-constrained\"><\/div>\n<\/div>\n<\/div>\n<\/div>\n\n\n\n<div class=\"wp-block-columns dealestate-list is-layout-flex wp-container-core-columns-is-layout-75fdce38 wp-block-columns-is-layout-flex\" style=\"padding-top:var(--wp--preset--spacing--30);padding-bottom:var(--wp--preset--spacing--30)\">\n<div class=\"wp-block-column is-layout-flow wp-block-column-is-layout-flow\" style=\"flex-basis:33.33%\">\n<figure class=\"wp-block-image size-large\"><img decoding=\"async\" width=\"855\" height=\"1024\" src=\"https:\/\/dealestate.ch\/wp-content\/uploads\/2023\/03\/assets-0-855x1024.jpg\" alt=\"\" class=\"wp-image-56\" srcset=\"https:\/\/dealestate.ch\/wp-content\/uploads\/2023\/03\/assets-0-855x1024.jpg 855w, https:\/\/dealestate.ch\/wp-content\/uploads\/2023\/03\/assets-0-251x300.jpg 251w, https:\/\/dealestate.ch\/wp-content\/uploads\/2023\/03\/assets-0-768x919.jpg 768w, https:\/\/dealestate.ch\/wp-content\/uploads\/2023\/03\/assets-0-10x12.jpg 10w, https:\/\/dealestate.ch\/wp-content\/uploads\/2023\/03\/assets-0.jpg 1086w\" sizes=\"(max-width: 855px) 100vw, 855px\" \/><\/figure>\n<\/div>\n\n\n\n<div class=\"wp-block-column is-layout-flow wp-block-column-is-layout-flow\" style=\"flex-basis:66.66%\">\n<div class=\"wp-block-group dealestate-list-item has-global-padding is-layout-constrained wp-block-group-is-layout-constrained\" style=\"margin-bottom:var(--wp--preset--spacing--30)\">\n<p>Deal Estate simplifie et acc\u00e9l\u00e8re la transaction de biens immobiliers.<\/p>\n<\/div>\n\n\n\n<div class=\"wp-block-group dealestate-list-item has-global-padding is-layout-constrained wp-block-group-is-layout-constrained\" style=\"margin-bottom:var(--wp--preset--spacing--30)\">\n<p>La proc\u00e9dure d'offre \u00e0 une ou plusieurs \u00e9tapes peut \u00eatre utilis\u00e9e pour d\u00e9terminer le prix.<\/p>\n<\/div>\n\n\n\n<div class=\"wp-block-group dealestate-list-item has-global-padding is-layout-constrained wp-block-group-is-layout-constrained\" style=\"margin-bottom:var(--wp--preset--spacing--30)\">\n<p>Les routines de vente et la documentation sont automatis\u00e9es. Deal Estate \u00e9tablit l'agence immobili\u00e8re sans papier.<\/p>\n<\/div>\n<\/div>\n<\/div>\n<\/div>\n\n\n\n<div class=\"wp-block-column is-vertically-aligned-center swiper-slide is-layout-flow wp-block-column-is-layout-flow\" style=\"flex-basis:33.33%\">\n<div class=\"wp-block-columns is-layout-flex wp-container-core-columns-is-layout-28f84493 wp-block-columns-is-layout-flex\">\n<div class=\"wp-block-column is-layout-flow wp-block-column-is-layout-flow\">\n<div class=\"wp-block-group has-global-padding is-layout-constrained wp-block-group-is-layout-constrained\">\n<figure class=\"wp-block-image size-full\"><img decoding=\"async\" src=\"https:\/\/dealestate.ch\/wp-content\/uploads\/2023\/03\/assets-icon-2.svg\" alt=\"\" class=\"wp-image-57\"\/><\/figure>\n\n\n\n<div style=\"height:10px\" aria-hidden=\"true\" class=\"wp-block-spacer\"><\/div>\n\n\n\n<h4 class=\"wp-block-heading\" style=\"padding-bottom:0\">Utiliser le r\u00e9seau<\/h4>\n\n\n\n<div style=\"height:10px\" aria-hidden=\"true\" class=\"wp-block-spacer\"><\/div>\n\n\n\n<h5 class=\"wp-block-heading\" style=\"text-transform:none\">Deal Estate atteint tous les acteurs importants du march\u00e9 en Suisse : propri\u00e9taires, investisseurs, courtiers, PME, h\u00e9ritiers, notaires et autres. Cette focalisation sur le groupe cible pertinent r\u00e9duit les pertes de diffusion lors de la commercialisation.<\/h5>\n\n\n\n<div style=\"height:40px\" aria-hidden=\"true\" class=\"wp-block-spacer\"><\/div>\n<\/div>\n<\/div>\n\n\n\n<div class=\"wp-block-column is-layout-flow wp-block-column-is-layout-flow\">\n<div class=\"wp-block-group arrows is-nowrap is-layout-flex wp-container-core-group-is-layout-6c531013 wp-block-group-is-layout-flex\">\n<div class=\"wp-block-group swiper-button-prev has-global-padding is-layout-constrained wp-block-group-is-layout-constrained\"><\/div>\n\n\n\n<div class=\"wp-block-group swiper-button-next has-global-padding is-layout-constrained wp-block-group-is-layout-constrained\"><\/div>\n<\/div>\n<\/div>\n<\/div>\n\n\n\n<div class=\"wp-block-columns dealestate-list is-layout-flex wp-container-core-columns-is-layout-75fdce38 wp-block-columns-is-layout-flex\" style=\"padding-top:var(--wp--preset--spacing--30);padding-bottom:var(--wp--preset--spacing--30)\">\n<div class=\"wp-block-column is-layout-flow wp-block-column-is-layout-flow\" style=\"flex-basis:33.33%\">\n<figure class=\"wp-block-image size-large\"><img decoding=\"async\" width=\"855\" height=\"1024\" src=\"https:\/\/dealestate.ch\/wp-content\/uploads\/2023\/03\/assets-1-855x1024.jpg\" alt=\"\" class=\"wp-image-58\" srcset=\"https:\/\/dealestate.ch\/wp-content\/uploads\/2023\/03\/assets-1-855x1024.jpg 855w, https:\/\/dealestate.ch\/wp-content\/uploads\/2023\/03\/assets-1-251x300.jpg 251w, https:\/\/dealestate.ch\/wp-content\/uploads\/2023\/03\/assets-1-768x919.jpg 768w, https:\/\/dealestate.ch\/wp-content\/uploads\/2023\/03\/assets-1-10x12.jpg 10w, https:\/\/dealestate.ch\/wp-content\/uploads\/2023\/03\/assets-1.jpg 1086w\" sizes=\"(max-width: 855px) 100vw, 855px\" \/><\/figure>\n<\/div>\n\n\n\n<div class=\"wp-block-column is-layout-flow wp-block-column-is-layout-flow\" style=\"flex-basis:66.66%\">\n<div class=\"wp-block-group dealestate-list-item has-global-padding is-layout-constrained wp-block-group-is-layout-constrained\" style=\"margin-bottom:var(--wp--preset--spacing--30)\">\n<p>Tous les leaders importants du secteur sont enregistr\u00e9s et en ligne.<\/p>\n<\/div>\n\n\n\n<div class=\"wp-block-group dealestate-list-item has-global-padding is-layout-constrained wp-block-group-is-layout-constrained\" style=\"margin-bottom:var(--wp--preset--spacing--30)\">\n<p>Sur Deal Estate, les vendeurs et les personnes int\u00e9ress\u00e9es peuvent facilement se mettre en r\u00e9seau et \u00e9changer des informations en toute confidentialit\u00e9.<\/p>\n<\/div>\n<\/div>\n<\/div>\n<\/div>\n\n\n\n<div class=\"wp-block-column is-vertically-aligned-center swiper-slide is-layout-flow wp-block-column-is-layout-flow\" style=\"flex-basis:33.33%\">\n<div class=\"wp-block-columns is-layout-flex wp-container-core-columns-is-layout-28f84493 wp-block-columns-is-layout-flex\">\n<div class=\"wp-block-column is-layout-flow wp-block-column-is-layout-flow\">\n<div class=\"wp-block-group has-global-padding is-layout-constrained wp-block-group-is-layout-constrained\">\n<figure class=\"wp-block-image size-full\"><img decoding=\"async\" src=\"https:\/\/dealestate.ch\/wp-content\/uploads\/2023\/03\/assets-icon-3.svg\" alt=\"\" class=\"wp-image-59\"\/><\/figure>\n\n\n\n<div style=\"height:10px\" aria-hidden=\"true\" class=\"wp-block-spacer\"><\/div>\n\n\n\n<h4 class=\"wp-block-heading\" style=\"padding-bottom:0\">Garder le contr\u00f4le \u00e0 tout moment<\/h4>\n\n\n\n<div style=\"height:10px\" aria-hidden=\"true\" class=\"wp-block-spacer\"><\/div>\n\n\n\n<h5 class=\"wp-block-heading\" style=\"text-transform:none\">Les mandats sont g\u00e9r\u00e9s en ligne, les changements de statut sont signal\u00e9s en ligne, les rendez-vous entre l'ench\u00e9risseur et l'acheteur sont pris en ligne. Ils peuvent \u00e9galement \u00e9changer dans une salle de chat ferm\u00e9e. Pour l'acheteur, la transaction est exempte de commission.<\/h5>\n\n\n\n<div style=\"height:40px\" aria-hidden=\"true\" class=\"wp-block-spacer\"><\/div>\n<\/div>\n<\/div>\n\n\n\n<div class=\"wp-block-column is-layout-flow wp-block-column-is-layout-flow\">\n<div class=\"wp-block-group arrows is-nowrap is-layout-flex wp-container-core-group-is-layout-6c531013 wp-block-group-is-layout-flex\">\n<div class=\"wp-block-group swiper-button-prev has-global-padding is-layout-constrained wp-block-group-is-layout-constrained\"><\/div>\n\n\n\n<div class=\"wp-block-group swiper-button-next has-global-padding is-layout-constrained wp-block-group-is-layout-constrained\"><\/div>\n<\/div>\n<\/div>\n<\/div>\n\n\n\n<div class=\"wp-block-columns dealestate-list is-layout-flex wp-container-core-columns-is-layout-75fdce38 wp-block-columns-is-layout-flex\" style=\"padding-top:var(--wp--preset--spacing--30);padding-bottom:var(--wp--preset--spacing--30)\">\n<div class=\"wp-block-column is-layout-flow wp-block-column-is-layout-flow\" style=\"flex-basis:33.33%\">\n<figure class=\"wp-block-image size-large\"><img decoding=\"async\" src=\"https:\/\/res.cloudinary.com\/deep-impact-ag\/image\/upload\/v1677590716\/dealestate\/wp-landing-page\/sample.jpg\" alt=\"\" class=\"wp-image-220\"\/><\/figure>\n<\/div>\n\n\n\n<div class=\"wp-block-column is-layout-flow wp-block-column-is-layout-flow\" style=\"flex-basis:66.66%\">\n<div class=\"wp-block-group dealestate-list-item has-global-padding is-layout-constrained wp-block-group-is-layout-constrained\" style=\"margin-bottom:var(--wp--preset--spacing--30)\">\n<p>Le design attrayant de Deal Estate pr\u00e9sente automatiquement vos biens immobiliers sous leur meilleur jour.<\/p>\n<\/div>\n\n\n\n<div class=\"wp-block-group dealestate-list-item has-global-padding is-layout-constrained wp-block-group-is-layout-constrained\" style=\"margin-bottom:var(--wp--preset--spacing--30)\">\n<p>Deal Estate vous guide de mani\u00e8re simple et compr\u00e9hensible dans l'enregistrement, la saisie, la n\u00e9gociation et la gestion de biens immobiliers.<\/p>\n<\/div>\n\n\n\n<div class=\"wp-block-group dealestate-list-item has-global-padding is-layout-constrained wp-block-group-is-layout-constrained\" style=\"margin-bottom:var(--wp--preset--spacing--30)\">\n<p>L'application donne des instructions et proc\u00e8de \u00e0 des contr\u00f4les de plausibilit\u00e9.<\/p>\n<\/div>\n\n\n\n<div class=\"wp-block-group dealestate-list-item has-global-padding is-layout-constrained wp-block-group-is-layout-constrained\" style=\"margin-bottom:var(--wp--preset--spacing--30)\">\n<p>Une documentation compl\u00e8te et t\u00e9l\u00e9chargeable est automatiquement g\u00e9n\u00e9r\u00e9e lors de l'utilisation de Deal Estate.<\/p>\n<\/div>\n<\/div>\n<\/div>\n<\/div>\n\n\n\n<div class=\"wp-block-column is-vertically-aligned-center swiper-slide is-layout-flow wp-block-column-is-layout-flow\" style=\"flex-basis:33.33%\">\n<div class=\"wp-block-columns is-layout-flex wp-container-core-columns-is-layout-28f84493 wp-block-columns-is-layout-flex\">\n<div class=\"wp-block-column is-layout-flow wp-block-column-is-layout-flow\">\n<div class=\"wp-block-group has-global-padding is-layout-constrained wp-block-group-is-layout-constrained\">\n<figure class=\"wp-block-image size-full\"><img decoding=\"async\" src=\"https:\/\/dealestate.ch\/wp-content\/uploads\/2023\/03\/assets-icon-4.svg\" alt=\"\" class=\"wp-image-62\"\/><\/figure>\n\n\n\n<div style=\"height:10px\" aria-hidden=\"true\" class=\"wp-block-spacer\"><\/div>\n\n\n\n<h4 class=\"wp-block-heading\" style=\"padding-bottom:0\">Profiter de l'exp\u00e9rience<\/h4>\n\n\n\n<div style=\"height:10px\" aria-hidden=\"true\" class=\"wp-block-spacer\"><\/div>\n\n\n\n<h5 class=\"wp-block-heading\" style=\"text-transform:none\">Les partenaires et les exploitants de Deal Estate sont des entreprises suisses de renom. Ils connaissent les exigences et les usages du secteur immobilier gr\u00e2ce \u00e0 des d\u00e9cennies d'exp\u00e9rience.<\/h5>\n\n\n\n<div style=\"height:40px\" aria-hidden=\"true\" class=\"wp-block-spacer\"><\/div>\n<\/div>\n<\/div>\n\n\n\n<div class=\"wp-block-column is-layout-flow wp-block-column-is-layout-flow\">\n<div class=\"wp-block-group arrows is-nowrap is-layout-flex wp-container-core-group-is-layout-6c531013 wp-block-group-is-layout-flex\">\n<div class=\"wp-block-group swiper-button-prev has-global-padding is-layout-constrained wp-block-group-is-layout-constrained\"><\/div>\n\n\n\n<div class=\"wp-block-group swiper-button-next has-global-padding is-layout-constrained wp-block-group-is-layout-constrained\"><\/div>\n<\/div>\n<\/div>\n<\/div>\n\n\n\n<div class=\"wp-block-columns dealestate-list is-layout-flex wp-container-core-columns-is-layout-75fdce38 wp-block-columns-is-layout-flex\" style=\"padding-top:var(--wp--preset--spacing--30);padding-bottom:var(--wp--preset--spacing--30)\">\n<div class=\"wp-block-column is-layout-flow wp-block-column-is-layout-flow\" style=\"flex-basis:33.33%\">\n<figure class=\"wp-block-image size-large\"><img decoding=\"async\" width=\"855\" height=\"1024\" src=\"https:\/\/dealestate.ch\/wp-content\/uploads\/2023\/03\/assets-3-855x1024.jpg\" alt=\"\" class=\"wp-image-61\" srcset=\"https:\/\/dealestate.ch\/wp-content\/uploads\/2023\/03\/assets-3-855x1024.jpg 855w, https:\/\/dealestate.ch\/wp-content\/uploads\/2023\/03\/assets-3-251x300.jpg 251w, https:\/\/dealestate.ch\/wp-content\/uploads\/2023\/03\/assets-3-768x919.jpg 768w, https:\/\/dealestate.ch\/wp-content\/uploads\/2023\/03\/assets-3-10x12.jpg 10w, https:\/\/dealestate.ch\/wp-content\/uploads\/2023\/03\/assets-3.jpg 1086w\" sizes=\"(max-width: 855px) 100vw, 855px\" \/><\/figure>\n<\/div>\n\n\n\n<div class=\"wp-block-column is-layout-flow wp-block-column-is-layout-flow\" style=\"flex-basis:66.66%\">\n<div class=\"wp-block-group dealestate-list-item has-global-padding is-layout-constrained wp-block-group-is-layout-constrained\" style=\"margin-bottom:var(--wp--preset--spacing--30)\">\n<p>L'application fonctionne en Suisse. Toutes les donn\u00e9es sont stock\u00e9es en Suisse.<\/p>\n<\/div>\n\n\n\n<div class=\"wp-block-group dealestate-list-item has-global-padding is-layout-constrained wp-block-group-is-layout-constrained\" style=\"margin-bottom:var(--wp--preset--spacing--30)\">\n<p>L'espace de donn\u00e9es est s\u00e9curis\u00e9 selon les normes les plus strictes.<\/p>\n<\/div>\n\n\n\n<div class=\"wp-block-group dealestate-list-item has-global-padding is-layout-constrained wp-block-group-is-layout-constrained\" style=\"margin-bottom:var(--wp--preset--spacing--30)\">\n<p>Les syst\u00e8mes sont mis \u00e0 jour en permanence.<\/p>\n<\/div>\n\n\n\n<div class=\"wp-block-group dealestate-list-item has-global-padding is-layout-constrained wp-block-group-is-layout-constrained\" style=\"margin-bottom:var(--wp--preset--spacing--30)\">\n<p>Nous investissons continuellement dans la s\u00e9curit\u00e9 mais aussi dans la facilit\u00e9 d'utilisation de Deal Estate.<\/p>\n<\/div>\n<\/div>\n<\/div>\n<\/div>\n<\/div>\n\n\n\n<div class=\"wp-block-group swiper-pagination has-global-padding is-layout-constrained wp-block-group-is-layout-constrained\">\n<p><\/p>\n<\/div>\n<\/div>\n<\/div>","protected":false},"excerpt":{"rendered":"<p>Deal Estate setzt den digitalen Benchmark Deal Estate ist eine der ersten und gr\u00f6ssten On\u00adline-Im\u00admo\u00adbi\u00adli\u00aden-Platt\u00adformen in der Schweiz. Dank eines hochprofessionellen und effizienten digitalen Prozesses finden sich An\u00adbie\u00adter und K\u00e4u\u00adfer von An\u00adla\u00adge- und Ge\u00adsch\u00e4fts\u00adlie\u00adgen\u00adschaf\u00adten. Hocheffizient und einfach Deal Es\u00adta\u00adte di\u00adgi\u00adta\u00adli\u00adsiert den professionellen Handel mit Ge\u00adsch\u00e4fts- und An\u00adla\u00adge\u00adim\u00admo\u00adbi\u00adli\u00aden. Bie\u00adter und K\u00e4u\u00adfer kommunizieren direkt miteinander. In Sekundenschnelle, [&hellip;]<\/p>","protected":false},"author":1,"featured_media":31,"parent":0,"menu_order":0,"comment_status":"closed","ping_status":"closed","template":"","meta":{"footnotes":""},"class_list":["post-45","page","type-page","status-publish","has-post-thumbnail","hentry"],"yoast_head":"<!-- This site is optimized with the Yoast SEO plugin v27.3 - https:\/\/yoast.com\/product\/yoast-seo-wordpress\/ -->\n<title>Vorteile von Deal Estate - DealEstate<\/title>\n<meta name=\"robots\" content=\"index, follow, max-snippet:-1, max-image-preview:large, max-video-preview:-1\" \/>\n<link rel=\"canonical\" href=\"https:\/\/dealestate.ch\/fr\/deal-assets\/\" \/>\n<meta property=\"og:locale\" content=\"fr_FR\" \/>\n<meta property=\"og:type\" content=\"article\" \/>\n<meta property=\"og:title\" content=\"Vorteile von Deal Estate - DealEstate\" \/>\n<meta property=\"og:description\" content=\"Deal Estate setzt den digitalen Benchmark Deal Estate ist eine der ersten und gr\u00f6ssten On\u00adline-Im\u00admo\u00adbi\u00adli\u00aden-Platt\u00adformen in der Schweiz. Dank eines hochprofessionellen und effizienten digitalen Prozesses finden sich An\u00adbie\u00adter und K\u00e4u\u00adfer von An\u00adla\u00adge- und Ge\u00adsch\u00e4fts\u00adlie\u00adgen\u00adschaf\u00adten. Hocheffizient und einfach Deal Es\u00adta\u00adte di\u00adgi\u00adta\u00adli\u00adsiert den professionellen Handel mit Ge\u00adsch\u00e4fts- und An\u00adla\u00adge\u00adim\u00admo\u00adbi\u00adli\u00aden. Bie\u00adter und K\u00e4u\u00adfer kommunizieren direkt miteinander. In Sekundenschnelle, [&hellip;]\" \/>\n<meta property=\"og:url\" content=\"https:\/\/dealestate.ch\/fr\/deal-assets\/\" \/>\n<meta property=\"og:site_name\" content=\"DealEstate\" \/>\n<meta property=\"article:modified_time\" content=\"2023-05-17T08:22:12+00:00\" \/>\n<meta property=\"og:image\" content=\"https:\/\/dealestate.ch\/wp-content\/uploads\/2023\/03\/cover-assets.jpg\" \/>\n\t<meta property=\"og:image:width\" content=\"2000\" \/>\n\t<meta property=\"og:image:height\" content=\"496\" \/>\n\t<meta property=\"og:image:type\" content=\"image\/jpeg\" \/>\n<meta name=\"twitter:card\" content=\"summary_large_image\" \/>\n<meta name=\"twitter:label1\" content=\"Dur\u00e9e de lecture estim\u00e9e\" \/>\n\t<meta name=\"twitter:data1\" content=\"3 minutes\" \/>\n<script type=\"application\/ld+json\" class=\"yoast-schema-graph\">{\"@context\":\"https:\\\/\\\/schema.org\",\"@graph\":[{\"@type\":\"WebPage\",\"@id\":\"https:\\\/\\\/dealestate.ch\\\/deal-assets\\\/\",\"url\":\"https:\\\/\\\/dealestate.ch\\\/deal-assets\\\/\",\"name\":\"Vorteile von Deal Estate - DealEstate\",\"isPartOf\":{\"@id\":\"https:\\\/\\\/dealestate.ch\\\/#website\"},\"primaryImageOfPage\":{\"@id\":\"https:\\\/\\\/dealestate.ch\\\/deal-assets\\\/#primaryimage\"},\"image\":{\"@id\":\"https:\\\/\\\/dealestate.ch\\\/deal-assets\\\/#primaryimage\"},\"thumbnailUrl\":\"https:\\\/\\\/dealestate.ch\\\/wp-content\\\/uploads\\\/2023\\\/03\\\/cover-assets.jpg\",\"datePublished\":\"2023-03-10T11:16:20+00:00\",\"dateModified\":\"2023-05-17T08:22:12+00:00\",\"inLanguage\":\"fr-FR\",\"potentialAction\":[{\"@type\":\"ReadAction\",\"target\":[\"https:\\\/\\\/dealestate.ch\\\/deal-assets\\\/\"]}]},{\"@type\":\"ImageObject\",\"inLanguage\":\"fr-FR\",\"@id\":\"https:\\\/\\\/dealestate.ch\\\/deal-assets\\\/#primaryimage\",\"url\":\"https:\\\/\\\/dealestate.ch\\\/wp-content\\\/uploads\\\/2023\\\/03\\\/cover-assets.jpg\",\"contentUrl\":\"https:\\\/\\\/dealestate.ch\\\/wp-content\\\/uploads\\\/2023\\\/03\\\/cover-assets.jpg\",\"width\":2000,\"height\":496},{\"@type\":\"WebSite\",\"@id\":\"https:\\\/\\\/dealestate.ch\\\/#website\",\"url\":\"https:\\\/\\\/dealestate.ch\\\/\",\"name\":\"DealEstate\",\"description\":\"Handeln Sie online mit Anlageliegenschaften!\",\"publisher\":{\"@id\":\"https:\\\/\\\/dealestate.ch\\\/#organization\"},\"potentialAction\":[{\"@type\":\"SearchAction\",\"target\":{\"@type\":\"EntryPoint\",\"urlTemplate\":\"https:\\\/\\\/dealestate.ch\\\/?s={search_term_string}\"},\"query-input\":{\"@type\":\"PropertyValueSpecification\",\"valueRequired\":true,\"valueName\":\"search_term_string\"}}],\"inLanguage\":\"fr-FR\"},{\"@type\":\"Organization\",\"@id\":\"https:\\\/\\\/dealestate.ch\\\/#organization\",\"name\":\"DealEstate\",\"url\":\"https:\\\/\\\/dealestate.ch\\\/\",\"logo\":{\"@type\":\"ImageObject\",\"inLanguage\":\"fr-FR\",\"@id\":\"https:\\\/\\\/dealestate.ch\\\/#\\\/schema\\\/logo\\\/image\\\/\",\"url\":\"https:\\\/\\\/dealestate.ch\\\/wp-content\\\/uploads\\\/2023\\\/02\\\/logo.svg\",\"contentUrl\":\"https:\\\/\\\/dealestate.ch\\\/wp-content\\\/uploads\\\/2023\\\/02\\\/logo.svg\",\"caption\":\"DealEstate\"},\"image\":{\"@id\":\"https:\\\/\\\/dealestate.ch\\\/#\\\/schema\\\/logo\\\/image\\\/\"}}]}<\/script>\n<!-- \/ Yoast SEO plugin. -->","yoast_head_json":{"title":"Vorteile von Deal Estate - DealEstate","robots":{"index":"index","follow":"follow","max-snippet":"max-snippet:-1","max-image-preview":"max-image-preview:large","max-video-preview":"max-video-preview:-1"},"canonical":"https:\/\/dealestate.ch\/fr\/deal-assets\/","og_locale":"fr_FR","og_type":"article","og_title":"Vorteile von Deal Estate - DealEstate","og_description":"Deal Estate setzt den digitalen Benchmark Deal Estate ist eine der ersten und gr\u00f6ssten On\u00adline-Im\u00admo\u00adbi\u00adli\u00aden-Platt\u00adformen in der Schweiz. Dank eines hochprofessionellen und effizienten digitalen Prozesses finden sich An\u00adbie\u00adter und K\u00e4u\u00adfer von An\u00adla\u00adge- und Ge\u00adsch\u00e4fts\u00adlie\u00adgen\u00adschaf\u00adten. Hocheffizient und einfach Deal Es\u00adta\u00adte di\u00adgi\u00adta\u00adli\u00adsiert den professionellen Handel mit Ge\u00adsch\u00e4fts- und An\u00adla\u00adge\u00adim\u00admo\u00adbi\u00adli\u00aden. Bie\u00adter und K\u00e4u\u00adfer kommunizieren direkt miteinander. In Sekundenschnelle, [&hellip;]","og_url":"https:\/\/dealestate.ch\/fr\/deal-assets\/","og_site_name":"DealEstate","article_modified_time":"2023-05-17T08:22:12+00:00","og_image":[{"width":2000,"height":496,"url":"https:\/\/dealestate.ch\/wp-content\/uploads\/2023\/03\/cover-assets.jpg","type":"image\/jpeg"}],"twitter_card":"summary_large_image","twitter_misc":{"Dur\u00e9e de lecture estim\u00e9e":"3 minutes"},"schema":{"@context":"https:\/\/schema.org","@graph":[{"@type":"WebPage","@id":"https:\/\/dealestate.ch\/deal-assets\/","url":"https:\/\/dealestate.ch\/deal-assets\/","name":"Vorteile von Deal Estate - DealEstate","isPartOf":{"@id":"https:\/\/dealestate.ch\/#website"},"primaryImageOfPage":{"@id":"https:\/\/dealestate.ch\/deal-assets\/#primaryimage"},"image":{"@id":"https:\/\/dealestate.ch\/deal-assets\/#primaryimage"},"thumbnailUrl":"https:\/\/dealestate.ch\/wp-content\/uploads\/2023\/03\/cover-assets.jpg","datePublished":"2023-03-10T11:16:20+00:00","dateModified":"2023-05-17T08:22:12+00:00","inLanguage":"fr-FR","potentialAction":[{"@type":"ReadAction","target":["https:\/\/dealestate.ch\/deal-assets\/"]}]},{"@type":"ImageObject","inLanguage":"fr-FR","@id":"https:\/\/dealestate.ch\/deal-assets\/#primaryimage","url":"https:\/\/dealestate.ch\/wp-content\/uploads\/2023\/03\/cover-assets.jpg","contentUrl":"https:\/\/dealestate.ch\/wp-content\/uploads\/2023\/03\/cover-assets.jpg","width":2000,"height":496},{"@type":"WebSite","@id":"https:\/\/dealestate.ch\/#website","url":"https:\/\/dealestate.ch\/","name":"DealEstate","description":"Handeln Sie online mit Anlageliegenschaften!","publisher":{"@id":"https:\/\/dealestate.ch\/#organization"},"potentialAction":[{"@type":"SearchAction","target":{"@type":"EntryPoint","urlTemplate":"https:\/\/dealestate.ch\/?s={search_term_string}"},"query-input":{"@type":"PropertyValueSpecification","valueRequired":true,"valueName":"search_term_string"}}],"inLanguage":"fr-FR"},{"@type":"Organization","@id":"https:\/\/dealestate.ch\/#organization","name":"DealEstate","url":"https:\/\/dealestate.ch\/","logo":{"@type":"ImageObject","inLanguage":"fr-FR","@id":"https:\/\/dealestate.ch\/#\/schema\/logo\/image\/","url":"https:\/\/dealestate.ch\/wp-content\/uploads\/2023\/02\/logo.svg","contentUrl":"https:\/\/dealestate.ch\/wp-content\/uploads\/2023\/02\/logo.svg","caption":"DealEstate"},"image":{"@id":"https:\/\/dealestate.ch\/#\/schema\/logo\/image\/"}}]}},"_links":{"self":[{"href":"https:\/\/dealestate.ch\/fr\/wp-json\/wp\/v2\/pages\/45","targetHints":{"allow":["GET"]}}],"collection":[{"href":"https:\/\/dealestate.ch\/fr\/wp-json\/wp\/v2\/pages"}],"about":[{"href":"https:\/\/dealestate.ch\/fr\/wp-json\/wp\/v2\/types\/page"}],"author":[{"embeddable":true,"href":"https:\/\/dealestate.ch\/fr\/wp-json\/wp\/v2\/users\/1"}],"replies":[{"embeddable":true,"href":"https:\/\/dealestate.ch\/fr\/wp-json\/wp\/v2\/comments?post=45"}],"version-history":[{"count":15,"href":"https:\/\/dealestate.ch\/fr\/wp-json\/wp\/v2\/pages\/45\/revisions"}],"predecessor-version":[{"id":307,"href":"https:\/\/dealestate.ch\/fr\/wp-json\/wp\/v2\/pages\/45\/revisions\/307"}],"wp:featuredmedia":[{"embeddable":true,"href":"https:\/\/dealestate.ch\/fr\/wp-json\/wp\/v2\/media\/31"}],"wp:attachment":[{"href":"https:\/\/dealestate.ch\/fr\/wp-json\/wp\/v2\/media?parent=45"}],"curies":[{"name":"wp","href":"https:\/\/api.w.org\/{rel}","templated":true}]}}