{"id":17,"date":"2023-03-08T21:32:56","date_gmt":"2023-03-08T21:32:56","guid":{"rendered":"https:\/\/dealestate.ch\/?page_id=17"},"modified":"2024-08-29T07:45:28","modified_gmt":"2024-08-29T07:45:28","slug":"deal-estate","status":"publish","type":"page","link":"https:\/\/dealestate.ch\/fr\/deal-estate\/","title":{"rendered":"Team"},"content":{"rendered":"<div class=\"wp-block-columns is-layout-flex wp-container-core-columns-is-layout-8166e7d9 wp-block-columns-is-layout-flex\" style=\"padding-bottom:var(--wp--preset--spacing--30)\">\n<div class=\"wp-block-column is-layout-flow wp-block-column-is-layout-flow\">\n<figure class=\"wp-block-image size-full\"><img decoding=\"async\" width=\"480\" height=\"612\" src=\"https:\/\/dealestate.ch\/wp-content\/uploads\/2023\/03\/1-1.jpg\" alt=\"\" class=\"wp-image-152\" srcset=\"https:\/\/dealestate.ch\/wp-content\/uploads\/2023\/03\/1-1.jpg 480w, https:\/\/dealestate.ch\/wp-content\/uploads\/2023\/03\/1-1-235x300.jpg 235w, https:\/\/dealestate.ch\/wp-content\/uploads\/2023\/03\/1-1-9x12.jpg 9w\" sizes=\"(max-width: 480px) 100vw, 480px\" \/><\/figure>\n\n\n\n<div class=\"wp-block-group has-global-padding is-layout-constrained wp-block-group-is-layout-constrained\">\n<div style=\"height:20px\" aria-hidden=\"true\" class=\"wp-block-spacer\"><\/div>\n\n\n\n<h5 class=\"wp-block-heading\" style=\"text-transform:none\">Dr. Chris\u00adtoph Za\u00adbo\u00adrow\u00adski<\/h5>\n\n\n\n<div style=\"height:10px\" aria-hidden=\"true\" class=\"wp-block-spacer\"><\/div>\n\n\n\n<p>1968, Z\u00fc\u00adrich<\/p>\n\n\n\n<div style=\"height:10px\" aria-hidden=\"true\" class=\"wp-block-spacer\"><\/div>\n\n\n\n<p><strong>Pr\u00e9sident du conseil d'administration<\/strong><br>A ce poste depuis 01.09.2016<\/p>\n\n\n\n<div style=\"height:10px\" aria-hidden=\"true\" class=\"wp-block-spacer\"><\/div>\n\n\n\n<p><strong>Formation<\/strong><br>Dr. oec. publ. (Universit\u00e9 de Zurich ),<br>Dipl\u00f4m\u00e9 en \u00e9conomie (Universit\u00e9 de Constance)<\/p>\n\n\n\n<div style=\"height:10px\" aria-hidden=\"true\" class=\"wp-block-spacer\"><\/div>\n\n\n\n<p><strong>Activit\u00e9 professionnelle<\/strong><\/p>\n\n\n\n<p><strong>Depuis 2015<\/strong> Actionnaire principal et pr\u00e9sident du conseil d'administration de REFL Invest AG<\/p>\n\n\n\n<p><strong>2003 \u2013 2014<\/strong> Partenaire aupr\u00e8s de la soci\u00e9t\u00e9 W\u00fcest Partner<\/p>\n\n\n\n<p><strong>1999 \u2013 2003<\/strong> Collaborateur de la soci\u00e9t\u00e9 W\u00fcest Partner<\/p>\n\n\n\n<p><strong>1994 \u2013 1999<\/strong> Assistant \u00e0 l'Institut de recherche empirique en \u00e9conomie de l'Universit\u00e9 de Zurich<\/p>\n\n\n\n<div style=\"height:10px\" aria-hidden=\"true\" class=\"wp-block-spacer\"><\/div>\n\n\n\n<div style=\"height:10px\" aria-hidden=\"true\" class=\"wp-block-spacer\"><\/div>\n\n\n\n<p><strong>Comp\u00e9tences<\/strong><br>D\u00e9veloppement de strat\u00e9gies, march\u00e9 immobilier, \u00e9valuation immobili\u00e8re, analyse de donn\u00e9es, recherche, analyse de risques<\/p>\n\n\n\n<div style=\"height:10px\" aria-hidden=\"true\" class=\"wp-block-spacer\"><\/div>\n\n\n\n<div style=\"height:10px\" aria-hidden=\"true\" class=\"wp-block-spacer\"><\/div>\n\n\n\n<p><strong>Autres mandats<\/strong><br>Propri\u00e9taire principal et pr\u00e9sident du conseil d'administration de REFL Invest AG, membre du conseil d'administration de COL Ltd (Alpasion Wines &amp; Lodge), membre du conseil d'administration de Seraina Real Estate AG, pr\u00e9sident du comit\u00e9 d'investissement de la fondation de placement Seraina, membre du comit\u00e9 immobilier de la caisse de pension Lonza, pr\u00e9sident du comit\u00e9 d'investissement de FG Wohninvest Deutschland, conseiller du comit\u00e9 FG Wohnen Deutschland.<\/p>\n<\/div>\n<\/div>\n\n\n\n<div class=\"wp-block-column is-layout-flow wp-block-column-is-layout-flow\">\n<figure class=\"wp-block-image size-full\"><img decoding=\"async\" width=\"480\" height=\"612\" src=\"https:\/\/dealestate.ch\/wp-content\/uploads\/2023\/03\/2-1.jpg\" alt=\"\" class=\"wp-image-153\" srcset=\"https:\/\/dealestate.ch\/wp-content\/uploads\/2023\/03\/2-1.jpg 480w, https:\/\/dealestate.ch\/wp-content\/uploads\/2023\/03\/2-1-235x300.jpg 235w, https:\/\/dealestate.ch\/wp-content\/uploads\/2023\/03\/2-1-9x12.jpg 9w\" sizes=\"(max-width: 480px) 100vw, 480px\" \/><\/figure>\n\n\n\n<div class=\"wp-block-group has-global-padding is-layout-constrained wp-block-group-is-layout-constrained\">\n<div style=\"height:20px\" aria-hidden=\"true\" class=\"wp-block-spacer\"><\/div>\n\n\n\n<h5 class=\"wp-block-heading\" style=\"text-transform:none\">Peter Wull\u00adschle\u00adger<\/h5>\n\n\n\n<div style=\"height:10px\" aria-hidden=\"true\" class=\"wp-block-spacer\"><\/div>\n\n\n\n<p>1965, Zo\u00adfin\u00adgen<\/p>\n\n\n\n<div style=\"height:10px\" aria-hidden=\"true\" class=\"wp-block-spacer\"><\/div>\n\n\n\n<p><strong>Membre du conseil d'administration et administrateur-d\u00e9l\u00e9gu\u00e9<\/strong><br>A ce poste depuis 01.09.2016<\/p>\n\n\n\n<div style=\"height:10px\" aria-hidden=\"true\" class=\"wp-block-spacer\"><\/div>\n\n\n\n<p><strong>Formation<\/strong><br>Comptable avec brevet f\u00e9d\u00e9ral (1989-1992 Soci\u00e9t\u00e9 suisse des employ\u00e9s de commerce, Zurich)<\/p>\n\n\n\n<div style=\"height:10px\" aria-hidden=\"true\" class=\"wp-block-spacer\"><\/div>\n\n\n\n<p><strong>Activit\u00e9 professionnelle<\/strong><\/p>\n\n\n\n<p><strong>1999 \u2013 2014<\/strong> Chief Financial Officer et membre de la direction du groupe Swiss Prime Site AG<\/p>\n\n\n\n<p><strong>1994 \u2013 2012<\/strong> Managing Director, responsable Finances &amp; Controlling de Real Estate Asset Management Suisse, Credit Suisse AG, Zurich<\/p>\n\n\n\n<p><strong>1985 \u2013 1994<\/strong> Chef de groupe de la comptabilit\u00e9 financi\u00e8re, DEVO AG, Olten (soci\u00e9t\u00e9 anonyme de fonds de placement immobiliers de l'ancienne Banque populaire)<\/p>\n\n\n\n<div style=\"height:10px\" aria-hidden=\"true\" class=\"wp-block-spacer\"><\/div>\n\n\n\n<p><strong>Comp\u00e9tences<\/strong><br>Finance et comptabilit\u00e9, controlling, fiscalit\u00e9, compliance, march\u00e9 des capitaux, financement et cr\u00e9dits, fusions-acquisitions, march\u00e9 immobilier, droit locatif, LPCC (loi sur les placements collectifs), gestion d'actifs<\/p>\n\n\n\n<div style=\"height:10px\" aria-hidden=\"true\" class=\"wp-block-spacer\"><\/div>\n\n\n\n<p><strong>Autres mandats<\/strong><br>Membre du conseil de fondation de la Caisse de pension de la ville d'Olten, membre du conseil d'administration de Plusimmo AG, Schaffhouse, et d'Immonio AG, Schaffhouse<\/p>\n<\/div>\n<\/div>\n\n\n\n<div class=\"wp-block-column is-layout-flow wp-block-column-is-layout-flow\">\n<figure class=\"wp-block-image size-full\"><img decoding=\"async\" width=\"480\" height=\"612\" src=\"https:\/\/dealestate.ch\/wp-content\/uploads\/2023\/03\/3-1.jpg\" alt=\"\" class=\"wp-image-154\" srcset=\"https:\/\/dealestate.ch\/wp-content\/uploads\/2023\/03\/3-1.jpg 480w, https:\/\/dealestate.ch\/wp-content\/uploads\/2023\/03\/3-1-235x300.jpg 235w, https:\/\/dealestate.ch\/wp-content\/uploads\/2023\/03\/3-1-9x12.jpg 9w\" sizes=\"(max-width: 480px) 100vw, 480px\" \/><\/figure>\n\n\n\n<div class=\"wp-block-group has-global-padding is-layout-constrained wp-block-group-is-layout-constrained\">\n<div style=\"height:20px\" aria-hidden=\"true\" class=\"wp-block-spacer\"><\/div>\n\n\n\n<h5 class=\"wp-block-heading\" style=\"text-transform:none\">Anja Meyer<\/h5>\n\n\n\n<div style=\"height:10px\" aria-hidden=\"true\" class=\"wp-block-spacer\"><\/div>\n\n\n\n<p>1967, Lucerne<\/p>\n\n\n\n<div style=\"height:10px\" aria-hidden=\"true\" class=\"wp-block-spacer\"><\/div>\n\n\n\n<p><strong><strong>Membre du conseil d'administration<\/strong><\/strong><\/p>\n\n\n\n<p>A ce poste depuis 01.09.2016<\/p>\n\n\n\n<div style=\"height:10px\" aria-hidden=\"true\" class=\"wp-block-spacer\"><\/div>\n\n\n\n<p><strong><strong>Formation<\/strong><\/strong><\/p>\n\n\n\n<p>Dipl\u00f4me de l'Institut suisse pour les petites et moyennes entreprises (KMU-HSG), Universit\u00e9 de Saint-Gall<\/p>\n\n\n\n<div style=\"height:10px\" aria-hidden=\"true\" class=\"wp-block-spacer\"><\/div>\n\n\n\n<p><strong><strong>Activit\u00e9 professionnelle<\/strong><\/strong><br><strong>2009 \u2013 2017<\/strong>&nbsp;Propri\u00e9taire et administratrice-d\u00e9l\u00e9gu\u00e9e de smeyers Holding AG.<br><strong>2002 \u2013 2009<\/strong>&nbsp;Responsable Commercialisation et membre de la direction de Serimo Service Immobilier SA.<br><strong>1995 \u2013 2002<\/strong>&nbsp;Business Development Director Suisse et Autriche de REGUS Plc.<br><strong>1992 \u2013 1995<\/strong>&nbsp;Sales Director Quail Ridge Development, FLA.<br><strong>1988 \u2013 1992<\/strong>&nbsp;Office Manager APAX Partners.<\/p>\n\n\n\n<div style=\"height:10px\" aria-hidden=\"true\" class=\"wp-block-spacer\"><\/div>\n\n\n\n<p><strong><strong>Comp\u00e9tences<\/strong><\/strong><\/p>\n\n\n\n<p>Vente, achat (Due Diligence), commercialisation et positionnement de placements immobiliers. Conseil en immobilier aux PME. Transactions d'entreprise et transaction immobili\u00e8res. Direction et d\u00e9veloppement.<\/p>\n\n\n\n<div style=\"height:10px\" aria-hidden=\"true\" class=\"wp-block-spacer\"><\/div>\n\n\n\n<p><strong><strong>Autres mandats<\/strong><\/strong><br>Pr\u00e9sidente du conseil d'administration de smeyers Holding AG, Lucerne, pr\u00e9sidente du conseil de fondation du Luzerner Theater, Lucerne, membre du conseil d'administration de Soluma AG, Emmen<\/p>\n<\/div>\n<\/div>\n<\/div>\n\n\n\n<div class=\"wp-block-columns is-layout-flex wp-container-core-columns-is-layout-87beb0d0 wp-block-columns-is-layout-flex\">\n<div class=\"wp-block-column is-layout-flow wp-block-column-is-layout-flow\">\n<figure class=\"wp-block-image size-full\"><img decoding=\"async\" width=\"480\" height=\"612\" src=\"https:\/\/dealestate.ch\/wp-content\/uploads\/2023\/03\/4.jpg\" alt=\"\" class=\"wp-image-155\" srcset=\"https:\/\/dealestate.ch\/wp-content\/uploads\/2023\/03\/4.jpg 480w, https:\/\/dealestate.ch\/wp-content\/uploads\/2023\/03\/4-235x300.jpg 235w, https:\/\/dealestate.ch\/wp-content\/uploads\/2023\/03\/4-9x12.jpg 9w\" sizes=\"(max-width: 480px) 100vw, 480px\" \/><\/figure>\n\n\n\n<div class=\"wp-block-group has-global-padding is-layout-constrained wp-block-group-is-layout-constrained\">\n<div style=\"height:20px\" aria-hidden=\"true\" class=\"wp-block-spacer\"><\/div>\n\n\n\n<h5 class=\"wp-block-heading\" style=\"text-transform:none\">Pa\u00adtrick Meyer<\/h5>\n\n\n\n<div style=\"height:10px\" aria-hidden=\"true\" class=\"wp-block-spacer\"><\/div>\n\n\n\n<p>1964, Lu\u00adzern<\/p>\n\n\n\n<div style=\"height:10px\" aria-hidden=\"true\" class=\"wp-block-spacer\"><\/div>\n\n\n\n<p><strong>Membre du conseil d'administration<\/strong><br>A ce poste depuis 01.09.2016<\/p>\n\n\n\n<div style=\"height:10px\" aria-hidden=\"true\" class=\"wp-block-spacer\"><\/div>\n\n\n\n<p><strong>Formation<\/strong><br>Ing. dipl. en m\u00e9canique EPF \/ MBA<\/p>\n\n\n\n<div style=\"height:10px\" aria-hidden=\"true\" class=\"wp-block-spacer\"><\/div>\n\n\n\n<p><strong>Activit\u00e9 professionnelle<\/strong><\/p>\n\n\n\n<p><strong>Depuis 2008<\/strong> Cr\u00e9ation et d\u00e9veloppement de la production, AM Surface GmbH<\/p>\n\n\n\n<p><strong>Depuis 2006<\/strong> Chef de projet et responsable des tests de projets logiciels, Patrick Meyer Consulting &amp; Engineering GmbH<\/p>\n\n\n\n<p><strong>2001 \u2013 2006<\/strong> Responsable d'exploitation Automotive, Sarnamotive Schweiz AG<\/p>\n\n\n\n<p><strong>1999 \u2013 2001<\/strong>  Chef de projet Construction d'installations, Sibos AG<\/p>\n\n\n\n<p><strong>Jusqu'en 1999<\/strong> Chef de projet Acier et construction d'installations, Josef Meyer Stahl &amp; Metall AG<\/p>\n\n\n\n<div style=\"height:10px\" aria-hidden=\"true\" class=\"wp-block-spacer\"><\/div>\n\n\n\n<p><strong>Comp\u00e9tences<\/strong><br>Direction de projet, gestion des exigences et des tests, direction du d\u00e9veloppement, coaching en innovation<\/p>\n<\/div>\n<\/div>\n\n\n\n<div class=\"wp-block-column is-layout-flow wp-block-column-is-layout-flow\">\n<figure class=\"wp-block-image size-full\"><img decoding=\"async\" width=\"480\" height=\"612\" src=\"https:\/\/dealestate.ch\/wp-content\/uploads\/2023\/03\/5.jpg\" alt=\"\" class=\"wp-image-156\" srcset=\"https:\/\/dealestate.ch\/wp-content\/uploads\/2023\/03\/5.jpg 480w, https:\/\/dealestate.ch\/wp-content\/uploads\/2023\/03\/5-235x300.jpg 235w, https:\/\/dealestate.ch\/wp-content\/uploads\/2023\/03\/5-9x12.jpg 9w\" sizes=\"(max-width: 480px) 100vw, 480px\" \/><\/figure>\n\n\n\n<div class=\"wp-block-group has-global-padding is-layout-constrained wp-block-group-is-layout-constrained\">\n<div style=\"height:20px\" aria-hidden=\"true\" class=\"wp-block-spacer\"><\/div>\n\n\n\n<h5 class=\"wp-block-heading\" style=\"text-transform:none\"><strong>Reto von Rotz<\/strong><\/h5>\n\n\n\n<div style=\"height:10px\" aria-hidden=\"true\" class=\"wp-block-spacer\"><\/div>\n\n\n\n<p>1972, Lucerne et Kerns<\/p>\n\n\n\n<div style=\"height:10px\" aria-hidden=\"true\" class=\"wp-block-spacer\"><\/div>\n\n\n\n<p><strong>Membre du conseil d'administration<\/strong><br>A ce poste depuis 13.04.2021<\/p>\n\n\n\n<div style=\"height:10px\" aria-hidden=\"true\" class=\"wp-block-spacer\"><\/div>\n\n\n\n<p><strong>Formation<\/strong><br>Master in Real Estate Management UZH \/ CUREM (2010), cours de base, cours d'experts et cours sp\u00e9ciaux aupr\u00e8s de l'Association suisse des \u00e9valuateurs immobiliers SIV, architecte dipl\u00f4m\u00e9 FH Brugg-Windisch (1997)<\/p>\n\n\n\n<div style=\"height:10px\" aria-hidden=\"true\" class=\"wp-block-spacer\"><\/div>\n\n\n\n<p><strong>Activit\u00e9 professionnelle<\/strong><\/p>\n\n\n\n<p><strong>Depuis 2017<\/strong> Directeur de la gestion des transactions et membre de la direction \/ du conseil d'administration de Markstein AG, Baden<\/p>\n\n\n\n<p><strong>2006 \u2013 2017<\/strong> Responsable de la fiduciaire de construction et membres de la direction de la Markstein AG, Baden<\/p>\n\n\n\n<p><strong>1997&nbsp;\u2013 2006<\/strong> Directeur et pr\u00e9sident du conseil d'administration de 5 Architekten AG, Wettingen<\/p>\n\n\n\n<div style=\"height:10px\" aria-hidden=\"true\" class=\"wp-block-spacer\"><\/div>\n\n\n\n<p><strong>Comp\u00e9tences<\/strong><br>Gestion des transactions, d\u00e9veloppement de projets immobiliers, fiduciaire de construction, \u00e9valuations immobili\u00e8res, strat\u00e9gies de portefeuille<\/p>\n<\/div>\n\n\n\n<p><strong><strong>Autres mandats<\/strong><\/strong><br>Direction g\u00e9n\u00e9rale (CIO) Real Fund Management AG, Zoug<\/p>\n<\/div>\n\n\n\n<div class=\"wp-block-column is-layout-flow wp-block-column-is-layout-flow\"><\/div>\n<\/div>\n\n\n\n<p><\/p>","protected":false},"excerpt":{"rendered":"<p>Dr. Chris\u00adtoph Za\u00adbo\u00adrow\u00adski 1968, Z\u00fc\u00adrich Pr\u00e4\u00adsi\u00addent des Ver\u00adwal\u00adtungs\u00adratsIn die\u00adser Funk\u00adti\u00adon seit 01.09.2016 Aus\u00adbil\u00addungDr. oec. publ. (Uni\u00adver\u00adsi\u00adt\u00e4t Z\u00fc\u00adrich),Dipl. Volks\u00adwirt (Uni\u00adver\u00adsi\u00adt\u00e4t Kon\u00adstanz) Be\u00adruf\u00adli\u00adche T\u00e4\u00adtig\u00adkeit Seit 2015 Haupt\u00adak\u00adtio\u00adn\u00e4r und Pr\u00e4\u00adsi\u00addent des Ver\u00adwal\u00adtungs\u00adra\u00adtes der REFL In\u00advest AG 2003 \u2013 2014 Part\u00adner bei der Firma W\u00fcest Part\u00adner 1999 \u2013 2003 Mit\u00adar\u00adbei\u00adter bei W\u00fcest Part\u00adner 1994 \u2013 1999 As\u00adsis\u00adtent am In\u00adsti\u00adtut [&hellip;]<\/p>","protected":false},"author":1,"featured_media":235,"parent":0,"menu_order":0,"comment_status":"closed","ping_status":"closed","template":"","meta":{"footnotes":""},"class_list":["post-17","page","type-page","status-publish","has-post-thumbnail","hentry"],"yoast_head":"<!-- This site is optimized with the Yoast SEO plugin v27.4 - https:\/\/yoast.com\/product\/yoast-seo-wordpress\/ -->\n<title>Team - DealEstate %<\/title>\n<meta name=\"robots\" content=\"index, follow, max-snippet:-1, max-image-preview:large, max-video-preview:-1\" \/>\n<link rel=\"canonical\" href=\"https:\/\/dealestate.ch\/fr\/deal-estate\/\" \/>\n<meta property=\"og:locale\" content=\"fr_FR\" \/>\n<meta property=\"og:type\" content=\"article\" \/>\n<meta property=\"og:title\" content=\"Team - DealEstate %\" \/>\n<meta property=\"og:description\" content=\"Dr. Chris\u00adtoph Za\u00adbo\u00adrow\u00adski 1968, Z\u00fc\u00adrich Pr\u00e4\u00adsi\u00addent des Ver\u00adwal\u00adtungs\u00adratsIn die\u00adser Funk\u00adti\u00adon seit 01.09.2016 Aus\u00adbil\u00addungDr. oec. publ. (Uni\u00adver\u00adsi\u00adt\u00e4t Z\u00fc\u00adrich),Dipl. Volks\u00adwirt (Uni\u00adver\u00adsi\u00adt\u00e4t Kon\u00adstanz) Be\u00adruf\u00adli\u00adche T\u00e4\u00adtig\u00adkeit Seit 2015 Haupt\u00adak\u00adtio\u00adn\u00e4r und Pr\u00e4\u00adsi\u00addent des Ver\u00adwal\u00adtungs\u00adra\u00adtes der REFL In\u00advest AG 2003 \u2013 2014 Part\u00adner bei der Firma W\u00fcest Part\u00adner 1999 \u2013 2003 Mit\u00adar\u00adbei\u00adter bei W\u00fcest Part\u00adner 1994 \u2013 1999 As\u00adsis\u00adtent am In\u00adsti\u00adtut [&hellip;]\" \/>\n<meta property=\"og:url\" content=\"https:\/\/dealestate.ch\/fr\/deal-estate\/\" \/>\n<meta property=\"og:site_name\" content=\"DealEstate\" \/>\n<meta property=\"article:modified_time\" content=\"2024-08-29T07:45:28+00:00\" \/>\n<meta property=\"og:image\" content=\"https:\/\/dealestate.ch\/wp-content\/uploads\/2023\/05\/4.jpg\" \/>\n\t<meta property=\"og:image:width\" content=\"1628\" \/>\n\t<meta property=\"og:image:height\" content=\"580\" \/>\n\t<meta property=\"og:image:type\" content=\"image\/jpeg\" \/>\n<meta name=\"twitter:card\" content=\"summary_large_image\" \/>\n<meta name=\"twitter:label1\" content=\"Dur\u00e9e de lecture estim\u00e9e\" \/>\n\t<meta name=\"twitter:data1\" content=\"4 minutes\" \/>\n<script type=\"application\/ld+json\" class=\"yoast-schema-graph\">{\"@context\":\"https:\\\/\\\/schema.org\",\"@graph\":[{\"@type\":\"WebPage\",\"@id\":\"https:\\\/\\\/dealestate.ch\\\/deal-estate\\\/\",\"url\":\"https:\\\/\\\/dealestate.ch\\\/deal-estate\\\/\",\"name\":\"Team - DealEstate %\",\"isPartOf\":{\"@id\":\"https:\\\/\\\/dealestate.ch\\\/#website\"},\"primaryImageOfPage\":{\"@id\":\"https:\\\/\\\/dealestate.ch\\\/deal-estate\\\/#primaryimage\"},\"image\":{\"@id\":\"https:\\\/\\\/dealestate.ch\\\/deal-estate\\\/#primaryimage\"},\"thumbnailUrl\":\"https:\\\/\\\/dealestate.ch\\\/wp-content\\\/uploads\\\/2023\\\/05\\\/4.jpg\",\"datePublished\":\"2023-03-08T21:32:56+00:00\",\"dateModified\":\"2024-08-29T07:45:28+00:00\",\"inLanguage\":\"fr-FR\",\"potentialAction\":[{\"@type\":\"ReadAction\",\"target\":[\"https:\\\/\\\/dealestate.ch\\\/deal-estate\\\/\"]}]},{\"@type\":\"ImageObject\",\"inLanguage\":\"fr-FR\",\"@id\":\"https:\\\/\\\/dealestate.ch\\\/deal-estate\\\/#primaryimage\",\"url\":\"https:\\\/\\\/dealestate.ch\\\/wp-content\\\/uploads\\\/2023\\\/05\\\/4.jpg\",\"contentUrl\":\"https:\\\/\\\/dealestate.ch\\\/wp-content\\\/uploads\\\/2023\\\/05\\\/4.jpg\",\"width\":1628,\"height\":580},{\"@type\":\"WebSite\",\"@id\":\"https:\\\/\\\/dealestate.ch\\\/#website\",\"url\":\"https:\\\/\\\/dealestate.ch\\\/\",\"name\":\"DealEstate\",\"description\":\"Handeln Sie online mit Anlageliegenschaften!\",\"publisher\":{\"@id\":\"https:\\\/\\\/dealestate.ch\\\/#organization\"},\"potentialAction\":[{\"@type\":\"SearchAction\",\"target\":{\"@type\":\"EntryPoint\",\"urlTemplate\":\"https:\\\/\\\/dealestate.ch\\\/?s={search_term_string}\"},\"query-input\":{\"@type\":\"PropertyValueSpecification\",\"valueRequired\":true,\"valueName\":\"search_term_string\"}}],\"inLanguage\":\"fr-FR\"},{\"@type\":\"Organization\",\"@id\":\"https:\\\/\\\/dealestate.ch\\\/#organization\",\"name\":\"DealEstate\",\"url\":\"https:\\\/\\\/dealestate.ch\\\/\",\"logo\":{\"@type\":\"ImageObject\",\"inLanguage\":\"fr-FR\",\"@id\":\"https:\\\/\\\/dealestate.ch\\\/#\\\/schema\\\/logo\\\/image\\\/\",\"url\":\"https:\\\/\\\/dealestate.ch\\\/wp-content\\\/uploads\\\/2023\\\/02\\\/logo.svg\",\"contentUrl\":\"https:\\\/\\\/dealestate.ch\\\/wp-content\\\/uploads\\\/2023\\\/02\\\/logo.svg\",\"caption\":\"DealEstate\"},\"image\":{\"@id\":\"https:\\\/\\\/dealestate.ch\\\/#\\\/schema\\\/logo\\\/image\\\/\"}}]}<\/script>\n<!-- \/ Yoast SEO plugin. -->","yoast_head_json":{"title":"Team - DealEstate %","robots":{"index":"index","follow":"follow","max-snippet":"max-snippet:-1","max-image-preview":"max-image-preview:large","max-video-preview":"max-video-preview:-1"},"canonical":"https:\/\/dealestate.ch\/fr\/deal-estate\/","og_locale":"fr_FR","og_type":"article","og_title":"Team - DealEstate %","og_description":"Dr. Chris\u00adtoph Za\u00adbo\u00adrow\u00adski 1968, Z\u00fc\u00adrich Pr\u00e4\u00adsi\u00addent des Ver\u00adwal\u00adtungs\u00adratsIn die\u00adser Funk\u00adti\u00adon seit 01.09.2016 Aus\u00adbil\u00addungDr. oec. publ. (Uni\u00adver\u00adsi\u00adt\u00e4t Z\u00fc\u00adrich),Dipl. Volks\u00adwirt (Uni\u00adver\u00adsi\u00adt\u00e4t Kon\u00adstanz) Be\u00adruf\u00adli\u00adche T\u00e4\u00adtig\u00adkeit Seit 2015 Haupt\u00adak\u00adtio\u00adn\u00e4r und Pr\u00e4\u00adsi\u00addent des Ver\u00adwal\u00adtungs\u00adra\u00adtes der REFL In\u00advest AG 2003 \u2013 2014 Part\u00adner bei der Firma W\u00fcest Part\u00adner 1999 \u2013 2003 Mit\u00adar\u00adbei\u00adter bei W\u00fcest Part\u00adner 1994 \u2013 1999 As\u00adsis\u00adtent am In\u00adsti\u00adtut [&hellip;]","og_url":"https:\/\/dealestate.ch\/fr\/deal-estate\/","og_site_name":"DealEstate","article_modified_time":"2024-08-29T07:45:28+00:00","og_image":[{"width":1628,"height":580,"url":"https:\/\/dealestate.ch\/wp-content\/uploads\/2023\/05\/4.jpg","type":"image\/jpeg"}],"twitter_card":"summary_large_image","twitter_misc":{"Dur\u00e9e de lecture estim\u00e9e":"4 minutes"},"schema":{"@context":"https:\/\/schema.org","@graph":[{"@type":"WebPage","@id":"https:\/\/dealestate.ch\/deal-estate\/","url":"https:\/\/dealestate.ch\/deal-estate\/","name":"Team - DealEstate %","isPartOf":{"@id":"https:\/\/dealestate.ch\/#website"},"primaryImageOfPage":{"@id":"https:\/\/dealestate.ch\/deal-estate\/#primaryimage"},"image":{"@id":"https:\/\/dealestate.ch\/deal-estate\/#primaryimage"},"thumbnailUrl":"https:\/\/dealestate.ch\/wp-content\/uploads\/2023\/05\/4.jpg","datePublished":"2023-03-08T21:32:56+00:00","dateModified":"2024-08-29T07:45:28+00:00","inLanguage":"fr-FR","potentialAction":[{"@type":"ReadAction","target":["https:\/\/dealestate.ch\/deal-estate\/"]}]},{"@type":"ImageObject","inLanguage":"fr-FR","@id":"https:\/\/dealestate.ch\/deal-estate\/#primaryimage","url":"https:\/\/dealestate.ch\/wp-content\/uploads\/2023\/05\/4.jpg","contentUrl":"https:\/\/dealestate.ch\/wp-content\/uploads\/2023\/05\/4.jpg","width":1628,"height":580},{"@type":"WebSite","@id":"https:\/\/dealestate.ch\/#website","url":"https:\/\/dealestate.ch\/","name":"DealEstate","description":"Handeln Sie online mit Anlageliegenschaften!","publisher":{"@id":"https:\/\/dealestate.ch\/#organization"},"potentialAction":[{"@type":"SearchAction","target":{"@type":"EntryPoint","urlTemplate":"https:\/\/dealestate.ch\/?s={search_term_string}"},"query-input":{"@type":"PropertyValueSpecification","valueRequired":true,"valueName":"search_term_string"}}],"inLanguage":"fr-FR"},{"@type":"Organization","@id":"https:\/\/dealestate.ch\/#organization","name":"DealEstate","url":"https:\/\/dealestate.ch\/","logo":{"@type":"ImageObject","inLanguage":"fr-FR","@id":"https:\/\/dealestate.ch\/#\/schema\/logo\/image\/","url":"https:\/\/dealestate.ch\/wp-content\/uploads\/2023\/02\/logo.svg","contentUrl":"https:\/\/dealestate.ch\/wp-content\/uploads\/2023\/02\/logo.svg","caption":"DealEstate"},"image":{"@id":"https:\/\/dealestate.ch\/#\/schema\/logo\/image\/"}}]}},"_links":{"self":[{"href":"https:\/\/dealestate.ch\/fr\/wp-json\/wp\/v2\/pages\/17","targetHints":{"allow":["GET"]}}],"collection":[{"href":"https:\/\/dealestate.ch\/fr\/wp-json\/wp\/v2\/pages"}],"about":[{"href":"https:\/\/dealestate.ch\/fr\/wp-json\/wp\/v2\/types\/page"}],"author":[{"embeddable":true,"href":"https:\/\/dealestate.ch\/fr\/wp-json\/wp\/v2\/users\/1"}],"replies":[{"embeddable":true,"href":"https:\/\/dealestate.ch\/fr\/wp-json\/wp\/v2\/comments?post=17"}],"version-history":[{"count":19,"href":"https:\/\/dealestate.ch\/fr\/wp-json\/wp\/v2\/pages\/17\/revisions"}],"predecessor-version":[{"id":374,"href":"https:\/\/dealestate.ch\/fr\/wp-json\/wp\/v2\/pages\/17\/revisions\/374"}],"wp:featuredmedia":[{"embeddable":true,"href":"https:\/\/dealestate.ch\/fr\/wp-json\/wp\/v2\/media\/235"}],"wp:attachment":[{"href":"https:\/\/dealestate.ch\/fr\/wp-json\/wp\/v2\/media?parent=17"}],"curies":[{"name":"wp","href":"https:\/\/api.w.org\/{rel}","templated":true}]}}