{"id":101,"date":"2023-03-10T12:15:49","date_gmt":"2023-03-10T12:15:49","guid":{"rendered":"https:\/\/dealestate.ch\/?page_id=101"},"modified":"2023-05-03T13:04:41","modified_gmt":"2023-05-03T13:04:41","slug":"faq","status":"publish","type":"page","link":"https:\/\/dealestate.ch\/fr\/faq\/","title":{"rendered":"FAQ"},"content":{"rendered":"<div class=\"wp-block-group has-global-padding is-layout-constrained wp-block-group-is-layout-constrained\" style=\"padding-bottom:var(--wp--preset--spacing--60)\">\n<h4 class=\"wp-block-heading\" style=\"padding-bottom:0\">Questions sur les march\u00e9s<\/h4>\n\n\n\n<div style=\"height:10px\" aria-hidden=\"true\" class=\"wp-block-spacer\"><\/div>\n\n\n\n<h5 class=\"wp-block-heading\" style=\"text-transform:none\">Deal Estate est intuitif. Cela se v\u00e9rifie au moment de l\u2019inscription, comme lors de la publication d\u2019un bien ou pendant le processus de soumission. \u00c0 tout moment, la plateforme donne des instructions claires et v\u00e9rifie la plausibilit\u00e9 des \u00e9l\u00e9ments saisis. En cas de questions, le&nbsp;<strong><a href=\"https:\/\/dealestate.ch\/fr\/deal-supports\/\" data-type=\"page\" data-id=\"30\">Deal Sup\u00adport<\/a><\/strong>&nbsp;vous renseigne.&nbsp;<\/h5>\n<\/div>\n\n\n\n<div class=\"wp-block-group dealestate-accordion has-global-padding is-layout-constrained wp-block-group-is-layout-constrained\">\n<p>Qui paie quels frais?<\/p>\n\n\n\n<div class=\"wp-block-group dealestate-accordion-content has-global-padding is-layout-constrained wp-block-group-is-layout-constrained\">\n<p>Le vendeur paie les frais d'acquisition si une offre correspondante a \u00e9t\u00e9 re\u00e7ue pour le bien immobilier<\/p>\n<\/div>\n<\/div>\n\n\n\n<div class=\"wp-block-group dealestate-accordion has-global-padding is-layout-constrained wp-block-group-is-layout-constrained\">\n<p>O\u00f9 mes donn\u00e9es sont-elles enregistr\u00e9es?<\/p>\n\n\n\n<div class=\"wp-block-group dealestate-accordion-content has-global-padding is-layout-constrained wp-block-group-is-layout-constrained\">\n<p>L\u2019h\u00e9bergement est int\u00e9gralement effectu\u00e9 en Suisse. Aucune donn\u00e9e n\u2019est enregistr\u00e9e \u00e0 l\u2019\u00e9tranger. Le centre de donn\u00e9es est certifi\u00e9 par la FINMA. Il r\u00e9pond aux exigences de s\u00e9curit\u00e9 les plus strictes actuellement connues.<\/p>\n<\/div>\n<\/div>\n\n\n\n<div class=\"wp-block-group dealestate-accordion has-global-padding is-layout-constrained wp-block-group-is-layout-constrained\">\n<p>Deal Estate \u00e9value-t-il mes donn\u00e9es?<\/p>\n\n\n\n<div class=\"wp-block-group dealestate-accordion-content has-global-padding is-layout-constrained wp-block-group-is-layout-constrained\">\n<p>Deal Estate n\u2019analyse pas lui-m\u00eame les donn\u00e9es et ne les met pas non plus \u00e0 la disposition d\u2019autres personnes ou soci\u00e9t\u00e9s.<\/p>\n<\/div>\n<\/div>\n\n\n\n<div class=\"wp-block-group dealestate-accordion has-global-padding is-layout-constrained wp-block-group-is-layout-constrained\">\n<p>Deal Estate est-elle responsable si un acheteur potentiel ne remplit pas ses obligations?<\/p>\n\n\n\n<div class=\"wp-block-group dealestate-accordion-content has-global-padding is-layout-constrained wp-block-group-is-layout-constrained\">\n<p>Non, Deal Estate n\u2019est aucunement responsable des dommages \u00e9manant d\u2019erreurs du logiciel.<\/p>\n<\/div>\n<\/div>\n\n\n\n<div class=\"wp-block-group dealestate-accordion has-global-padding is-layout-constrained wp-block-group-is-layout-constrained\">\n<p>Qui d\u00e9termine le moment de la mise en ligne d'un objet?<\/p>\n\n\n\n<div class=\"wp-block-group dealestate-accordion-content has-global-padding is-layout-constrained wp-block-group-is-layout-constrained\">\n<p>Le vendeur saisit toutes les donn\u00e9es du bien et les soumet \u00e0 Deal Estate pour une \u00e9tude de plausibilit\u00e9. C\u2019est ensuite le vendeur qui choisit quand il souhaite publier son bien.<\/p>\n<\/div>\n<\/div>\n\n\n\n<div class=\"wp-block-group dealestate-accordion has-global-padding is-layout-constrained wp-block-group-is-layout-constrained\">\n<p>Puisje utiliser Deal Estate en plus de faire appel \u00e0 un agent immobilier?<\/p>\n\n\n\n<div class=\"wp-block-group dealestate-accordion-content has-global-padding is-layout-constrained wp-block-group-is-layout-constrained\">\n<p>Oui, la plateforme \u00e9tablit toutes les conditions cl\u00e9s d\u2019un processus de vente structur\u00e9 et standardis\u00e9. Elle ne peut cependant pas donner de conseils personnalis\u00e9s ni apporter un savoir-faire sp\u00e9cifique.<\/p>\n<\/div>\n<\/div>\n\n\n\n<div class=\"wp-block-group dealestate-accordion has-global-padding is-layout-constrained wp-block-group-is-layout-constrained\">\n<p>Puisje vendre ma maison individuelle via la plateforme?<\/p>\n\n\n\n<div class=\"wp-block-group dealestate-accordion-content has-global-padding is-layout-constrained wp-block-group-is-layout-constrained\">\n<p>La plateforme est d\u00e9di\u00e9e aux biens immobiliers de placement. Elle n\u2019est pas adapt\u00e9e \u00e0 la vente de votre propre appartement ou maison individuelle, c\u2019est-\u00e0-dire de biens \u00e0 usage propre.<\/p>\n<\/div>\n<\/div>\n\n\n\n<div class=\"wp-block-group dealestate-accordion has-global-padding is-layout-constrained wp-block-group-is-layout-constrained\">\n<p>Comment puisje entrer en contact avec la partie adverse en tant qu'acheteur ou vendeur?<\/p>\n\n\n\n<div class=\"wp-block-group dealestate-accordion-content has-global-padding is-layout-constrained wp-block-group-is-layout-constrained\">\n<p>Deal Estate int\u00e8gre une fonction de \u00abchat\u00bb qui stimule et facilite la communication entre les parties.<\/p>\n<\/div>\n<\/div>\n\n\n\n<div class=\"wp-block-group dealestate-accordion has-global-padding is-layout-constrained wp-block-group-is-layout-constrained\">\n<p>Puisje mettre un objet en vente sur la plateforme sans indiquer son identit\u00e9?<\/p>\n\n\n\n<div class=\"wp-block-group dealestate-accordion-content has-global-padding is-layout-constrained wp-block-group-is-layout-constrained\">\n<p>Oui, plusieurs possibilit\u00e9s le permettent.&nbsp;<br><strong>Possibilit\u00e9 1:<\/strong>&nbsp;Dans un premier temps, seules des donn\u00e9es impr\u00e9cises sont donn\u00e9es sur le bien, par ex. \u00abB\u00e2timent de bureaux dans l\u2019agglom\u00e9ration de B\u00e2le\u00bb. L\u2019acheteur potentiel contacte le vendeur et ce dernier d\u00e9cide quand et \u00e0 qui il souhaite donner acc\u00e8s aux informations.&nbsp;<br><strong>Possibilit\u00e9 2:<\/strong>&nbsp;Si, parmi les options de vente, le vendeur s\u00e9lectionne la case \u00abNon public\u00bb, le bien est uniquement visible des personnes invit\u00e9es personnellement au processus de vente.<\/p>\n<\/div>\n<\/div>","protected":false},"excerpt":{"rendered":"<p>Das sind Fra\u00adgen, die oft ge\u00adstellt wer\u00adden. Deal Es\u00adta\u00adte ist selbst\u00ader\u00adkl\u00e4\u00adrend. Das so\u00adwohl bei der Re\u00adgis\u00adtrie\u00adrung als auch beim Auf\u00adschal\u00adten eines Ob\u00adjekts und w\u00e4h\u00adrend der Bie\u00adter\u00adver\u00adfah\u00adren. Die Platt\u00adform gibt je\u00adder\u00adzeit klare An\u00adwei\u00adsun\u00adgen und plau\u00adsi\u00adbi\u00adli\u00adsiert die Ein\u00adga\u00adben. Bei Fra\u00adgen gibt&nbsp;Deal Sup\u00adport&nbsp;Aus\u00adkunft.&nbsp; Wer be\u00adzahlt wel\u00adche Kos\u00adten? Der Verk\u00e4ufer bezahlt sofern f\u00fcr die Liegenschaft ein entsprechendes Angebot eingegangen [&hellip;]<\/p>","protected":false},"author":1,"featured_media":102,"parent":0,"menu_order":0,"comment_status":"closed","ping_status":"closed","template":"","meta":{"footnotes":""},"class_list":["post-101","page","type-page","status-publish","has-post-thumbnail","hentry"],"yoast_head":"<!-- This site is optimized with the Yoast SEO plugin v27.4 - https:\/\/yoast.com\/product\/yoast-seo-wordpress\/ -->\n<title>FAQ - DealEstate<\/title>\n<meta name=\"robots\" content=\"index, follow, max-snippet:-1, max-image-preview:large, max-video-preview:-1\" \/>\n<link rel=\"canonical\" href=\"https:\/\/dealestate.ch\/fr\/faq\/\" \/>\n<meta property=\"og:locale\" content=\"fr_FR\" \/>\n<meta property=\"og:type\" content=\"article\" \/>\n<meta property=\"og:title\" content=\"FAQ - DealEstate\" \/>\n<meta property=\"og:description\" content=\"Das sind Fra\u00adgen, die oft ge\u00adstellt wer\u00adden. Deal Es\u00adta\u00adte ist selbst\u00ader\u00adkl\u00e4\u00adrend. Das so\u00adwohl bei der Re\u00adgis\u00adtrie\u00adrung als auch beim Auf\u00adschal\u00adten eines Ob\u00adjekts und w\u00e4h\u00adrend der Bie\u00adter\u00adver\u00adfah\u00adren. Die Platt\u00adform gibt je\u00adder\u00adzeit klare An\u00adwei\u00adsun\u00adgen und plau\u00adsi\u00adbi\u00adli\u00adsiert die Ein\u00adga\u00adben. Bei Fra\u00adgen gibt&nbsp;Deal Sup\u00adport&nbsp;Aus\u00adkunft.&nbsp; Wer be\u00adzahlt wel\u00adche Kos\u00adten? Der Verk\u00e4ufer bezahlt sofern f\u00fcr die Liegenschaft ein entsprechendes Angebot eingegangen [&hellip;]\" \/>\n<meta property=\"og:url\" content=\"https:\/\/dealestate.ch\/fr\/faq\/\" \/>\n<meta property=\"og:site_name\" content=\"DealEstate\" \/>\n<meta property=\"article:modified_time\" content=\"2023-05-03T13:04:41+00:00\" \/>\n<meta property=\"og:image\" content=\"https:\/\/dealestate.ch\/wp-content\/uploads\/2023\/03\/faq.jpg\" \/>\n\t<meta property=\"og:image:width\" content=\"1628\" \/>\n\t<meta property=\"og:image:height\" content=\"404\" \/>\n\t<meta property=\"og:image:type\" content=\"image\/jpeg\" \/>\n<meta name=\"twitter:card\" content=\"summary_large_image\" \/>\n<meta name=\"twitter:label1\" content=\"Dur\u00e9e de lecture estim\u00e9e\" \/>\n\t<meta name=\"twitter:data1\" content=\"3 minutes\" \/>\n<script type=\"application\/ld+json\" class=\"yoast-schema-graph\">{\"@context\":\"https:\\\/\\\/schema.org\",\"@graph\":[{\"@type\":\"WebPage\",\"@id\":\"https:\\\/\\\/dealestate.ch\\\/en\\\/faq\\\/\",\"url\":\"https:\\\/\\\/dealestate.ch\\\/en\\\/faq\\\/\",\"name\":\"FAQ - DealEstate\",\"isPartOf\":{\"@id\":\"https:\\\/\\\/dealestate.ch\\\/#website\"},\"primaryImageOfPage\":{\"@id\":\"https:\\\/\\\/dealestate.ch\\\/en\\\/faq\\\/#primaryimage\"},\"image\":{\"@id\":\"https:\\\/\\\/dealestate.ch\\\/en\\\/faq\\\/#primaryimage\"},\"thumbnailUrl\":\"https:\\\/\\\/dealestate.ch\\\/wp-content\\\/uploads\\\/2023\\\/03\\\/faq.jpg\",\"datePublished\":\"2023-03-10T12:15:49+00:00\",\"dateModified\":\"2023-05-03T13:04:41+00:00\",\"inLanguage\":\"fr-FR\",\"potentialAction\":[{\"@type\":\"ReadAction\",\"target\":[\"https:\\\/\\\/dealestate.ch\\\/en\\\/faq\\\/\"]}]},{\"@type\":\"ImageObject\",\"inLanguage\":\"fr-FR\",\"@id\":\"https:\\\/\\\/dealestate.ch\\\/en\\\/faq\\\/#primaryimage\",\"url\":\"https:\\\/\\\/dealestate.ch\\\/wp-content\\\/uploads\\\/2023\\\/03\\\/faq.jpg\",\"contentUrl\":\"https:\\\/\\\/dealestate.ch\\\/wp-content\\\/uploads\\\/2023\\\/03\\\/faq.jpg\",\"width\":1628,\"height\":404},{\"@type\":\"WebSite\",\"@id\":\"https:\\\/\\\/dealestate.ch\\\/#website\",\"url\":\"https:\\\/\\\/dealestate.ch\\\/\",\"name\":\"DealEstate\",\"description\":\"Handeln Sie online mit Anlageliegenschaften!\",\"publisher\":{\"@id\":\"https:\\\/\\\/dealestate.ch\\\/#organization\"},\"potentialAction\":[{\"@type\":\"SearchAction\",\"target\":{\"@type\":\"EntryPoint\",\"urlTemplate\":\"https:\\\/\\\/dealestate.ch\\\/?s={search_term_string}\"},\"query-input\":{\"@type\":\"PropertyValueSpecification\",\"valueRequired\":true,\"valueName\":\"search_term_string\"}}],\"inLanguage\":\"fr-FR\"},{\"@type\":\"Organization\",\"@id\":\"https:\\\/\\\/dealestate.ch\\\/#organization\",\"name\":\"DealEstate\",\"url\":\"https:\\\/\\\/dealestate.ch\\\/\",\"logo\":{\"@type\":\"ImageObject\",\"inLanguage\":\"fr-FR\",\"@id\":\"https:\\\/\\\/dealestate.ch\\\/#\\\/schema\\\/logo\\\/image\\\/\",\"url\":\"https:\\\/\\\/dealestate.ch\\\/wp-content\\\/uploads\\\/2023\\\/02\\\/logo.svg\",\"contentUrl\":\"https:\\\/\\\/dealestate.ch\\\/wp-content\\\/uploads\\\/2023\\\/02\\\/logo.svg\",\"caption\":\"DealEstate\"},\"image\":{\"@id\":\"https:\\\/\\\/dealestate.ch\\\/#\\\/schema\\\/logo\\\/image\\\/\"}}]}<\/script>\n<!-- \/ Yoast SEO plugin. -->","yoast_head_json":{"title":"FAQ - DealEstate","robots":{"index":"index","follow":"follow","max-snippet":"max-snippet:-1","max-image-preview":"max-image-preview:large","max-video-preview":"max-video-preview:-1"},"canonical":"https:\/\/dealestate.ch\/fr\/faq\/","og_locale":"fr_FR","og_type":"article","og_title":"FAQ - DealEstate","og_description":"Das sind Fra\u00adgen, die oft ge\u00adstellt wer\u00adden. Deal Es\u00adta\u00adte ist selbst\u00ader\u00adkl\u00e4\u00adrend. Das so\u00adwohl bei der Re\u00adgis\u00adtrie\u00adrung als auch beim Auf\u00adschal\u00adten eines Ob\u00adjekts und w\u00e4h\u00adrend der Bie\u00adter\u00adver\u00adfah\u00adren. Die Platt\u00adform gibt je\u00adder\u00adzeit klare An\u00adwei\u00adsun\u00adgen und plau\u00adsi\u00adbi\u00adli\u00adsiert die Ein\u00adga\u00adben. Bei Fra\u00adgen gibt&nbsp;Deal Sup\u00adport&nbsp;Aus\u00adkunft.&nbsp; Wer be\u00adzahlt wel\u00adche Kos\u00adten? Der Verk\u00e4ufer bezahlt sofern f\u00fcr die Liegenschaft ein entsprechendes Angebot eingegangen [&hellip;]","og_url":"https:\/\/dealestate.ch\/fr\/faq\/","og_site_name":"DealEstate","article_modified_time":"2023-05-03T13:04:41+00:00","og_image":[{"width":1628,"height":404,"url":"https:\/\/dealestate.ch\/wp-content\/uploads\/2023\/03\/faq.jpg","type":"image\/jpeg"}],"twitter_card":"summary_large_image","twitter_misc":{"Dur\u00e9e de lecture estim\u00e9e":"3 minutes"},"schema":{"@context":"https:\/\/schema.org","@graph":[{"@type":"WebPage","@id":"https:\/\/dealestate.ch\/en\/faq\/","url":"https:\/\/dealestate.ch\/en\/faq\/","name":"FAQ - DealEstate","isPartOf":{"@id":"https:\/\/dealestate.ch\/#website"},"primaryImageOfPage":{"@id":"https:\/\/dealestate.ch\/en\/faq\/#primaryimage"},"image":{"@id":"https:\/\/dealestate.ch\/en\/faq\/#primaryimage"},"thumbnailUrl":"https:\/\/dealestate.ch\/wp-content\/uploads\/2023\/03\/faq.jpg","datePublished":"2023-03-10T12:15:49+00:00","dateModified":"2023-05-03T13:04:41+00:00","inLanguage":"fr-FR","potentialAction":[{"@type":"ReadAction","target":["https:\/\/dealestate.ch\/en\/faq\/"]}]},{"@type":"ImageObject","inLanguage":"fr-FR","@id":"https:\/\/dealestate.ch\/en\/faq\/#primaryimage","url":"https:\/\/dealestate.ch\/wp-content\/uploads\/2023\/03\/faq.jpg","contentUrl":"https:\/\/dealestate.ch\/wp-content\/uploads\/2023\/03\/faq.jpg","width":1628,"height":404},{"@type":"WebSite","@id":"https:\/\/dealestate.ch\/#website","url":"https:\/\/dealestate.ch\/","name":"DealEstate","description":"Handeln Sie online mit Anlageliegenschaften!","publisher":{"@id":"https:\/\/dealestate.ch\/#organization"},"potentialAction":[{"@type":"SearchAction","target":{"@type":"EntryPoint","urlTemplate":"https:\/\/dealestate.ch\/?s={search_term_string}"},"query-input":{"@type":"PropertyValueSpecification","valueRequired":true,"valueName":"search_term_string"}}],"inLanguage":"fr-FR"},{"@type":"Organization","@id":"https:\/\/dealestate.ch\/#organization","name":"DealEstate","url":"https:\/\/dealestate.ch\/","logo":{"@type":"ImageObject","inLanguage":"fr-FR","@id":"https:\/\/dealestate.ch\/#\/schema\/logo\/image\/","url":"https:\/\/dealestate.ch\/wp-content\/uploads\/2023\/02\/logo.svg","contentUrl":"https:\/\/dealestate.ch\/wp-content\/uploads\/2023\/02\/logo.svg","caption":"DealEstate"},"image":{"@id":"https:\/\/dealestate.ch\/#\/schema\/logo\/image\/"}}]}},"_links":{"self":[{"href":"https:\/\/dealestate.ch\/fr\/wp-json\/wp\/v2\/pages\/101","targetHints":{"allow":["GET"]}}],"collection":[{"href":"https:\/\/dealestate.ch\/fr\/wp-json\/wp\/v2\/pages"}],"about":[{"href":"https:\/\/dealestate.ch\/fr\/wp-json\/wp\/v2\/types\/page"}],"author":[{"embeddable":true,"href":"https:\/\/dealestate.ch\/fr\/wp-json\/wp\/v2\/users\/1"}],"replies":[{"embeddable":true,"href":"https:\/\/dealestate.ch\/fr\/wp-json\/wp\/v2\/comments?post=101"}],"version-history":[{"count":8,"href":"https:\/\/dealestate.ch\/fr\/wp-json\/wp\/v2\/pages\/101\/revisions"}],"predecessor-version":[{"id":232,"href":"https:\/\/dealestate.ch\/fr\/wp-json\/wp\/v2\/pages\/101\/revisions\/232"}],"wp:featuredmedia":[{"embeddable":true,"href":"https:\/\/dealestate.ch\/fr\/wp-json\/wp\/v2\/media\/102"}],"wp:attachment":[{"href":"https:\/\/dealestate.ch\/fr\/wp-json\/wp\/v2\/media?parent=101"}],"curies":[{"name":"wp","href":"https:\/\/api.w.org\/{rel}","templated":true}]}}