{"id":193,"date":"2023-04-11T21:57:32","date_gmt":"2023-04-11T21:57:32","guid":{"rendered":"https:\/\/dealestate.ch\/?page_id=193"},"modified":"2023-04-11T21:59:19","modified_gmt":"2023-04-11T21:59:19","slug":"vision-und-mission","status":"publish","type":"page","link":"https:\/\/dealestate.ch\/en\/vision-und-mission\/","title":{"rendered":"Vision and Mission"},"content":{"rendered":"<div class=\"wp-block-group has-global-padding is-layout-constrained wp-block-group-is-layout-constrained\">\n<h4 class=\"wp-block-heading\" style=\"padding-bottom:0\">The No. 1 in digital real estate trading<\/h4>\n\n\n\n<div style=\"height:10px\" aria-hidden=\"true\" class=\"wp-block-spacer\"><\/div>\n\n\n\n<h5 class=\"wp-block-heading\" style=\"text-transform:none\">Deal Estate is an initiative of well-known real estate entrepreneurs in Switzerland who are convinced that investment properties and commercial real estate trading will increasingly take place digitally. The advantages are obvious: efficient and trustworthy handling of transactions, massive cost savings, attractive presentation of real estate objects.<br>We use the most modern tools on our platform and are committed to investing in the security and usability of the Deal Estate application to keep it always at the top.<\/h5>\n<\/div>\n\n\n\n<p><\/p>\n\n\n\n<main class=\"wp-block-group has-global-padding is-content-justification-center is-layout-constrained wp-container-core-group-is-layout-cdbfc080 wp-block-group-is-layout-constrained\" style=\"margin-top:var(--wp--preset--spacing--30);margin-bottom:var(--wp--preset--spacing--30);padding-top:0;padding-right:0;padding-bottom:0;padding-left:0\">\n<div class=\"wp-block-columns is-layout-flex wp-container-core-columns-is-layout-87beb0d0 wp-block-columns-is-layout-flex\">\n<div class=\"wp-block-column is-layout-flow wp-block-column-is-layout-flow\" style=\"padding-top:0;padding-right:0;padding-bottom:0;padding-left:0\">\n<div class=\"wp-block-group dealestate-box has-global-padding is-layout-constrained wp-container-core-group-is-layout-23b1a4dc wp-block-group-is-layout-constrained\" style=\"padding-top:var(--wp--preset--spacing--30);padding-right:var(--wp--preset--spacing--30);padding-bottom:var(--wp--preset--spacing--30);padding-left:var(--wp--preset--spacing--30)\">\n<figure class=\"wp-block-image size-full\"><img decoding=\"async\" src=\"https:\/\/dealestate.ch\/wp-content\/uploads\/2023\/03\/5.svg\" alt=\"\" class=\"wp-image-21\"\/><\/figure>\n\n\n\n<div style=\"height:10px\" aria-hidden=\"true\" class=\"wp-block-spacer\"><\/div>\n\n\n\n<h4 class=\"wp-block-heading\" style=\"font-style:normal;font-weight:700\">Deal Estate\u2019s vision<\/h4>\n\n\n\n<div style=\"height:10px\" aria-hidden=\"true\" class=\"wp-block-spacer\"><\/div>\n\n\n\n<p>As a leading provider in the field of digital real estate transaction platforms, we create more value and sustainably shape further development and digitization - innovatively and passionately.<\/p>\n<\/div>\n<\/div>\n\n\n\n<div class=\"wp-block-column is-layout-flow wp-block-column-is-layout-flow\">\n<div class=\"wp-block-group dealestate-box has-global-padding is-layout-constrained wp-container-core-group-is-layout-23b1a4dc wp-block-group-is-layout-constrained\" style=\"padding-top:var(--wp--preset--spacing--30);padding-right:var(--wp--preset--spacing--30);padding-bottom:var(--wp--preset--spacing--30);padding-left:var(--wp--preset--spacing--30)\">\n<figure class=\"wp-block-image size-full\"><img decoding=\"async\" src=\"https:\/\/dealestate.ch\/wp-content\/uploads\/2023\/03\/6.svg\" alt=\"\" class=\"wp-image-22\"\/><\/figure>\n\n\n\n<div style=\"height:10px\" aria-hidden=\"true\" class=\"wp-block-spacer\"><\/div>\n\n\n\n<h4 class=\"wp-block-heading\" style=\"font-style:normal;font-weight:700\">Deal Estate's mission<\/h4>\n\n\n\n<div style=\"height:10px\" aria-hidden=\"true\" class=\"wp-block-spacer\"><\/div>\n\n\n\n<p>We set standards in the process-oriented handling of real estate transactions (trade) and thus create sustainable added value for our stakeholders. We continuously invest in the further development and optimization of our application.<\/p>\n<\/div>\n<\/div>\n\n\n\n<div class=\"wp-block-column hide-mobile has-large-font-size is-layout-flow wp-block-column-is-layout-flow\"><\/div>\n<\/div>\n<\/main>","protected":false},"excerpt":{"rendered":"<p>Die Nr. 1 im di\u00adgi\u00adta\u00adlen Im\u00admo\u00adbi\u00adli\u00aden\u00adhan\u00addel Deal Estate ist eine Inititative von namhaften Immobilienunternehmern in der Schweiz. Wir sind \u00fcberzeugt davon, dass der Handel von Renditeliegenschaften und Gesch\u00e4fts-Immobilien immer st\u00e4rker auch digital stattfinden wird. Die Vorteile sind offensichtlich: effiziente und vertrauensw\u00fcrdige Abwicklung der Gesch\u00e4fte, massive Kostenersparnis, attraktive Pr\u00e4sentation der Immobilien-Objekte.Wir setzen auf unserer Plattform die [&hellip;]<\/p>","protected":false},"author":1,"featured_media":36,"parent":0,"menu_order":0,"comment_status":"closed","ping_status":"closed","template":"","meta":{"footnotes":""},"class_list":["post-193","page","type-page","status-publish","has-post-thumbnail","hentry"],"yoast_head":"<!-- This site is optimized with the Yoast SEO plugin v27.3 - https:\/\/yoast.com\/product\/yoast-seo-wordpress\/ -->\n<title>Vision und Mission - DealEstate<\/title>\n<meta name=\"robots\" content=\"index, follow, max-snippet:-1, max-image-preview:large, max-video-preview:-1\" \/>\n<link rel=\"canonical\" href=\"https:\/\/dealestate.ch\/en\/vision-und-mission\/\" \/>\n<meta property=\"og:locale\" content=\"en_US\" \/>\n<meta property=\"og:type\" content=\"article\" \/>\n<meta property=\"og:title\" content=\"Vision und Mission - DealEstate\" \/>\n<meta property=\"og:description\" content=\"Die Nr. 1 im di\u00adgi\u00adta\u00adlen Im\u00admo\u00adbi\u00adli\u00aden\u00adhan\u00addel Deal Estate ist eine Inititative von namhaften Immobilienunternehmern in der Schweiz. Wir sind \u00fcberzeugt davon, dass der Handel von Renditeliegenschaften und Gesch\u00e4fts-Immobilien immer st\u00e4rker auch digital stattfinden wird. Die Vorteile sind offensichtlich: effiziente und vertrauensw\u00fcrdige Abwicklung der Gesch\u00e4fte, massive Kostenersparnis, attraktive Pr\u00e4sentation der Immobilien-Objekte.Wir setzen auf unserer Plattform die [&hellip;]\" \/>\n<meta property=\"og:url\" content=\"https:\/\/dealestate.ch\/en\/vision-und-mission\/\" \/>\n<meta property=\"og:site_name\" content=\"DealEstate\" \/>\n<meta property=\"article:modified_time\" content=\"2023-04-11T21:59:19+00:00\" \/>\n<meta property=\"og:image\" content=\"https:\/\/dealestate.ch\/wp-content\/uploads\/2023\/03\/cover-about.jpg\" \/>\n\t<meta property=\"og:image:width\" content=\"2000\" \/>\n\t<meta property=\"og:image:height\" content=\"496\" \/>\n\t<meta property=\"og:image:type\" content=\"image\/jpeg\" \/>\n<meta name=\"twitter:card\" content=\"summary_large_image\" \/>\n<meta name=\"twitter:label1\" content=\"Est. reading time\" \/>\n\t<meta name=\"twitter:data1\" content=\"1 minute\" \/>\n<script type=\"application\/ld+json\" class=\"yoast-schema-graph\">{\"@context\":\"https:\\\/\\\/schema.org\",\"@graph\":[{\"@type\":\"WebPage\",\"@id\":\"https:\\\/\\\/dealestate.ch\\\/vision-und-mission\\\/\",\"url\":\"https:\\\/\\\/dealestate.ch\\\/vision-und-mission\\\/\",\"name\":\"Vision und Mission - DealEstate\",\"isPartOf\":{\"@id\":\"https:\\\/\\\/dealestate.ch\\\/#website\"},\"primaryImageOfPage\":{\"@id\":\"https:\\\/\\\/dealestate.ch\\\/vision-und-mission\\\/#primaryimage\"},\"image\":{\"@id\":\"https:\\\/\\\/dealestate.ch\\\/vision-und-mission\\\/#primaryimage\"},\"thumbnailUrl\":\"https:\\\/\\\/dealestate.ch\\\/wp-content\\\/uploads\\\/2023\\\/03\\\/cover-about.jpg\",\"datePublished\":\"2023-04-11T21:57:32+00:00\",\"dateModified\":\"2023-04-11T21:59:19+00:00\",\"inLanguage\":\"en-US\",\"potentialAction\":[{\"@type\":\"ReadAction\",\"target\":[\"https:\\\/\\\/dealestate.ch\\\/vision-und-mission\\\/\"]}]},{\"@type\":\"ImageObject\",\"inLanguage\":\"en-US\",\"@id\":\"https:\\\/\\\/dealestate.ch\\\/vision-und-mission\\\/#primaryimage\",\"url\":\"https:\\\/\\\/dealestate.ch\\\/wp-content\\\/uploads\\\/2023\\\/03\\\/cover-about.jpg\",\"contentUrl\":\"https:\\\/\\\/dealestate.ch\\\/wp-content\\\/uploads\\\/2023\\\/03\\\/cover-about.jpg\",\"width\":2000,\"height\":496},{\"@type\":\"WebSite\",\"@id\":\"https:\\\/\\\/dealestate.ch\\\/#website\",\"url\":\"https:\\\/\\\/dealestate.ch\\\/\",\"name\":\"DealEstate\",\"description\":\"Handeln Sie online mit Anlageliegenschaften!\",\"publisher\":{\"@id\":\"https:\\\/\\\/dealestate.ch\\\/#organization\"},\"potentialAction\":[{\"@type\":\"SearchAction\",\"target\":{\"@type\":\"EntryPoint\",\"urlTemplate\":\"https:\\\/\\\/dealestate.ch\\\/?s={search_term_string}\"},\"query-input\":{\"@type\":\"PropertyValueSpecification\",\"valueRequired\":true,\"valueName\":\"search_term_string\"}}],\"inLanguage\":\"en-US\"},{\"@type\":\"Organization\",\"@id\":\"https:\\\/\\\/dealestate.ch\\\/#organization\",\"name\":\"DealEstate\",\"url\":\"https:\\\/\\\/dealestate.ch\\\/\",\"logo\":{\"@type\":\"ImageObject\",\"inLanguage\":\"en-US\",\"@id\":\"https:\\\/\\\/dealestate.ch\\\/#\\\/schema\\\/logo\\\/image\\\/\",\"url\":\"https:\\\/\\\/dealestate.ch\\\/wp-content\\\/uploads\\\/2023\\\/02\\\/logo.svg\",\"contentUrl\":\"https:\\\/\\\/dealestate.ch\\\/wp-content\\\/uploads\\\/2023\\\/02\\\/logo.svg\",\"caption\":\"DealEstate\"},\"image\":{\"@id\":\"https:\\\/\\\/dealestate.ch\\\/#\\\/schema\\\/logo\\\/image\\\/\"}}]}<\/script>\n<!-- \/ Yoast SEO plugin. -->","yoast_head_json":{"title":"Vision und Mission - DealEstate","robots":{"index":"index","follow":"follow","max-snippet":"max-snippet:-1","max-image-preview":"max-image-preview:large","max-video-preview":"max-video-preview:-1"},"canonical":"https:\/\/dealestate.ch\/en\/vision-und-mission\/","og_locale":"en_US","og_type":"article","og_title":"Vision und Mission - DealEstate","og_description":"Die Nr. 1 im di\u00adgi\u00adta\u00adlen Im\u00admo\u00adbi\u00adli\u00aden\u00adhan\u00addel Deal Estate ist eine Inititative von namhaften Immobilienunternehmern in der Schweiz. Wir sind \u00fcberzeugt davon, dass der Handel von Renditeliegenschaften und Gesch\u00e4fts-Immobilien immer st\u00e4rker auch digital stattfinden wird. Die Vorteile sind offensichtlich: effiziente und vertrauensw\u00fcrdige Abwicklung der Gesch\u00e4fte, massive Kostenersparnis, attraktive Pr\u00e4sentation der Immobilien-Objekte.Wir setzen auf unserer Plattform die [&hellip;]","og_url":"https:\/\/dealestate.ch\/en\/vision-und-mission\/","og_site_name":"DealEstate","article_modified_time":"2023-04-11T21:59:19+00:00","og_image":[{"width":2000,"height":496,"url":"https:\/\/dealestate.ch\/wp-content\/uploads\/2023\/03\/cover-about.jpg","type":"image\/jpeg"}],"twitter_card":"summary_large_image","twitter_misc":{"Est. reading time":"1 minute"},"schema":{"@context":"https:\/\/schema.org","@graph":[{"@type":"WebPage","@id":"https:\/\/dealestate.ch\/vision-und-mission\/","url":"https:\/\/dealestate.ch\/vision-und-mission\/","name":"Vision und Mission - DealEstate","isPartOf":{"@id":"https:\/\/dealestate.ch\/#website"},"primaryImageOfPage":{"@id":"https:\/\/dealestate.ch\/vision-und-mission\/#primaryimage"},"image":{"@id":"https:\/\/dealestate.ch\/vision-und-mission\/#primaryimage"},"thumbnailUrl":"https:\/\/dealestate.ch\/wp-content\/uploads\/2023\/03\/cover-about.jpg","datePublished":"2023-04-11T21:57:32+00:00","dateModified":"2023-04-11T21:59:19+00:00","inLanguage":"en-US","potentialAction":[{"@type":"ReadAction","target":["https:\/\/dealestate.ch\/vision-und-mission\/"]}]},{"@type":"ImageObject","inLanguage":"en-US","@id":"https:\/\/dealestate.ch\/vision-und-mission\/#primaryimage","url":"https:\/\/dealestate.ch\/wp-content\/uploads\/2023\/03\/cover-about.jpg","contentUrl":"https:\/\/dealestate.ch\/wp-content\/uploads\/2023\/03\/cover-about.jpg","width":2000,"height":496},{"@type":"WebSite","@id":"https:\/\/dealestate.ch\/#website","url":"https:\/\/dealestate.ch\/","name":"DealEstate","description":"Handeln Sie online mit Anlageliegenschaften!","publisher":{"@id":"https:\/\/dealestate.ch\/#organization"},"potentialAction":[{"@type":"SearchAction","target":{"@type":"EntryPoint","urlTemplate":"https:\/\/dealestate.ch\/?s={search_term_string}"},"query-input":{"@type":"PropertyValueSpecification","valueRequired":true,"valueName":"search_term_string"}}],"inLanguage":"en-US"},{"@type":"Organization","@id":"https:\/\/dealestate.ch\/#organization","name":"DealEstate","url":"https:\/\/dealestate.ch\/","logo":{"@type":"ImageObject","inLanguage":"en-US","@id":"https:\/\/dealestate.ch\/#\/schema\/logo\/image\/","url":"https:\/\/dealestate.ch\/wp-content\/uploads\/2023\/02\/logo.svg","contentUrl":"https:\/\/dealestate.ch\/wp-content\/uploads\/2023\/02\/logo.svg","caption":"DealEstate"},"image":{"@id":"https:\/\/dealestate.ch\/#\/schema\/logo\/image\/"}}]}},"_links":{"self":[{"href":"https:\/\/dealestate.ch\/en\/wp-json\/wp\/v2\/pages\/193","targetHints":{"allow":["GET"]}}],"collection":[{"href":"https:\/\/dealestate.ch\/en\/wp-json\/wp\/v2\/pages"}],"about":[{"href":"https:\/\/dealestate.ch\/en\/wp-json\/wp\/v2\/types\/page"}],"author":[{"embeddable":true,"href":"https:\/\/dealestate.ch\/en\/wp-json\/wp\/v2\/users\/1"}],"replies":[{"embeddable":true,"href":"https:\/\/dealestate.ch\/en\/wp-json\/wp\/v2\/comments?post=193"}],"version-history":[{"count":2,"href":"https:\/\/dealestate.ch\/en\/wp-json\/wp\/v2\/pages\/193\/revisions"}],"predecessor-version":[{"id":196,"href":"https:\/\/dealestate.ch\/en\/wp-json\/wp\/v2\/pages\/193\/revisions\/196"}],"wp:featuredmedia":[{"embeddable":true,"href":"https:\/\/dealestate.ch\/en\/wp-json\/wp\/v2\/media\/36"}],"wp:attachment":[{"href":"https:\/\/dealestate.ch\/en\/wp-json\/wp\/v2\/media?parent=193"}],"curies":[{"name":"wp","href":"https:\/\/api.w.org\/{rel}","templated":true}]}}